{"id":33447,"date":"2025-02-20T22:35:16","date_gmt":"2025-02-20T22:35:16","guid":{"rendered":"https:\/\/olemosaic.orbitalia.org\/producto\/funda-de-telefono-para-iphone-13-promax-tpu-salamandra-negro\/"},"modified":"2025-07-25T20:30:25","modified_gmt":"2025-07-25T18:30:25","slug":"coque-de-telephone-pour-iphone-13-pro-max-tpu-salamandre-noir","status":"publish","type":"product","link":"https:\/\/olemosaic.orbitalia.org\/fr\/produit\/coque-de-telephone-pour-iphone-13-pro-max-tpu-salamandre-noir\/","title":{"rendered":"Coque de t\u00e9l\u00e9phone pour iPhone 13 Pro Max (TPU). Salamandre. Noir"},"content":{"rendered":"<p>Coque pour iPhone 13 Pro Max avec des illustrations color\u00e9es de salamandres et de fleurs. Cette coque en TPU noir allie durabilit\u00e9 et style, offrant une protection efficace pour votre appareil. Le design vibrant se distingue par ses charmantes salamandres, repr\u00e9sent\u00e9es dans une palette de couleurs vives comprenant des tons bleus, oranges et verts, capturant l&rsquo;essence du folklore espagnol color\u00e9. Les illustrations de fleurs d\u00e9coratives ajoutent une touche joyeuse, cr\u00e9ant un contraste unique qui fait de cette coque non seulement une protection, mais aussi un accessoire qui souligne votre personnalit\u00e9.<\/p>\n<p>Cet article refl\u00e8te la riche biodiversit\u00e9 et la culture ib\u00e9rique, o\u00f9 la salamandre symbolise le renouveau et la transformation, connectant les utilisateurs aux traditions locales. Son esth\u00e9tique singuli\u00e8re en fait un souvenir id\u00e9al pour les touristes cherchant \u00e0 emporter un petit morceau d&rsquo;Espagne avec eux. Chez Ol\u00e9 Mosaic, nous sommes fiers d&rsquo;\u00eatre des distributeurs de produits authentiques et de qualit\u00e9, et cette coque de t\u00e9l\u00e9phone est une excellente option pour les boutiques de souvenirs touristiques souhaitant proposer des articles ayant une signification culturelle. Parfaite pour ceux qui cherchent \u00e0 fusionner fonctionnalit\u00e9 et art, ce souvenir repr\u00e9sente le meilleur de la culture espagnole sous sa forme la plus moderne.<\/p>\n","protected":false},"excerpt":{"rendered":"<p>Coque pour iPhone 13 Pro Max en TPU noir, orn\u00e9e d&rsquo;illustrations color\u00e9es de salamandres et de fleurs. Ce design vibrant pr\u00e9sente des salamandres dans divers tons, avec un style artistique \u00e9voquant le folklore espagnol color\u00e9. Les fleurs d\u00e9coratives ajoutent une touche joyeuse, faisant de cette coque, en plus d&rsquo;une protection, une pi\u00e8ce unique et attrayante qui souligne la richesse de la culture ib\u00e9rique. Id\u00e9ale pour ceux qui recherchent style et personnalit\u00e9 dans leurs accessoires mobiles.<\/p>\n","protected":false},"featured_media":13020,"template":"","meta":{"_acf_changed":false},"product_brand":[],"product_cat":[674],"product_tag":[530],"class_list":{"0":"post-33447","1":"product","2":"type-product","3":"status-publish","4":"has-post-thumbnail","6":"product_cat-etuis-pour-telephones-portables","7":"product_tag-animaux","8":"pa_motivo-salamandres","10":"first","11":"instock","12":"shipping-taxable","13":"product-type-simple"},"acf":[],"_links":{"self":[{"href":"https:\/\/olemosaic.orbitalia.org\/fr\/wp-json\/wp\/v2\/product\/33447","targetHints":{"allow":["GET"]}}],"collection":[{"href":"https:\/\/olemosaic.orbitalia.org\/fr\/wp-json\/wp\/v2\/product"}],"about":[{"href":"https:\/\/olemosaic.orbitalia.org\/fr\/wp-json\/wp\/v2\/types\/product"}],"wp:featuredmedia":[{"embeddable":true,"href":"https:\/\/olemosaic.orbitalia.org\/fr\/wp-json\/wp\/v2\/media\/13020"}],"wp:attachment":[{"href":"https:\/\/olemosaic.orbitalia.org\/fr\/wp-json\/wp\/v2\/media?parent=33447"}],"wp:term":[{"taxonomy":"product_brand","embeddable":true,"href":"https:\/\/olemosaic.orbitalia.org\/fr\/wp-json\/wp\/v2\/product_brand?post=33447"},{"taxonomy":"product_cat","embeddable":true,"href":"https:\/\/olemosaic.orbitalia.org\/fr\/wp-json\/wp\/v2\/product_cat?post=33447"},{"taxonomy":"product_tag","embeddable":true,"href":"https:\/\/olemosaic.orbitalia.org\/fr\/wp-json\/wp\/v2\/product_tag?post=33447"}],"curies":[{"name":"wp","href":"https:\/\/api.w.org\/{rel}","templated":true}]}}