{"id":33406,"date":"2025-02-20T22:35:15","date_gmt":"2025-02-20T22:35:15","guid":{"rendered":"https:\/\/olemosaic.orbitalia.org\/producto\/funda-de-telefono-para-iphone-13-pro-tpu-gato-barcelona-negro\/"},"modified":"2025-07-25T19:41:16","modified_gmt":"2025-07-25T17:41:16","slug":"coque-de-telephone-pour-iphone-13-pro-tpu-chat-barcelone-noir","status":"publish","type":"product","link":"https:\/\/olemosaic.orbitalia.org\/fr\/produit\/coque-de-telephone-pour-iphone-13-pro-tpu-chat-barcelone-noir\/","title":{"rendered":"Coque de t\u00e9l\u00e9phone pour iPhone 13 Pro (TPU). Chat. Barcelone. Noir"},"content":{"rendered":"<p>Coque pour iPhone 13 Pro avec le design du c\u00e9l\u00e8bre chat de Barcelone. Cette coque attrayante, fabriqu\u00e9e en TPU, se distingue par sa mosa\u00efque vibrante et color\u00e9e repr\u00e9sentant un chat dans des tons bleus, verts, rouges et jaunes, entour\u00e9 de papillons en plein vol qui ajoutent du dynamisme au design. Le fond noir ne fait pas seulement ressortir les couleurs vives du chat, mais apporte \u00e9galement une touche \u00e9l\u00e9gante et contemporaine \u00e0 l&rsquo;accessoire, en faisant une v\u00e9ritable d\u00e9claration de style. Le mot \u00ab\u00a0Barcelona\u00a0\u00bb est \u00e9crit avec une typographie d\u00e9licate, reliant la pi\u00e8ce \u00e0 la riche culture de la ville.<\/p>\n<p>L&rsquo;image du chat, inspir\u00e9e de l&rsquo;\u0153uvre c\u00e9l\u00e8bre de l&rsquo;artiste Antoni Gaud\u00ed, symbolise la cr\u00e9ativit\u00e9 et la joie qui caract\u00e9risent Barcelone, offrant une mani\u00e8re unique de porter un souvenir de la ville au quotidien. Ce souvenir est id\u00e9al pour les touristes qui recherchent plus qu&rsquo;un simple objet ; c&rsquo;est un hommage \u00e0 la magie de la capitale catalane. De plus, son design con\u00e7u pour l&rsquo;iPhone 13 Pro garantit la protection de l&rsquo;appareil sans sacrifier l&rsquo;esth\u00e9tique.<\/p>\n<p>Chez Ol\u00e9 Mosaic, nous sommes experts dans la distribution de souvenirs en gros, offrant des produits authentiques et repr\u00e9sentatifs des villes les plus embl\u00e9matiques. Cette coque n&rsquo;est pas seulement fonctionnelle, c&rsquo;est aussi une mani\u00e8re charmante de c\u00e9l\u00e9brer l&rsquo;art et la culture de Barcelone, parfaite pour les boutiques de cadeaux touristiques \u00e0 la recherche d&rsquo;articles de qualit\u00e9 et au design attrayant.<\/p>\n","protected":false},"excerpt":{"rendered":"<p>Coque de t\u00e9l\u00e9phone pour iPhone 13 Pro en TPU avec un design vibrant du c\u00e9l\u00e8bre chat de Barcelone. Cet accessoire se distingue par sa mosa\u00efque color\u00e9e, repr\u00e9sentant un chat dans des tons bleu, vert, rouge et jaune, entour\u00e9 de papillons en plein vol. Le fond noir fait ressortir les couleurs \u00e9clatantes du design, tandis que le mot \u00ab\u00a0Barcelona\u00a0\u00bb est \u00e9crit avec une typographie \u00e9l\u00e9gante. Id\u00e9al pour ceux qui recherchent protection et une touche artistique pour leur appareil.<\/p>\n","protected":false},"featured_media":12327,"template":"","meta":{"_acf_changed":false},"product_brand":[],"product_cat":[674],"product_tag":[530],"class_list":{"0":"post-33406","1":"product","2":"type-product","3":"status-publish","4":"has-post-thumbnail","6":"product_cat-etuis-pour-telephones-portables","7":"product_tag-animaux","8":"pa_ciudad-barcelona","9":"pa_motivo-chats","10":"pa_pais-espana","12":"first","13":"instock","14":"shipping-taxable","15":"product-type-simple"},"acf":[],"_links":{"self":[{"href":"https:\/\/olemosaic.orbitalia.org\/fr\/wp-json\/wp\/v2\/product\/33406","targetHints":{"allow":["GET"]}}],"collection":[{"href":"https:\/\/olemosaic.orbitalia.org\/fr\/wp-json\/wp\/v2\/product"}],"about":[{"href":"https:\/\/olemosaic.orbitalia.org\/fr\/wp-json\/wp\/v2\/types\/product"}],"wp:featuredmedia":[{"embeddable":true,"href":"https:\/\/olemosaic.orbitalia.org\/fr\/wp-json\/wp\/v2\/media\/12327"}],"wp:attachment":[{"href":"https:\/\/olemosaic.orbitalia.org\/fr\/wp-json\/wp\/v2\/media?parent=33406"}],"wp:term":[{"taxonomy":"product_brand","embeddable":true,"href":"https:\/\/olemosaic.orbitalia.org\/fr\/wp-json\/wp\/v2\/product_brand?post=33406"},{"taxonomy":"product_cat","embeddable":true,"href":"https:\/\/olemosaic.orbitalia.org\/fr\/wp-json\/wp\/v2\/product_cat?post=33406"},{"taxonomy":"product_tag","embeddable":true,"href":"https:\/\/olemosaic.orbitalia.org\/fr\/wp-json\/wp\/v2\/product_tag?post=33406"}],"curies":[{"name":"wp","href":"https:\/\/api.w.org\/{rel}","templated":true}]}}