{"id":33405,"date":"2025-02-20T22:35:15","date_gmt":"2025-02-20T22:35:15","guid":{"rendered":"https:\/\/olemosaic.orbitalia.org\/producto\/funda-de-telefono-para-iphone-13-pro-tpu-mosaico-blanco\/"},"modified":"2025-07-25T19:05:13","modified_gmt":"2025-07-25T17:05:13","slug":"coque-de-telephone-pour-iphone-13-pro-tpu-mosaique-blanc","status":"publish","type":"product","link":"https:\/\/olemosaic.orbitalia.org\/fr\/produit\/coque-de-telephone-pour-iphone-13-pro-tpu-mosaique-blanc\/","title":{"rendered":"Coque de t\u00e9l\u00e9phone pour iPhone 13 Pro (TPU). Mosa\u00efque. Blanc"},"content":{"rendered":"<p>Coque de t\u00e9l\u00e9phone pour iPhone 13 Pro avec un design de mosa\u00efque. Cette coque exquise, fabriqu\u00e9e en TPU, se distingue par son motif vibrant qui rend hommage aux carreaux traditionnels espagnols, un \u00e9l\u00e9ment iconique du patrimoine culturel de l&rsquo;Espagne. La combinaison color\u00e9e de bleus, rouges, oranges et blancs attire le regard et refl\u00e8te un style authentique, avec des motifs g\u00e9om\u00e9triques et floraux qui \u00e9voquent l&rsquo;art et la tradition. La robustesse du mat\u00e9riau TPU assure non seulement une protection parfaite contre les chocs et les chutes, mais apporte \u00e9galement une sensation agr\u00e9able au toucher, offrant une prise en main s\u00fbre.<\/p>\n<p>Chaque d\u00e9tail de la coque a \u00e9t\u00e9 soigneusement con\u00e7u pour souligner l&rsquo;artisanat derri\u00e8re l&rsquo;art de la mosa\u00efque, particuli\u00e8rement repr\u00e9sentatif dans des villes comme S\u00e9ville et Grenade, o\u00f9 les carreaux ornent les b\u00e2timents et les places. Ce produit, qui allie fonctionnalit\u00e9 et esth\u00e9tique, est un excellent souvenir pour ceux qui cherchent \u00e0 ramener un petit morceau d&rsquo;Espagne chez eux. Chez Ol\u00e9 Mosaic, nous nous engageons dans la distribution de souvenirs de haute qualit\u00e9 en gros, et cette coque est un exemple exceptionnel de la fa\u00e7on dont les souvenirs peuvent \u00eatre \u00e0 la fois pratiques et artistiques. Elle est parfaite pour les boutiques de cadeaux touristiques souhaitant offrir \u00e0 leurs clients un article unique et significatif qui c\u00e9l\u00e8bre la culture espagnole.<\/p>\n","protected":false},"excerpt":{"rendered":"<p>Coque pour iPhone 13 Pro fabriqu\u00e9e en TPU, d\u00e9cor\u00e9e d&rsquo;un design vibrant de mosa\u00efque. Cette coque pr\u00e9sente une combinaison color\u00e9e de bleus, rouges, oranges et blancs, \u00e9voquant le style distinctif des carreaux traditionnels espagnols. Ses motifs g\u00e9om\u00e9triques et floraux apportent une touche artistique et culturelle, id\u00e9ale pour ceux qui cherchent \u00e0 prot\u00e9ger leur appareil avec \u00e9l\u00e9gance et originalit\u00e9, tout en c\u00e9l\u00e9brant le patrimoine visuel de l&rsquo;Espagne.<\/p>\n","protected":false},"featured_media":13017,"template":"","meta":{"_acf_changed":false},"product_brand":[],"product_cat":[674],"product_tag":[],"class_list":{"0":"post-33405","1":"product","2":"type-product","3":"status-publish","4":"has-post-thumbnail","6":"product_cat-etuis-pour-telephones-portables","7":"pa_motivo-mosaique","9":"first","10":"instock","11":"shipping-taxable","12":"product-type-simple"},"acf":[],"_links":{"self":[{"href":"https:\/\/olemosaic.orbitalia.org\/fr\/wp-json\/wp\/v2\/product\/33405","targetHints":{"allow":["GET"]}}],"collection":[{"href":"https:\/\/olemosaic.orbitalia.org\/fr\/wp-json\/wp\/v2\/product"}],"about":[{"href":"https:\/\/olemosaic.orbitalia.org\/fr\/wp-json\/wp\/v2\/types\/product"}],"wp:featuredmedia":[{"embeddable":true,"href":"https:\/\/olemosaic.orbitalia.org\/fr\/wp-json\/wp\/v2\/media\/13017"}],"wp:attachment":[{"href":"https:\/\/olemosaic.orbitalia.org\/fr\/wp-json\/wp\/v2\/media?parent=33405"}],"wp:term":[{"taxonomy":"product_brand","embeddable":true,"href":"https:\/\/olemosaic.orbitalia.org\/fr\/wp-json\/wp\/v2\/product_brand?post=33405"},{"taxonomy":"product_cat","embeddable":true,"href":"https:\/\/olemosaic.orbitalia.org\/fr\/wp-json\/wp\/v2\/product_cat?post=33405"},{"taxonomy":"product_tag","embeddable":true,"href":"https:\/\/olemosaic.orbitalia.org\/fr\/wp-json\/wp\/v2\/product_tag?post=33405"}],"curies":[{"name":"wp","href":"https:\/\/api.w.org\/{rel}","templated":true}]}}