{"id":33403,"date":"2025-02-20T22:35:14","date_gmt":"2025-02-20T22:35:14","guid":{"rendered":"https:\/\/olemosaic.orbitalia.org\/producto\/funda-de-telefono-para-iphone-13-pro-tpu-mosaico-azul\/"},"modified":"2025-07-25T20:18:48","modified_gmt":"2025-07-25T18:18:48","slug":"coque-de-telephone-pour-iphone-13-pro-tpu-mosaique-bleu","status":"publish","type":"product","link":"https:\/\/olemosaic.orbitalia.org\/fr\/produit\/coque-de-telephone-pour-iphone-13-pro-tpu-mosaique-bleu\/","title":{"rendered":"Coque de t\u00e9l\u00e9phone pour iPhone 13 Pro (TPU). Mosa\u00efque. Bleu"},"content":{"rendered":"<p>Coque pour iPhone 13 Pro avec un design de mosa\u00efque dans les tons bleus, un choix parfait pour ceux qui cherchent \u00e0 combiner protection et style. Fabriqu\u00e9e en TPU, un mat\u00e9riau connu pour sa haute r\u00e9sistance et son ajustement parfait, cette coque garantit la s\u00e9curit\u00e9 de votre appareil contre les chocs et les chutes. L&rsquo;attrait visuel de cette coque se distingue par son design de mosa\u00efque, inspir\u00e9 de la c\u00e9l\u00e8bre c\u00e9ramique andalouse, symbole du riche h\u00e9ritage culturel de l&rsquo;Espagne.<\/p>\n<p>Le motif complexe et dynamique qui orne la coque rappelle l&rsquo;architecture embl\u00e9matique de la r\u00e9gion, \u00e9voquant des images des magnifiques carreaux qui ornent les palais et les patios de villes comme S\u00e9ville et Grenade. Le contraste entre le bleu profond et les subtiles nuances blanches apporte un air \u00e9l\u00e9gant et distinctif, transformant votre t\u00e9l\u00e9phone en une v\u00e9ritable \u0153uvre d&rsquo;art.<\/p>\n<p>Cette coque n&rsquo;offre pas seulement de la fonctionnalit\u00e9, elle est aussi un hommage \u00e0 la tradition artisanale espagnole, devenant un excellent souvenir pour les touristes souhaitant emporter avec eux un morceau de la culture andalouse. Chez Ol\u00e9 Mosaic, nous distribuons en gros cette coque en mosa\u00efque et d&rsquo;autres produits authentiques, id\u00e9aux pour les boutiques de cadeaux touristiques cherchant \u00e0 proposer des articles uniques et repr\u00e9sentatifs de la tradition espagnole. Avec cette coque, vos clients choisiront un accessoire qui c\u00e9l\u00e8bre la beaut\u00e9 du folklore espagnol tout en prot\u00e9geant leur appareil avec style.<\/p>\n","protected":false},"excerpt":{"rendered":"<p>Coque pour iPhone 13 Pro fabriqu\u00e9e en TPU, avec un \u00e9l\u00e9gant design de mosa\u00efque dans les tons bleus. Cet accessoire se distingue par sa r\u00e9sistance et son ajustement parfait, en plus de son attrait visuel qui \u00e9voque la c\u00e9l\u00e8bre c\u00e9ramique andalouse. Le motif de mosa\u00efque, simulant les dessins complexes typiques de l&rsquo;architecture espagnole, ajoute une touche artistique et distinctive, id\u00e9ale pour ceux qui cherchent \u00e0 prot\u00e9ger leur appareil avec style.<\/p>\n","protected":false},"featured_media":12324,"template":"","meta":{"_acf_changed":false},"product_brand":[],"product_cat":[674],"product_tag":[],"class_list":{"0":"post-33403","1":"product","2":"type-product","3":"status-publish","4":"has-post-thumbnail","6":"product_cat-etuis-pour-telephones-portables","7":"pa_motivo-mosaique","9":"first","10":"instock","11":"shipping-taxable","12":"product-type-simple"},"acf":[],"_links":{"self":[{"href":"https:\/\/olemosaic.orbitalia.org\/fr\/wp-json\/wp\/v2\/product\/33403","targetHints":{"allow":["GET"]}}],"collection":[{"href":"https:\/\/olemosaic.orbitalia.org\/fr\/wp-json\/wp\/v2\/product"}],"about":[{"href":"https:\/\/olemosaic.orbitalia.org\/fr\/wp-json\/wp\/v2\/types\/product"}],"wp:featuredmedia":[{"embeddable":true,"href":"https:\/\/olemosaic.orbitalia.org\/fr\/wp-json\/wp\/v2\/media\/12324"}],"wp:attachment":[{"href":"https:\/\/olemosaic.orbitalia.org\/fr\/wp-json\/wp\/v2\/media?parent=33403"}],"wp:term":[{"taxonomy":"product_brand","embeddable":true,"href":"https:\/\/olemosaic.orbitalia.org\/fr\/wp-json\/wp\/v2\/product_brand?post=33403"},{"taxonomy":"product_cat","embeddable":true,"href":"https:\/\/olemosaic.orbitalia.org\/fr\/wp-json\/wp\/v2\/product_cat?post=33403"},{"taxonomy":"product_tag","embeddable":true,"href":"https:\/\/olemosaic.orbitalia.org\/fr\/wp-json\/wp\/v2\/product_tag?post=33403"}],"curies":[{"name":"wp","href":"https:\/\/api.w.org\/{rel}","templated":true}]}}