{"id":33402,"date":"2025-02-20T22:35:14","date_gmt":"2025-02-20T22:35:14","guid":{"rendered":"https:\/\/olemosaic.orbitalia.org\/producto\/funda-de-telefono-para-iphone-13-pro-tpu-gato-barcelona-blanco\/"},"modified":"2025-07-25T20:17:06","modified_gmt":"2025-07-25T18:17:06","slug":"coque-de-telephone-pour-iphone-13-pro-tpu-chat-barcelone-blanc","status":"publish","type":"product","link":"https:\/\/olemosaic.orbitalia.org\/fr\/produit\/coque-de-telephone-pour-iphone-13-pro-tpu-chat-barcelone-blanc\/","title":{"rendered":"Coque de t\u00e9l\u00e9phone pour iPhone 13 Pro (TPU). Chat. Barcelone. Blanc"},"content":{"rendered":"<p>Coque pour iPhone 13 Pro avec un design de chat en mosa\u00efque de Barcelone. Cette coque attrayante, fabriqu\u00e9e en TPU, garantit une protection durable et de haute qualit\u00e9 pour votre appareil. Le design vibrant pr\u00e9sente un chat rappelant les \u0153uvres color\u00e9es du c\u00e9l\u00e8bre architecte Antoni Gaud\u00ed, \u00e9mulant le style caract\u00e9ristique de la mosa\u00efque qui orne de nombreuses fa\u00e7ades et espaces publics de la ville. Sur le fond blanc, un motif \u00e9voquant les carreaux traditionnels de Barcelone se m\u00eale \u00e0 des papillons aux couleurs joyeuses, cr\u00e9ant une composition qui respire la joie et l&rsquo;art.<\/p>\n<p>Cet accessoire ne prot\u00e8ge pas seulement votre t\u00e9l\u00e9phone, mais constitue \u00e9galement un hommage \u00e0 la riche culture de Barcelone, devenant un souvenir id\u00e9al pour les touristes et les amoureux de la ville. L&rsquo;inclusion du mot \u00ab\u00a0Barcelona\u00a0\u00bb, dans une typographie \u00e9l\u00e9gante, ajoute une touche distinctive et un rappel constant de cette m\u00e9tropole vibrante. Chez Ol\u00e9 Mosaic, nous distribuons des produits authentiques qui capturent l&rsquo;essence culturelle de chaque r\u00e9gion. Cette coque est une excellente option pour les boutiques de cadeaux touristiques qui cherchent \u00e0 proposer des souvenirs uniques et fonctionnels, soulignant le lien entre l&rsquo;art et la vie quotidienne \u00e0 Barcelone.<\/p>\n","protected":false},"excerpt":{"rendered":"<p>Coque pour iPhone 13 Pro en TPU, avec un design de chat vibrant inspir\u00e9 du c\u00e9l\u00e8bre style mosa\u00efque de Barcelone. Ce design color\u00e9, incluant des papillons aux tons joyeux, se d\u00e9tache sur un fond blanc avec un motif \u00e9voquant les carreaux de la ville. Id\u00e9al pour ceux qui recherchent un accessoire fusionnant protection et art, capturant l&rsquo;essence culturelle de Barcelone.<\/p>\n","protected":false},"featured_media":12311,"template":"","meta":{"_acf_changed":false},"product_brand":[],"product_cat":[674],"product_tag":[530],"class_list":{"0":"post-33402","1":"product","2":"type-product","3":"status-publish","4":"has-post-thumbnail","6":"product_cat-etuis-pour-telephones-portables","7":"product_tag-animaux","8":"pa_ciudad-barcelona","9":"pa_motivo-chats","10":"pa_pais-espana","12":"first","13":"instock","14":"shipping-taxable","15":"product-type-simple"},"acf":[],"_links":{"self":[{"href":"https:\/\/olemosaic.orbitalia.org\/fr\/wp-json\/wp\/v2\/product\/33402","targetHints":{"allow":["GET"]}}],"collection":[{"href":"https:\/\/olemosaic.orbitalia.org\/fr\/wp-json\/wp\/v2\/product"}],"about":[{"href":"https:\/\/olemosaic.orbitalia.org\/fr\/wp-json\/wp\/v2\/types\/product"}],"wp:featuredmedia":[{"embeddable":true,"href":"https:\/\/olemosaic.orbitalia.org\/fr\/wp-json\/wp\/v2\/media\/12311"}],"wp:attachment":[{"href":"https:\/\/olemosaic.orbitalia.org\/fr\/wp-json\/wp\/v2\/media?parent=33402"}],"wp:term":[{"taxonomy":"product_brand","embeddable":true,"href":"https:\/\/olemosaic.orbitalia.org\/fr\/wp-json\/wp\/v2\/product_brand?post=33402"},{"taxonomy":"product_cat","embeddable":true,"href":"https:\/\/olemosaic.orbitalia.org\/fr\/wp-json\/wp\/v2\/product_cat?post=33402"},{"taxonomy":"product_tag","embeddable":true,"href":"https:\/\/olemosaic.orbitalia.org\/fr\/wp-json\/wp\/v2\/product_tag?post=33402"}],"curies":[{"name":"wp","href":"https:\/\/api.w.org\/{rel}","templated":true}]}}