{"id":33401,"date":"2025-02-20T22:35:14","date_gmt":"2025-02-20T22:35:14","guid":{"rendered":"https:\/\/olemosaic.orbitalia.org\/producto\/funda-de-telefono-para-iphone-13-pro-tpu-abstracto-negro\/"},"modified":"2025-07-25T18:54:11","modified_gmt":"2025-07-25T16:54:11","slug":"coque-de-telephone-pour-iphone-13-pro-tpu-abstrait-noir","status":"publish","type":"product","link":"https:\/\/olemosaic.orbitalia.org\/fr\/produit\/coque-de-telephone-pour-iphone-13-pro-tpu-abstrait-noir\/","title":{"rendered":"Coque de t\u00e9l\u00e9phone pour iPhone 13 Pro (TPU). Abstrait. Noir"},"content":{"rendered":"<p>Coque pour iPhone 13 Pro avec design abstrait aux tons vibrants<\/p>\n<p>D\u00e9couvrez notre coque exclusive pour iPhone 13 Pro, une combinaison parfaite de style et de protection. Cette coque en TPU se distingue par son design abstrait percutant : une explosion de couleurs avec des nuages dans les tons bleu, orange et fuchsia sur un fond noir, qui apporte un air moderne et artistique \u00e0 votre appareil, le rendant unique. La qualit\u00e9 de son mat\u00e9riau TPU garantit durabilit\u00e9 et flexibilit\u00e9, en plus d&rsquo;un ajustement parfait qui s&rsquo;adapte aux lignes \u00e9l\u00e9gantes de l&rsquo;iPhone 13 Pro. Sa finition douce offre une prise en main confortable, assurant que le t\u00e9l\u00e9phone reste en s\u00e9curit\u00e9 dans vos mains. Ce produit n&rsquo;est pas seulement un accessoire fonctionnel, mais aussi un souvenir attrayant repr\u00e9sentatif de l&rsquo;avant-garde du design contemporain.<\/p>\n<p>Id\u00e9al pour les touristes et les visiteurs \u00e0 la recherche de souvenirs authentiques et utiles, cette coque devient un souvenir pratique de leurs aventures, permettant d&#8217;emporter un morceau d&rsquo;art contemporain partout. Chez Ol\u00e9 Mosaic, leader dans la distribution de coques en gros, nous proposons ce compl\u00e9ment exceptionnel qui non seulement prot\u00e8ge, mais rehausse \u00e9galement la beaut\u00e9 du design moderne, en faisant un choix parfait pour les boutiques de cadeaux touristiques \u00e0 la recherche de produits originaux et de qualit\u00e9.<\/p>\n","protected":false},"excerpt":{"rendered":"<p>Coque de t\u00e9l\u00e9phone pour iPhone 13 Pro en TPU avec un design abstrait dans les tons noirs et vibrants. Id\u00e9ale pour prot\u00e9ger votre appareil, cette coque pr\u00e9sente une explosion color\u00e9e de nuages dans les tons bleu, orange et fuchsia, qui lui donne une touche artistique et moderne. Son mat\u00e9riau en TPU garantit durabilit\u00e9 et flexibilit\u00e9, tandis que sa finition douce offre une prise en main confortable et un ajustement parfait. Donnez un air unique \u00e0 votre t\u00e9l\u00e9phone et gardez-le en s\u00e9curit\u00e9.<\/p>\n","protected":false},"featured_media":12328,"template":"","meta":{"_acf_changed":false},"product_brand":[],"product_cat":[674],"product_tag":[],"class_list":{"0":"post-33401","1":"product","2":"type-product","3":"status-publish","4":"has-post-thumbnail","6":"product_cat-etuis-pour-telephones-portables","7":"pa_motivo-resume","9":"first","10":"instock","11":"shipping-taxable","12":"product-type-simple"},"acf":[],"_links":{"self":[{"href":"https:\/\/olemosaic.orbitalia.org\/fr\/wp-json\/wp\/v2\/product\/33401","targetHints":{"allow":["GET"]}}],"collection":[{"href":"https:\/\/olemosaic.orbitalia.org\/fr\/wp-json\/wp\/v2\/product"}],"about":[{"href":"https:\/\/olemosaic.orbitalia.org\/fr\/wp-json\/wp\/v2\/types\/product"}],"wp:featuredmedia":[{"embeddable":true,"href":"https:\/\/olemosaic.orbitalia.org\/fr\/wp-json\/wp\/v2\/media\/12328"}],"wp:attachment":[{"href":"https:\/\/olemosaic.orbitalia.org\/fr\/wp-json\/wp\/v2\/media?parent=33401"}],"wp:term":[{"taxonomy":"product_brand","embeddable":true,"href":"https:\/\/olemosaic.orbitalia.org\/fr\/wp-json\/wp\/v2\/product_brand?post=33401"},{"taxonomy":"product_cat","embeddable":true,"href":"https:\/\/olemosaic.orbitalia.org\/fr\/wp-json\/wp\/v2\/product_cat?post=33401"},{"taxonomy":"product_tag","embeddable":true,"href":"https:\/\/olemosaic.orbitalia.org\/fr\/wp-json\/wp\/v2\/product_tag?post=33401"}],"curies":[{"name":"wp","href":"https:\/\/api.w.org\/{rel}","templated":true}]}}