{"id":33399,"date":"2025-02-20T22:35:14","date_gmt":"2025-02-20T22:35:14","guid":{"rendered":"https:\/\/olemosaic.orbitalia.org\/producto\/funda-de-telefono-para-iphone-13-tpu-sagrada-familia-barcelona-azul\/"},"modified":"2025-07-25T19:00:31","modified_gmt":"2025-07-25T17:00:31","slug":"coque-de-telephone-pour-iphone-13-tpu-sagrada-familia-barcelone-bleu","status":"publish","type":"product","link":"https:\/\/olemosaic.orbitalia.org\/fr\/produit\/coque-de-telephone-pour-iphone-13-tpu-sagrada-familia-barcelone-bleu\/","title":{"rendered":"Coque de t\u00e9l\u00e9phone pour iPhone 13 (TPU). Sagrada Familia. Barcelone. Bleu"},"content":{"rendered":"<p>Coque pour iPhone 13 d\u00e9cor\u00e9e d&rsquo;une illustration vibrante de la Sagrada Familia de Barcelone. Cet accessoire allie style et protection, fabriqu\u00e9 en TPU de haute qualit\u00e9 qui assure un ajustement parfait et une protection efficace contre les chocs et les rayures. La coque capture l&rsquo;essence de l&#8217;embl\u00e9matique Sagrada Familia, mettant en valeur ses tours majestueuses et ses \u00e9l\u00e9ments architecturaux \u00e9labor\u00e9s, le tout repr\u00e9sent\u00e9 dans une palette de couleurs vives comprenant des bleus, des rouges et des oranges, avec un ciel d\u00e9gag\u00e9 en arri\u00e8re-plan qui fait ressortir chaque d\u00e9tail. Le mot \u00ab\u00a0Barcelone\u00a0\u00bb est pr\u00e9sent\u00e9 dans une typographie \u00e9l\u00e9gante, ajoutant une touche moderne et distinctive au design.<\/p>\n<p>La Sagrada Familia, con\u00e7ue par le c\u00e9l\u00e8bre architecte Antoni Gaud\u00ed, est un symbole non seulement de Barcelone, mais de toute la culture catalane, et ce souvenir transforme votre appareil en un hommage \u00e0 l&rsquo;un des monuments les plus embl\u00e9matiques du monde. Id\u00e9al pour les touristes et les amateurs d&rsquo;art \u00e0 la recherche d&rsquo;un souvenir authentique de leur voyage. Chez Ol\u00e9 Mosaic, en tant que distributeur de souvenirs en gros, nous proposons cette coque comme une excellente option pour les boutiques de cadeaux touristiques souhaitant offrir des produits authentiques et de qualit\u00e9 qui c\u00e9l\u00e8brent le riche patrimoine culturel de l&rsquo;Espagne et sa monumentalit\u00e9.<\/p>\n","protected":false},"excerpt":{"rendered":"<p>Coque pour iPhone 13 fabriqu\u00e9e en TPU, d\u00e9cor\u00e9e d&rsquo;une illustration vibrante de la Sagrada Familia de Barcelone. La coque montre une sc\u00e8ne d\u00e9taill\u00e9e du temple embl\u00e9matique, mettant en valeur ses tours et ses \u00e9l\u00e9ments architecturaux dans les tons bleu, rouge et orange, sur un fond de ciel d\u00e9gag\u00e9. Le design inclut le mot \u00ab\u00a0Barcelone\u00a0\u00bb dans une typographie \u00e9l\u00e9gante, capturant l&rsquo;essence culturelle de la ville et offrant une protection stylis\u00e9e pour votre appareil.<\/p>\n","protected":false},"featured_media":12287,"template":"","meta":{"_acf_changed":false},"product_brand":[],"product_cat":[674],"product_tag":[],"class_list":{"0":"post-33399","1":"product","2":"type-product","3":"status-publish","4":"has-post-thumbnail","6":"product_cat-etuis-pour-telephones-portables","7":"pa_ciudad-barcelona","8":"pa_motivo-sagrada-familia","9":"pa_pais-espana","11":"first","12":"instock","13":"shipping-taxable","14":"product-type-simple"},"acf":[],"_links":{"self":[{"href":"https:\/\/olemosaic.orbitalia.org\/fr\/wp-json\/wp\/v2\/product\/33399","targetHints":{"allow":["GET"]}}],"collection":[{"href":"https:\/\/olemosaic.orbitalia.org\/fr\/wp-json\/wp\/v2\/product"}],"about":[{"href":"https:\/\/olemosaic.orbitalia.org\/fr\/wp-json\/wp\/v2\/types\/product"}],"wp:featuredmedia":[{"embeddable":true,"href":"https:\/\/olemosaic.orbitalia.org\/fr\/wp-json\/wp\/v2\/media\/12287"}],"wp:attachment":[{"href":"https:\/\/olemosaic.orbitalia.org\/fr\/wp-json\/wp\/v2\/media?parent=33399"}],"wp:term":[{"taxonomy":"product_brand","embeddable":true,"href":"https:\/\/olemosaic.orbitalia.org\/fr\/wp-json\/wp\/v2\/product_brand?post=33399"},{"taxonomy":"product_cat","embeddable":true,"href":"https:\/\/olemosaic.orbitalia.org\/fr\/wp-json\/wp\/v2\/product_cat?post=33399"},{"taxonomy":"product_tag","embeddable":true,"href":"https:\/\/olemosaic.orbitalia.org\/fr\/wp-json\/wp\/v2\/product_tag?post=33399"}],"curies":[{"name":"wp","href":"https:\/\/api.w.org\/{rel}","templated":true}]}}