{"id":33398,"date":"2025-02-20T22:35:14","date_gmt":"2025-02-20T22:35:14","guid":{"rendered":"https:\/\/olemosaic.orbitalia.org\/producto\/funda-de-telefono-para-iphone-13-tpu-mariposa-barcelona-blanco\/"},"modified":"2025-07-25T20:34:40","modified_gmt":"2025-07-25T18:34:40","slug":"coque-de-telephone-pour-iphone-13-tpu-papillon-barcelone-blanc","status":"publish","type":"product","link":"https:\/\/olemosaic.orbitalia.org\/fr\/produit\/coque-de-telephone-pour-iphone-13-tpu-papillon-barcelone-blanc\/","title":{"rendered":"Coque de t\u00e9l\u00e9phone pour iPhone 13 (TPU). Papillon. Barcelone. Blanc"},"content":{"rendered":"<p>Coque pour iPhone 13 d\u00e9cor\u00e9e d&rsquo;un design vibrant de papillons \u00e9voquant l&rsquo;essence de Barcelone. Fabriqu\u00e9e en TPU, cette coque allie fonctionnalit\u00e9 et style, offrant une protection durable pour votre appareil. Sur un fond blanc lumineux, des papillons se d\u00e9ploient dans une explosion de couleurs, avec des nuances d&rsquo;orange, de bleu et de rose, cr\u00e9ant un effet visuel dynamique et attrayant. La partie inf\u00e9rieure de la coque pr\u00e9sente une mosa\u00efque qui rend hommage au c\u00e9l\u00e8bre h\u00e9ritage artistique de la ville, un clin d&rsquo;\u0153il aux \u0153uvres de Gaud\u00ed qui ornent les rues de Barcelone. Le mot \u00ab\u00a0Barcelone\u00a0\u00bb, \u00e9l\u00e9gamment \u00e9crit, ajoute une touche distinctive qui souligne le caract\u00e8re local du produit.<\/p>\n<p>Ce souvenir est parfait pour ceux qui cherchent non seulement \u00e0 prot\u00e9ger leur t\u00e9l\u00e9phone, mais aussi \u00e0 emporter avec eux un morceau de la vie tr\u00e9pidante de Barcelone. La fusion de l&rsquo;art et de la nature dans ce design capture la beaut\u00e9 de l&rsquo;environnement urbain de la ville, en faisant un souvenir significatif pour les touristes. Chez Ol\u00e9 Mosaic, notre sp\u00e9cialit\u00e9 est d&rsquo;offrir des souvenirs authentiques et de qualit\u00e9. Cette coque papillons est un choix exceptionnel pour les boutiques de cadeaux touristiques qui recherchent des produits repr\u00e9sentant la riche culture et l&rsquo;esth\u00e9tique de Barcelone. Avec notre offre de coques en gros, nous garantissons vari\u00e9t\u00e9 et authenticit\u00e9 pour chaque produit.<\/p>\n","protected":false},"excerpt":{"rendered":"<p>Coque pour iPhone 13 en TPU, d\u00e9cor\u00e9e d&rsquo;un design vibrant de papillons sur un fond blanc \u00e9voquant l&rsquo;essence de Barcelone. Ce produit se distingue par ses couleurs, avec des papillons dans les tons orange, bleu et rose, compl\u00e9t\u00e9s par une mosa\u00efque en bas qui souligne l&rsquo;h\u00e9ritage artistique de la ville. Le mot \u00ab\u00a0Barcelone\u00a0\u00bb appara\u00eet dans une typographie \u00e9l\u00e9gante, apportant une touche distinctive et attrayante. Id\u00e9al pour prot\u00e9ger votre appareil tout en l&rsquo;ornant d&rsquo;un symbole de beaut\u00e9 naturelle.<\/p>\n","protected":false},"featured_media":12279,"template":"","meta":{"_acf_changed":false},"product_brand":[],"product_cat":[674],"product_tag":[530],"class_list":{"0":"post-33398","1":"product","2":"type-product","3":"status-publish","4":"has-post-thumbnail","6":"product_cat-etuis-pour-telephones-portables","7":"product_tag-animaux","8":"pa_ciudad-barcelona","9":"pa_motivo-papillons","10":"pa_pais-espana","12":"first","13":"instock","14":"shipping-taxable","15":"product-type-simple"},"acf":[],"_links":{"self":[{"href":"https:\/\/olemosaic.orbitalia.org\/fr\/wp-json\/wp\/v2\/product\/33398","targetHints":{"allow":["GET"]}}],"collection":[{"href":"https:\/\/olemosaic.orbitalia.org\/fr\/wp-json\/wp\/v2\/product"}],"about":[{"href":"https:\/\/olemosaic.orbitalia.org\/fr\/wp-json\/wp\/v2\/types\/product"}],"wp:featuredmedia":[{"embeddable":true,"href":"https:\/\/olemosaic.orbitalia.org\/fr\/wp-json\/wp\/v2\/media\/12279"}],"wp:attachment":[{"href":"https:\/\/olemosaic.orbitalia.org\/fr\/wp-json\/wp\/v2\/media?parent=33398"}],"wp:term":[{"taxonomy":"product_brand","embeddable":true,"href":"https:\/\/olemosaic.orbitalia.org\/fr\/wp-json\/wp\/v2\/product_brand?post=33398"},{"taxonomy":"product_cat","embeddable":true,"href":"https:\/\/olemosaic.orbitalia.org\/fr\/wp-json\/wp\/v2\/product_cat?post=33398"},{"taxonomy":"product_tag","embeddable":true,"href":"https:\/\/olemosaic.orbitalia.org\/fr\/wp-json\/wp\/v2\/product_tag?post=33398"}],"curies":[{"name":"wp","href":"https:\/\/api.w.org\/{rel}","templated":true}]}}