{"id":33385,"date":"2025-02-20T22:35:13","date_gmt":"2025-02-20T22:35:13","guid":{"rendered":"https:\/\/olemosaic.orbitalia.org\/producto\/funda-de-telefono-para-iphone-13-tpu-panoramica-barcelona-azul\/"},"modified":"2025-07-25T22:41:00","modified_gmt":"2025-07-25T20:41:00","slug":"coque-de-telephone-pour-iphone-13-tpu-panoramique-barcelone-bleu","status":"publish","type":"product","link":"https:\/\/olemosaic.orbitalia.org\/fr\/produit\/coque-de-telephone-pour-iphone-13-tpu-panoramique-barcelone-bleu\/","title":{"rendered":"Coque de t\u00e9l\u00e9phone pour iPhone 13 (TPU). Panoramique. Barcelone. Bleu"},"content":{"rendered":"<p>Coque de t\u00e9l\u00e9phone pour iPhone 13 avec une vue panoramique vibrante de Barcelone. Cette coque, confectionn\u00e9e en TPU, combine parfaitement style et fonctionnalit\u00e9, capturant l&rsquo;essence de la majestueuse Sagrada Familia dans une illustration color\u00e9e qui vous transporte au c\u0153ur de la cit\u00e9 comtale. L&rsquo;image pr\u00e9sente des tons vibrants d&rsquo;orange et de jaune qui soulignent l&rsquo;architecture impressionnante de Gaud\u00ed, entour\u00e9e de palmiers \u00e9voquant le climat m\u00e9diterran\u00e9en. Sous un fond bleu brillant, le soleil dor\u00e9 et les oiseaux en vol ajoutent une touche de joie et de dynamisme, en faisant une pi\u00e8ce unique pour ceux qui souhaitent emporter un morceau de Barcelone avec eux. Ce souvenir n&rsquo;offre pas seulement une excellente protection pour votre appareil, mais repr\u00e9sente \u00e9galement le riche h\u00e9ritage culturel de la r\u00e9gion, mettant en avant la Sagrada Familia comme l&rsquo;un des ic\u00f4nes les plus reconnaissables d&rsquo;Espagne. Chez Ol\u00e9 Mosaic, nous nous sp\u00e9cialisons dans la distribution de souvenirs en gros, et cette coque est un choix id\u00e9al pour les boutiques de cadeaux touristiques \u00e0 la recherche de produits authentiques et repr\u00e9sentatifs de Barcelone. Cet accessoire est un souvenir parfait, fonctionnel et plein de caract\u00e8re, qui fera de chaque utilisation une c\u00e9l\u00e9bration de l&rsquo;art et de la culture catalane.<\/p>\n","protected":false},"excerpt":{"rendered":"<p>Coque de t\u00e9l\u00e9phone pour iPhone 13 en TPU avec une vue panoramique vibrante de Barcelone. Cette coque pr\u00e9sente une illustration color\u00e9e de la majestueuse Sagrada Familia entour\u00e9e de palmiers et d&rsquo;\u00e9l\u00e9ments embl\u00e9matiques de la ville, le tout sur un fond bleu brillant. Accentu\u00e9e par le soleil dor\u00e9 et des oiseaux en vol, la coque ne prot\u00e8ge pas seulement votre appareil, mais c\u00e9l\u00e8bre \u00e9galement l&rsquo;essence de Barcelone avec style et une touche artistique. Id\u00e9ale pour ceux qui souhaitent emporter un morceau de cette ville embl\u00e9matique avec eux.<\/p>\n","protected":false},"featured_media":12288,"template":"","meta":{"_acf_changed":false},"product_brand":[],"product_cat":[674],"product_tag":[],"class_list":{"0":"post-33385","1":"product","2":"type-product","3":"status-publish","4":"has-post-thumbnail","6":"product_cat-etuis-pour-telephones-portables","7":"pa_ciudad-barcelona","8":"pa_motivo-panoramas","9":"pa_pais-espana","11":"first","12":"instock","13":"shipping-taxable","14":"product-type-simple"},"acf":[],"_links":{"self":[{"href":"https:\/\/olemosaic.orbitalia.org\/fr\/wp-json\/wp\/v2\/product\/33385","targetHints":{"allow":["GET"]}}],"collection":[{"href":"https:\/\/olemosaic.orbitalia.org\/fr\/wp-json\/wp\/v2\/product"}],"about":[{"href":"https:\/\/olemosaic.orbitalia.org\/fr\/wp-json\/wp\/v2\/types\/product"}],"wp:featuredmedia":[{"embeddable":true,"href":"https:\/\/olemosaic.orbitalia.org\/fr\/wp-json\/wp\/v2\/media\/12288"}],"wp:attachment":[{"href":"https:\/\/olemosaic.orbitalia.org\/fr\/wp-json\/wp\/v2\/media?parent=33385"}],"wp:term":[{"taxonomy":"product_brand","embeddable":true,"href":"https:\/\/olemosaic.orbitalia.org\/fr\/wp-json\/wp\/v2\/product_brand?post=33385"},{"taxonomy":"product_cat","embeddable":true,"href":"https:\/\/olemosaic.orbitalia.org\/fr\/wp-json\/wp\/v2\/product_cat?post=33385"},{"taxonomy":"product_tag","embeddable":true,"href":"https:\/\/olemosaic.orbitalia.org\/fr\/wp-json\/wp\/v2\/product_tag?post=33385"}],"curies":[{"name":"wp","href":"https:\/\/api.w.org\/{rel}","templated":true}]}}