{"id":33384,"date":"2025-02-20T22:35:13","date_gmt":"2025-02-20T22:35:13","guid":{"rendered":"https:\/\/olemosaic.orbitalia.org\/producto\/funda-de-telefono-para-iphone-13-tpu-motivos-marinos-azul\/"},"modified":"2025-07-25T20:25:42","modified_gmt":"2025-07-25T18:25:42","slug":"coque-de-telephone-pour-iphone-13-tpu-motifs-marins-bleu","status":"publish","type":"product","link":"https:\/\/olemosaic.orbitalia.org\/fr\/produit\/coque-de-telephone-pour-iphone-13-tpu-motifs-marins-bleu\/","title":{"rendered":"Coque de t\u00e9l\u00e9phone pour iPhone 13 (TPU). Motifs marins. Bleu"},"content":{"rendered":"<p>Coque pour iPhone 13 avec des motifs marins charmants. Cette coque, \u00e9labor\u00e9e en TPU, se distingue par son design vibrant dans une magnifique gamme de tons bleus, qui capture l&rsquo;essence d&rsquo;un monde sous-marin plein de vie. Dans l&rsquo;illustration, on observe un ballet aquatique de dauphins jouant joyeusement, des tortues nageant avec gr\u00e2ce et des hippocampes color\u00e9s, le tout situ\u00e9 dans un environnement oc\u00e9anique dynamique. Les \u00e9l\u00e9ments d\u00e9coratifs sont repr\u00e9sent\u00e9s sous forme de mosa\u00efque, ce qui apporte non seulement une touche artistique, mais rend \u00e9galement hommage \u00e0 la tradition de l&rsquo;art de la mosa\u00efque, profond\u00e9ment ancr\u00e9e dans les cultures m\u00e9diterran\u00e9ennes.<\/p>\n<p>Cette coque est parfaite pour ceux qui aiment la mer et souhaitent prot\u00e9ger leur iPhone 13 avec style. En plus de sa fonctionnalit\u00e9, cet accessoire devient un souvenir authentique qui \u00e9voque la beaut\u00e9 de la nature marine, id\u00e9al pour les touristes \u00e0 la recherche de souvenirs repr\u00e9sentatifs de leurs voyages. La connexion culturelle de ce design avec le littoral m\u00e9diterran\u00e9en souligne sa valeur et sa signification en tant que souvenir. Chez Ol\u00e9 Mosaic, nous garantissons des produits de haute qualit\u00e9 et d&rsquo;authenticit\u00e9, offrant aux boutiques de cadeaux touristiques une excellente option pour ceux qui recherchent des articles alliant art, protection et charme. Cette coque est, sans aucun doute, un ajout singulier \u00e0 toute collection de souvenirs marins.<\/p>\n","protected":false},"excerpt":{"rendered":"<p>Coque pour iPhone 13 fabriqu\u00e9e en TPU avec des motifs marins charmants. Elle pr\u00e9sente un design vibrant dans les tons bleus montrant une vie sous-marine color\u00e9e, avec des dauphins, des tortues et des hippocampes dans un environnement oc\u00e9anique. Les \u00e9l\u00e9ments d\u00e9coratifs sont repr\u00e9sent\u00e9s sous forme de mosa\u00efque, apportant une touche artistique. Id\u00e9ale pour les amoureux de la mer, cette coque allie protection et style, refl\u00e9tant la beaut\u00e9 de la nature marine.<\/p>\n","protected":false},"featured_media":12285,"template":"","meta":{"_acf_changed":false},"product_brand":[],"product_cat":[674],"product_tag":[530],"class_list":{"0":"post-33384","1":"product","2":"type-product","3":"status-publish","4":"has-post-thumbnail","6":"product_cat-etuis-pour-telephones-portables","7":"product_tag-animaux","8":"pa_motivo-animaux-marins","10":"first","11":"instock","12":"shipping-taxable","13":"product-type-simple"},"acf":[],"_links":{"self":[{"href":"https:\/\/olemosaic.orbitalia.org\/fr\/wp-json\/wp\/v2\/product\/33384","targetHints":{"allow":["GET"]}}],"collection":[{"href":"https:\/\/olemosaic.orbitalia.org\/fr\/wp-json\/wp\/v2\/product"}],"about":[{"href":"https:\/\/olemosaic.orbitalia.org\/fr\/wp-json\/wp\/v2\/types\/product"}],"wp:featuredmedia":[{"embeddable":true,"href":"https:\/\/olemosaic.orbitalia.org\/fr\/wp-json\/wp\/v2\/media\/12285"}],"wp:attachment":[{"href":"https:\/\/olemosaic.orbitalia.org\/fr\/wp-json\/wp\/v2\/media?parent=33384"}],"wp:term":[{"taxonomy":"product_brand","embeddable":true,"href":"https:\/\/olemosaic.orbitalia.org\/fr\/wp-json\/wp\/v2\/product_brand?post=33384"},{"taxonomy":"product_cat","embeddable":true,"href":"https:\/\/olemosaic.orbitalia.org\/fr\/wp-json\/wp\/v2\/product_cat?post=33384"},{"taxonomy":"product_tag","embeddable":true,"href":"https:\/\/olemosaic.orbitalia.org\/fr\/wp-json\/wp\/v2\/product_tag?post=33384"}],"curies":[{"name":"wp","href":"https:\/\/api.w.org\/{rel}","templated":true}]}}