{"id":33383,"date":"2025-02-20T22:35:13","date_gmt":"2025-02-20T22:35:13","guid":{"rendered":"https:\/\/olemosaic.orbitalia.org\/producto\/funda-de-telefono-para-iphone-13-tpu-salamandra-barcelona-blanco\/"},"modified":"2025-07-25T19:58:42","modified_gmt":"2025-07-25T17:58:42","slug":"coque-de-telephone-pour-iphone-13-tpu-salamandre-barcelone-blanc","status":"publish","type":"product","link":"https:\/\/olemosaic.orbitalia.org\/fr\/produit\/coque-de-telephone-pour-iphone-13-tpu-salamandre-barcelone-blanc\/","title":{"rendered":"Coque de t\u00e9l\u00e9phone pour iPhone 13 (TPU). Salamandre. Barcelone. Blanc"},"content":{"rendered":"<p>Coque pour iPhone 13 avec un design de salamandres et de fleurs, inspir\u00e9e de la c\u00e9ramique de Barcelone. Cette coque, fabriqu\u00e9e en TPU de haute qualit\u00e9, pr\u00e9sente un design color\u00e9 et vibrant qui rend hommage \u00e0 la riche tradition artistique de la ville. Sur un \u00e9l\u00e9gant fond blanc, les couleurs vives des salamandres \u2014 dans des tons bleus, verts et rouges \u2014 s&rsquo;entrelacent avec de d\u00e9licates fleurs multicolores, cr\u00e9ant un contraste frappant qui ne passe pas inaper\u00e7u. Le design est compl\u00e9t\u00e9 par un fond simulant la c\u00e9l\u00e8bre mosa\u00efque de Barcelone, \u00e9voquant l&rsquo;\u0153uvre d&rsquo;artistes comme Antoni Gaud\u00ed, c\u00e9l\u00e8bre pour son utilisation de la couleur et de la forme dans ses cr\u00e9ations.<\/p>\n<p>Le texte \u00ab\u00a0Barcelona\u00a0\u00bb est imprim\u00e9 dans un d\u00e9grad\u00e9 vibrant attrayant, ajoutant une touche moderne et unique \u00e0 l&rsquo;accessoire. Cette coque ne prot\u00e8ge pas seulement l&rsquo;appareil, mais agit \u00e9galement comme un v\u00e9ritable souvenir de Barcelone, id\u00e9al pour les touristes qui souhaitent emporter un morceau de la ville avec eux. En tant que distributeurs de souvenirs en gros, chez Ol\u00e9 Mosaic, nous proposons cette coque de mani\u00e8re exclusive, ce qui en fait une excellente option pour les boutiques de cadeaux touristiques \u00e0 la recherche de produits authentiques et repr\u00e9sentatifs. Offrez \u00e0 vos clients l&rsquo;opportunit\u00e9 de se souvenir de leur visite \u00e0 Barcelone chaque fois qu&rsquo;ils utilisent leur t\u00e9l\u00e9phone avec cette jolie coque d\u00e9corative, un souvenir qui allie design, tradition culturelle et fonctionnalit\u00e9.<\/p>\n","protected":false},"excerpt":{"rendered":"<p>Coque pour iPhone 13 fabriqu\u00e9e en TPU, d\u00e9cor\u00e9e d&rsquo;un design color\u00e9 de salamandres et de fleurs, inspir\u00e9 de la c\u00e9ramique barcelonaise. La base blanche rehausse les couleurs vives des motifs, qui incluent des salamandres dans les tons bleus, verts et rouges, ainsi que des fleurs multicolores, le tout sur un fond simulant la mosa\u00efque caract\u00e9ristique de la ville. Le mot \u00ab Barcelona \u00bb est imprim\u00e9 dans un d\u00e9grad\u00e9 vibrant, apportant une touche unique et attrayante \u00e0 l&rsquo;accessoire.<\/p>\n","protected":false},"featured_media":12277,"template":"","meta":{"_acf_changed":false},"product_brand":[],"product_cat":[674],"product_tag":[530],"class_list":{"0":"post-33383","1":"product","2":"type-product","3":"status-publish","4":"has-post-thumbnail","6":"product_cat-etuis-pour-telephones-portables","7":"product_tag-animaux","8":"pa_ciudad-barcelona","9":"pa_motivo-salamandres","10":"pa_pais-espana","12":"first","13":"instock","14":"shipping-taxable","15":"product-type-simple"},"acf":[],"_links":{"self":[{"href":"https:\/\/olemosaic.orbitalia.org\/fr\/wp-json\/wp\/v2\/product\/33383","targetHints":{"allow":["GET"]}}],"collection":[{"href":"https:\/\/olemosaic.orbitalia.org\/fr\/wp-json\/wp\/v2\/product"}],"about":[{"href":"https:\/\/olemosaic.orbitalia.org\/fr\/wp-json\/wp\/v2\/types\/product"}],"wp:featuredmedia":[{"embeddable":true,"href":"https:\/\/olemosaic.orbitalia.org\/fr\/wp-json\/wp\/v2\/media\/12277"}],"wp:attachment":[{"href":"https:\/\/olemosaic.orbitalia.org\/fr\/wp-json\/wp\/v2\/media?parent=33383"}],"wp:term":[{"taxonomy":"product_brand","embeddable":true,"href":"https:\/\/olemosaic.orbitalia.org\/fr\/wp-json\/wp\/v2\/product_brand?post=33383"},{"taxonomy":"product_cat","embeddable":true,"href":"https:\/\/olemosaic.orbitalia.org\/fr\/wp-json\/wp\/v2\/product_cat?post=33383"},{"taxonomy":"product_tag","embeddable":true,"href":"https:\/\/olemosaic.orbitalia.org\/fr\/wp-json\/wp\/v2\/product_tag?post=33383"}],"curies":[{"name":"wp","href":"https:\/\/api.w.org\/{rel}","templated":true}]}}