{"id":33374,"date":"2025-02-20T22:35:12","date_gmt":"2025-02-20T22:35:12","guid":{"rendered":"https:\/\/olemosaic.orbitalia.org\/producto\/funda-de-telefono-para-iphone-12-promax-tpu-panoramica-barcelona-azul\/"},"modified":"2025-07-25T19:19:22","modified_gmt":"2025-07-25T17:19:22","slug":"coque-de-telephone-pour-iphone-12-promax-tpu-panoramique-barcelone-bleu","status":"publish","type":"product","link":"https:\/\/olemosaic.orbitalia.org\/fr\/produit\/coque-de-telephone-pour-iphone-12-promax-tpu-panoramique-barcelone-bleu\/","title":{"rendered":"Coque de t\u00e9l\u00e9phone pour iPhone 12 Pro Max (TPU). Panoramique. Barcelone. Bleu"},"content":{"rendered":"<p>Coque pour iPhone 12 Pro Max avec une vue panoramique vibrante de Barcelone, parfaite pour ceux qui souhaitent emporter un petit morceau de la cit\u00e9 comtale partout avec eux. Cette coque, con\u00e7ue en TPU de haute qualit\u00e9, garantit la protection de l&rsquo;appareil tandis que son design attrayant et color\u00e9 met en valeur l&rsquo;iconique Sagrada Familia dans toute sa splendeur, entour\u00e9e d&rsquo;\u00e9l\u00e9ments m\u00e9diterran\u00e9ens qui \u00e9voquent l&rsquo;essence de Barcelone. Les tons orang\u00e9s chauds de la c\u00e9l\u00e8bre basilique contrastent avec un ciel bleu radieux, rehaussant la vitalit\u00e9 et l&rsquo;esprit festif de la ville.<\/p>\n<p>Le soleil brillant et les mouettes en vol apportent une touche ludique, transformant cet accessoire non seulement en une coque, mais en un v\u00e9ritable souvenir de Barcelone qui capture la beaut\u00e9 et la culture de la r\u00e9gion. Le texte \u00ab\u00a0Barcelona\u00a0\u00bb, pr\u00e9sent\u00e9 de mani\u00e8re frappante, se d\u00e9marque et donne du caract\u00e8re \u00e0 la pi\u00e8ce, en faisant un cadeau parfait pour les touristes et les amoureux de cette ville fascinante. Chez Ol\u00e9 Mosaic, nous sommes sp\u00e9cialistes de la distribution de souvenirs de haute qualit\u00e9, et cette coque de t\u00e9l\u00e9phone repr\u00e9sente une excellente option pour les boutiques de cadeaux touristiques cherchant \u00e0 proposer des produits authentiques et charg\u00e9s de sens culturel. Avec notre offre de coques de t\u00e9l\u00e9phone en gros, nous garantissons l&rsquo;authenticit\u00e9, un design attrayant et une pertinence culturelle dans chaque produit.<\/p>\n","protected":false},"excerpt":{"rendered":"<p>Coque pour iPhone 12 Pro Max fabriqu\u00e9e en TPU, pr\u00e9sentant une vue panoramique color\u00e9e de Barcelone. Le design inclut l&#8217;embl\u00e9matique Sagrada Familia, accompagn\u00e9e d&rsquo;\u00e9l\u00e9ments m\u00e9diterran\u00e9ens et d&rsquo;un ciel bleu attrayant. Cette coque se distingue par son style vibrant et d\u00e9contract\u00e9, avec un soleil brillant et des mouettes en vol, id\u00e9ale pour les amoureux de la ville. Le texte \u00ab\u00a0Barcelona\u00a0\u00bb s&rsquo;affiche de mani\u00e8re frappante, apportant une touche distinctive et joyeuse.<\/p>\n","protected":false},"featured_media":12268,"template":"","meta":{"_acf_changed":false},"product_brand":[],"product_cat":[674],"product_tag":[],"class_list":{"0":"post-33374","1":"product","2":"type-product","3":"status-publish","4":"has-post-thumbnail","6":"product_cat-etuis-pour-telephones-portables","7":"pa_ciudad-barcelona","8":"pa_motivo-panoramas","9":"pa_pais-espana","11":"first","12":"instock","13":"shipping-taxable","14":"product-type-simple"},"acf":[],"_links":{"self":[{"href":"https:\/\/olemosaic.orbitalia.org\/fr\/wp-json\/wp\/v2\/product\/33374","targetHints":{"allow":["GET"]}}],"collection":[{"href":"https:\/\/olemosaic.orbitalia.org\/fr\/wp-json\/wp\/v2\/product"}],"about":[{"href":"https:\/\/olemosaic.orbitalia.org\/fr\/wp-json\/wp\/v2\/types\/product"}],"wp:featuredmedia":[{"embeddable":true,"href":"https:\/\/olemosaic.orbitalia.org\/fr\/wp-json\/wp\/v2\/media\/12268"}],"wp:attachment":[{"href":"https:\/\/olemosaic.orbitalia.org\/fr\/wp-json\/wp\/v2\/media?parent=33374"}],"wp:term":[{"taxonomy":"product_brand","embeddable":true,"href":"https:\/\/olemosaic.orbitalia.org\/fr\/wp-json\/wp\/v2\/product_brand?post=33374"},{"taxonomy":"product_cat","embeddable":true,"href":"https:\/\/olemosaic.orbitalia.org\/fr\/wp-json\/wp\/v2\/product_cat?post=33374"},{"taxonomy":"product_tag","embeddable":true,"href":"https:\/\/olemosaic.orbitalia.org\/fr\/wp-json\/wp\/v2\/product_tag?post=33374"}],"curies":[{"name":"wp","href":"https:\/\/api.w.org\/{rel}","templated":true}]}}