{"id":33363,"date":"2025-02-20T22:35:11","date_gmt":"2025-02-20T22:35:11","guid":{"rendered":"https:\/\/olemosaic.orbitalia.org\/producto\/funda-de-telefono-para-iphone-12-promax-tpu-forjas-azul\/"},"modified":"2025-07-25T20:02:52","modified_gmt":"2025-07-25T18:02:52","slug":"coque-de-telephone-pour-iphone-12-promax-tpu-forges-bleu","status":"publish","type":"product","link":"https:\/\/olemosaic.orbitalia.org\/fr\/produit\/coque-de-telephone-pour-iphone-12-promax-tpu-forges-bleu\/","title":{"rendered":"Coque de t\u00e9l\u00e9phone pour iPhone 12 Pro Max (TPU). Forges. Bleu"},"content":{"rendered":"<p>Coque pour iPhone 12 Pro Max avec un design \u00e9l\u00e9gant de forge en couleur bleue. Fabriqu\u00e9e en TPU, cette coque est la combinaison parfaite de fonctionnalit\u00e9 et de beaut\u00e9 artistique, con\u00e7ue pour ceux qui cherchent \u00e0 prot\u00e9ger leur appareil sans renoncer au style. Sa surface douce et flexible offre une protection efficace contre les chocs et les rayures, garantissant que votre smartphone reste impeccable. Le motif sophistiqu\u00e9 d&rsquo;arabesques en lignes blanches \u00e9voque la riche tradition architecturale de l&rsquo;Espagne, rappelant les motifs complexes de forge qui embellissent de nombreuses villes historiques, particuli\u00e8rement en Andalousie. Ce d\u00e9tail ne rehausse pas seulement l&rsquo;esth\u00e9tique du produit, mais en fait \u00e9galement un authentique souvenir culturel qui refl\u00e8te la beaut\u00e9 et le d\u00e9tail de l&rsquo;art espagnol. La coque est id\u00e9ale pour les touristes et les visiteurs souhaitant emporter avec eux un morceau du riche h\u00e9ritage culturel espagnol, ce qui en fait un souvenir parfait. Chez Ol\u00e9 Mosaic, nous nous sp\u00e9cialisons dans la distribution de souvenirs en gros, et cette coque de t\u00e9l\u00e9phone est une option id\u00e9ale pour les boutiques de cadeaux touristiques \u00e0 la recherche de produits authentiques et uniques.<\/p>\n","protected":false},"excerpt":{"rendered":"<p>Coque pour iPhone 12 Pro Max fabriqu\u00e9e en TPU, avec un design \u00e9l\u00e9gant en bleu simulant la forge. La coque pr\u00e9sente un motif sophistiqu\u00e9 d&rsquo;arabesques en lignes blanches, \u00e9voquant la riche tradition architecturale espagnole. Sa finition douce et flexible prot\u00e8ge contre les chocs et les rayures, tout en conservant un style moderne et artistique. Id\u00e9ale pour ceux qui recherchent un accessoire fonctionnel refl\u00e9tant la beaut\u00e9 culturelle et le d\u00e9tail artisanal.<\/p>\n","protected":false},"featured_media":12270,"template":"","meta":{"_acf_changed":false},"product_brand":[],"product_cat":[674],"product_tag":[],"class_list":{"0":"post-33363","1":"product","2":"type-product","3":"status-publish","4":"has-post-thumbnail","6":"product_cat-etuis-pour-telephones-portables","7":"pa_motivo-forges","9":"first","10":"instock","11":"shipping-taxable","12":"product-type-simple"},"acf":[],"_links":{"self":[{"href":"https:\/\/olemosaic.orbitalia.org\/fr\/wp-json\/wp\/v2\/product\/33363","targetHints":{"allow":["GET"]}}],"collection":[{"href":"https:\/\/olemosaic.orbitalia.org\/fr\/wp-json\/wp\/v2\/product"}],"about":[{"href":"https:\/\/olemosaic.orbitalia.org\/fr\/wp-json\/wp\/v2\/types\/product"}],"wp:featuredmedia":[{"embeddable":true,"href":"https:\/\/olemosaic.orbitalia.org\/fr\/wp-json\/wp\/v2\/media\/12270"}],"wp:attachment":[{"href":"https:\/\/olemosaic.orbitalia.org\/fr\/wp-json\/wp\/v2\/media?parent=33363"}],"wp:term":[{"taxonomy":"product_brand","embeddable":true,"href":"https:\/\/olemosaic.orbitalia.org\/fr\/wp-json\/wp\/v2\/product_brand?post=33363"},{"taxonomy":"product_cat","embeddable":true,"href":"https:\/\/olemosaic.orbitalia.org\/fr\/wp-json\/wp\/v2\/product_cat?post=33363"},{"taxonomy":"product_tag","embeddable":true,"href":"https:\/\/olemosaic.orbitalia.org\/fr\/wp-json\/wp\/v2\/product_tag?post=33363"}],"curies":[{"name":"wp","href":"https:\/\/api.w.org\/{rel}","templated":true}]}}