{"id":33362,"date":"2025-02-20T22:35:11","date_gmt":"2025-02-20T22:35:11","guid":{"rendered":"https:\/\/olemosaic.orbitalia.org\/producto\/funda-de-telefono-para-iphone-12-promax-tpu-salamandra-barcelona-negro\/"},"modified":"2025-07-25T20:29:23","modified_gmt":"2025-07-25T18:29:23","slug":"coque-de-telephone-pour-iphone-12-promax-tpu-salamandre-barcelone-noir","status":"publish","type":"product","link":"https:\/\/olemosaic.orbitalia.org\/fr\/produit\/coque-de-telephone-pour-iphone-12-promax-tpu-salamandre-barcelone-noir\/","title":{"rendered":"Coque de t\u00e9l\u00e9phone pour iPhone 12 Pro Max (TPU). Salamandre. Barcelone. Noir"},"content":{"rendered":"<p>Coque pour iPhone 12 Pro Max avec illustrations de salamandres et de fleurs, inspir\u00e9e par la culture vibrante de Barcelone. Cet accessoire, \u00e9labor\u00e9 en TPU de haute qualit\u00e9, combine fonctionnalit\u00e9 et esth\u00e9tique. Les salamandres color\u00e9es, d\u00e9cor\u00e9es dans un style artistique avec un d\u00e9ploiement de tons brillants, sont dispos\u00e9es de mani\u00e8re dynamique sur un \u00e9l\u00e9gant fond noir, cr\u00e9ant un contraste visuel percutant. Entre les salamandres, de petites fleurs rouges et bleues ajoutent une touche fra\u00eeche et joyeuse \u00e0 la pi\u00e8ce, transformant cette coque non seulement en une protection pour votre appareil, mais en une \u0153uvre d&rsquo;art portable.<\/p>\n<p>Le mot \u00ab\u00a0Barcelona\u00a0\u00bb est \u00e9l\u00e9gamment imprim\u00e9 dans un style moderne qui compl\u00e8te l&rsquo;illustration g\u00e9n\u00e9rale, symbolisant la fusion de la tradition et de la modernit\u00e9 qui d\u00e9finit cette ville embl\u00e9matique. Ce souvenir ne souligne pas seulement la riche biodiversit\u00e9 de la r\u00e9gion, repr\u00e9sent\u00e9e par les salamandres, mais capture \u00e9galement l&rsquo;essence ludique de la culture catalane, devenant un cadeau parfait pour les touristes \u00e0 la recherche de souvenirs authentiques et repr\u00e9sentatifs.<\/p>\n<p>Chez Ol\u00e9 Mosaic, nous sommes fiers de proposer des accessoires uniques en gros, id\u00e9aux pour les boutiques de cadeaux touristiques qui souhaitent pr\u00e9senter des produits alliant qualit\u00e9 et originalit\u00e9. Cette coque est la solution parfaite pour ceux qui cherchent \u00e0 exprimer leur amour pour Barcelone \u00e0 travers un style authentique et pratique.<\/p>\n","protected":false},"excerpt":{"rendered":"<p>Coque de t\u00e9l\u00e9phone pour iPhone 12 Pro Max fabriqu\u00e9e en TPU, d\u00e9cor\u00e9e d&rsquo;illustrations color\u00e9es de salamandres et de fleurs. Ce design vibrant, inspir\u00e9 de la culture barcelonaise, pr\u00e9sente des salamandres dans une combinaison de couleurs \u00e9clatantes sur un fond noir, renfor\u00e7ant son attrait visuel. Le mot \u00ab\u00a0Barcelona\u00a0\u00bb est imprim\u00e9 avec une typographie moderne, faisant de cette coque une pi\u00e8ce d\u00e9corative, fonctionnelle et artistique.<\/p>\n","protected":false},"featured_media":12273,"template":"","meta":{"_acf_changed":false},"product_brand":[],"product_cat":[674],"product_tag":[530],"class_list":{"0":"post-33362","1":"product","2":"type-product","3":"status-publish","4":"has-post-thumbnail","6":"product_cat-etuis-pour-telephones-portables","7":"product_tag-animaux","8":"pa_ciudad-barcelona","9":"pa_motivo-salamandres","10":"pa_pais-espana","12":"first","13":"instock","14":"shipping-taxable","15":"product-type-simple"},"acf":[],"_links":{"self":[{"href":"https:\/\/olemosaic.orbitalia.org\/fr\/wp-json\/wp\/v2\/product\/33362","targetHints":{"allow":["GET"]}}],"collection":[{"href":"https:\/\/olemosaic.orbitalia.org\/fr\/wp-json\/wp\/v2\/product"}],"about":[{"href":"https:\/\/olemosaic.orbitalia.org\/fr\/wp-json\/wp\/v2\/types\/product"}],"wp:featuredmedia":[{"embeddable":true,"href":"https:\/\/olemosaic.orbitalia.org\/fr\/wp-json\/wp\/v2\/media\/12273"}],"wp:attachment":[{"href":"https:\/\/olemosaic.orbitalia.org\/fr\/wp-json\/wp\/v2\/media?parent=33362"}],"wp:term":[{"taxonomy":"product_brand","embeddable":true,"href":"https:\/\/olemosaic.orbitalia.org\/fr\/wp-json\/wp\/v2\/product_brand?post=33362"},{"taxonomy":"product_cat","embeddable":true,"href":"https:\/\/olemosaic.orbitalia.org\/fr\/wp-json\/wp\/v2\/product_cat?post=33362"},{"taxonomy":"product_tag","embeddable":true,"href":"https:\/\/olemosaic.orbitalia.org\/fr\/wp-json\/wp\/v2\/product_tag?post=33362"}],"curies":[{"name":"wp","href":"https:\/\/api.w.org\/{rel}","templated":true}]}}