{"id":33336,"date":"2025-02-20T22:35:11","date_gmt":"2025-02-20T22:35:11","guid":{"rendered":"https:\/\/olemosaic.orbitalia.org\/producto\/funda-de-telefono-para-iphone-12-promax-tpu-abstracto-verde\/"},"modified":"2025-07-25T18:56:06","modified_gmt":"2025-07-25T16:56:06","slug":"coque-de-telephone-pour-iphone-12-promax-tpu-abstrait-vert","status":"publish","type":"product","link":"https:\/\/olemosaic.orbitalia.org\/fr\/produit\/coque-de-telephone-pour-iphone-12-promax-tpu-abstrait-vert\/","title":{"rendered":"Coque de t\u00e9l\u00e9phone pour iPhone 12 Pro Max (TPU). Abstrait. Vert"},"content":{"rendered":"<p>Coque pour iPhone 12 Pro Max avec un design de mosa\u00efque abstraite. Cette coque exquise, fabriqu\u00e9e en TPU, un mat\u00e9riau flexible et r\u00e9sistant, offre une protection exceptionnelle pour votre appareil. Son design pr\u00e9sente un m\u00e9lange vibrant de tons verts, bleus et oranges dispos\u00e9s en formes g\u00e9om\u00e9triques qui \u00e9voquent la riche tradition de l&rsquo;art d\u00e9coratif espagnol, plus pr\u00e9cis\u00e9ment la technique de la mosa\u00efque, qui a embelli des b\u00e2timents embl\u00e9matiques dans des villes comme Barcelone et S\u00e9ville. Chaque d\u00e9tail de la coque refl\u00e8te un style artistique dynamique et contemporain, id\u00e9al pour ceux qui recherchent un accessoire distinctif qui, en plus de prot\u00e9ger leur t\u00e9l\u00e9phone, ajoute une touche de couleur et de cr\u00e9ativit\u00e9 \u00e0 leur quotidien.<\/p>\n<p>La surface de la coque pr\u00e9sente un motif brillant qui capte la lumi\u00e8re de mani\u00e8re captivante, faisant ressortir votre iPhone 12 Pro Max avec \u00e9l\u00e9gance. Avec des d\u00e9coupes pr\u00e9cises, elle garantit un acc\u00e8s facile et pratique \u00e0 tous les ports et boutons. Ce produit n&rsquo;est pas seulement une option fonctionnelle, mais aussi une c\u00e9l\u00e9bration de l&rsquo;h\u00e9ritage culturel espagnol, capturant son essence dans un article moderne. Chez Ol\u00e9 Mosaic, nous nous consacrons \u00e0 la distribution de souvenirs authentiques, et cette coque de t\u00e9l\u00e9phone devient le cadeau parfait pour les touristes souhaitant emporter un morceau d&rsquo;Espagne \u00e9l\u00e9gant et significatif. Id\u00e9al pour les boutiques de cadeaux touristiques \u00e0 la recherche de pi\u00e8ces uniques charg\u00e9es d&rsquo;histoire.<\/p>\n","protected":false},"excerpt":{"rendered":"<p>Coque de t\u00e9l\u00e9phone pour iPhone 12 Pro Max fabriqu\u00e9e en TPU, avec un design abstrait \u00e9voquant une mosa\u00efque color\u00e9e. La coque pr\u00e9sente un m\u00e9lange de tons verts, bleus et oranges, dispos\u00e9s en formes g\u00e9om\u00e9triques qui cr\u00e9ent un motif attrayant et dynamique. Id\u00e9ale pour prot\u00e9ger votre appareil tout en ajoutant une touche artistique inspir\u00e9e de la riche tradition de l&rsquo;art d\u00e9coratif espagnol. Son mat\u00e9riau flexible garantit un ajustement parfait et un acc\u00e8s facile \u00e0 tous les ports.<\/p>\n","protected":false},"featured_media":12264,"template":"","meta":{"_acf_changed":false},"product_brand":[],"product_cat":[674],"product_tag":[],"class_list":{"0":"post-33336","1":"product","2":"type-product","3":"status-publish","4":"has-post-thumbnail","6":"product_cat-etuis-pour-telephones-portables","7":"pa_motivo-resume","9":"first","10":"instock","11":"shipping-taxable","12":"product-type-simple"},"acf":[],"_links":{"self":[{"href":"https:\/\/olemosaic.orbitalia.org\/fr\/wp-json\/wp\/v2\/product\/33336","targetHints":{"allow":["GET"]}}],"collection":[{"href":"https:\/\/olemosaic.orbitalia.org\/fr\/wp-json\/wp\/v2\/product"}],"about":[{"href":"https:\/\/olemosaic.orbitalia.org\/fr\/wp-json\/wp\/v2\/types\/product"}],"wp:featuredmedia":[{"embeddable":true,"href":"https:\/\/olemosaic.orbitalia.org\/fr\/wp-json\/wp\/v2\/media\/12264"}],"wp:attachment":[{"href":"https:\/\/olemosaic.orbitalia.org\/fr\/wp-json\/wp\/v2\/media?parent=33336"}],"wp:term":[{"taxonomy":"product_brand","embeddable":true,"href":"https:\/\/olemosaic.orbitalia.org\/fr\/wp-json\/wp\/v2\/product_brand?post=33336"},{"taxonomy":"product_cat","embeddable":true,"href":"https:\/\/olemosaic.orbitalia.org\/fr\/wp-json\/wp\/v2\/product_cat?post=33336"},{"taxonomy":"product_tag","embeddable":true,"href":"https:\/\/olemosaic.orbitalia.org\/fr\/wp-json\/wp\/v2\/product_tag?post=33336"}],"curies":[{"name":"wp","href":"https:\/\/api.w.org\/{rel}","templated":true}]}}