{"id":33335,"date":"2025-02-20T22:35:11","date_gmt":"2025-02-20T22:35:11","guid":{"rendered":"https:\/\/olemosaic.orbitalia.org\/producto\/funda-de-telefono-para-iphone-12-promax-tpu-sagrada-familia-barcelona-azul\/"},"modified":"2025-07-25T19:53:53","modified_gmt":"2025-07-25T17:53:53","slug":"coque-de-telephone-pour-iphone-12-promax-tpu-sagrada-familia-barcelone-bleu","status":"publish","type":"product","link":"https:\/\/olemosaic.orbitalia.org\/fr\/produit\/coque-de-telephone-pour-iphone-12-promax-tpu-sagrada-familia-barcelone-bleu\/","title":{"rendered":"Coque de t\u00e9l\u00e9phone pour iPhone 12 Pro Max (TPU). Sagrada Familia. Barcelone. Bleu"},"content":{"rendered":"<p>Coque de t\u00e9l\u00e9phone pour iPhone 12 Pro Max avec un design de la Sagrada Familia de Barcelone : un accessoire indispensable pour ceux qui souhaitent emporter avec eux un symbole embl\u00e9matique de l&rsquo;architecture moderniste catalane. Cette coque, fabriqu\u00e9e en TPU de haute qualit\u00e9, offre une protection robuste et l\u00e9g\u00e8re pour votre appareil, garantissant que votre t\u00e9l\u00e9phone soit \u00e0 l&rsquo;abri des chocs et des rayures. Son design vibrant met en valeur les d\u00e9tails de la Sagrada Familia, repr\u00e9sentant les tours complexes et les couleurs distinctives qui font de ce chef-d&rsquo;\u0153uvre d&rsquo;Antoni Gaud\u00ed un embl\u00e8me de Barcelone. La palette de couleurs comprend des tons bleus et rouges qui \u00e9voquent la luminosit\u00e9 et la chaleur de la cit\u00e9 comtale, tandis que le mot \u00ab\u00a0Barcelona\u00a0\u00bb est \u00e9l\u00e9gamment inclus dans la partie inf\u00e9rieure, cr\u00e9ant un attrait visuel \u00e0 la fois moderne et culturellement significatif. Ce produit n&rsquo;est pas seulement une coque de protection, mais aussi un excellent souvenir pour les touristes et les locaux qui souhaitent se souvenir de leur visite dans la ville. Chez Ol\u00e9 Mosaic, nous reconnaissons l&rsquo;importance des souvenirs culturels authentiques, et cette coque de t\u00e9l\u00e9phone de Barcelone repr\u00e9sente une connexion tangible avec l&rsquo;essence de la ville. Id\u00e9ale pour les boutiques de cadeaux touristiques, c&rsquo;est une offre parfaite pour ceux qui cherchent \u00e0 ajouter une touche de design et de culture \u00e0 leurs \u00e9tag\u00e8res. En tant que grossistes d&rsquo;accessoires, nous garantissons la qualit\u00e9 et l&rsquo;authenticit\u00e9 de chaque article que nous proposons.<\/p>\n","protected":false},"excerpt":{"rendered":"<p>Coque en TPU pour iPhone 12 Pro Max avec un design vibrant de la Sagrada Familia de Barcelone. Cette coque protectrice se distingue par ses couleurs bleues et rouges, avec des d\u00e9tails graphiques illustrant les tours embl\u00e9matiques du c\u00e9l\u00e8bre monument, v\u00e9ritable symbole de l&rsquo;architecture moderniste. Le mot \u00ab\u00a0Barcelona\u00a0\u00bb est pr\u00e9sent\u00e9 \u00e9l\u00e9gamment en bas, compl\u00e9tant la sc\u00e8ne. Id\u00e9ale pour ceux qui souhaitent porter un fragment d&rsquo;art et de culture catalane sur leur appareil.<\/p>\n","protected":false},"featured_media":12267,"template":"","meta":{"_acf_changed":false},"product_brand":[],"product_cat":[674],"product_tag":[],"class_list":{"0":"post-33335","1":"product","2":"type-product","3":"status-publish","4":"has-post-thumbnail","6":"product_cat-etuis-pour-telephones-portables","7":"pa_ciudad-barcelona","8":"pa_motivo-sagrada-familia","9":"pa_pais-espana","11":"first","12":"instock","13":"shipping-taxable","14":"product-type-simple"},"acf":[],"_links":{"self":[{"href":"https:\/\/olemosaic.orbitalia.org\/fr\/wp-json\/wp\/v2\/product\/33335","targetHints":{"allow":["GET"]}}],"collection":[{"href":"https:\/\/olemosaic.orbitalia.org\/fr\/wp-json\/wp\/v2\/product"}],"about":[{"href":"https:\/\/olemosaic.orbitalia.org\/fr\/wp-json\/wp\/v2\/types\/product"}],"wp:featuredmedia":[{"embeddable":true,"href":"https:\/\/olemosaic.orbitalia.org\/fr\/wp-json\/wp\/v2\/media\/12267"}],"wp:attachment":[{"href":"https:\/\/olemosaic.orbitalia.org\/fr\/wp-json\/wp\/v2\/media?parent=33335"}],"wp:term":[{"taxonomy":"product_brand","embeddable":true,"href":"https:\/\/olemosaic.orbitalia.org\/fr\/wp-json\/wp\/v2\/product_brand?post=33335"},{"taxonomy":"product_cat","embeddable":true,"href":"https:\/\/olemosaic.orbitalia.org\/fr\/wp-json\/wp\/v2\/product_cat?post=33335"},{"taxonomy":"product_tag","embeddable":true,"href":"https:\/\/olemosaic.orbitalia.org\/fr\/wp-json\/wp\/v2\/product_tag?post=33335"}],"curies":[{"name":"wp","href":"https:\/\/api.w.org\/{rel}","templated":true}]}}