{"id":33333,"date":"2025-02-20T23:35:10","date_gmt":"2025-02-20T22:35:10","guid":{"rendered":"https:\/\/olemosaic.orbitalia.org\/producto\/funda-de-telefono-para-iphone-12-promax-tpu-abstracto-azul-3\/"},"modified":"2025-07-25T18:56:03","modified_gmt":"2025-07-25T16:56:03","slug":"coque-de-telephone-pour-iphone-12-promax-tpu-abstrait-barcelone-bleu","status":"publish","type":"product","link":"https:\/\/olemosaic.orbitalia.org\/fr\/produit\/coque-de-telephone-pour-iphone-12-promax-tpu-abstrait-barcelone-bleu\/","title":{"rendered":"Coque de t\u00e9l\u00e9phone pour iPhone 12 Pro Max (TPU). Abstrait. Barcelone. Bleu"},"content":{"rendered":"<p>Coque pour iPhone 12 Pro Max avec un design abstrait de Barcelone. Cette superbe coque, fabriqu\u00e9e en TPU de haute qualit\u00e9, se distingue par son motif vibrant combinant une explosion de tons bleus, rouges, jaunes et oranges, cr\u00e9ant un effet visuel dynamique qui capture l&rsquo;essence artistique et avant-gardiste de la cit\u00e9 comtale. Au centre, le mot \u00ab\u00a0Barcelona\u00a0\u00bb est pr\u00e9sent\u00e9 dans un style graphique frappant, ajoutant une touche moderne \u00e0 la pi\u00e8ce, id\u00e9ale pour ceux qui souhaitent prot\u00e9ger leur appareil sans renoncer au style.<\/p>\n<p>Cet accessoire offre non seulement une excellente protection contre les chocs et les chutes, mais fonctionne \u00e9galement comme une d\u00e9claration de style, faisant \u00e9cho \u00e0 l&rsquo;esprit cr\u00e9atif de Barcelone, c\u00e9l\u00e8bre pour son architecture innovante et sa riche culture. Avec un design qui \u00e9voque le mouvement et l&rsquo;\u00e9nergie des vagues de la mer M\u00e9diterran\u00e9e, cette coque est un souvenir parfait pour ceux qui sont tomb\u00e9s amoureux de cette ville singuli\u00e8re.<\/p>\n<p>Chez Ol\u00e9 Mosaic, nous nous engageons \u00e0 offrir des produits de qualit\u00e9 aux boutiques de cadeaux touristiques, et cette coque pour iPhone est un souvenir id\u00e9al qui allie authenticit\u00e9 et pertinence culturelle. En tant que grossiste d&rsquo;accessoires, nous garantissons que chaque pi\u00e8ce remplit non seulement sa fonction, mais r\u00e9sonne \u00e9galement avec l&rsquo;\u00e9nergie vibrante de Barcelone, en faisant un choix populaire parmi les touristes \u00e0 la recherche de souvenirs uniques et repr\u00e9sentatifs.<\/p>\n","protected":false},"excerpt":{"rendered":"<p>Coque pour iPhone 12 Pro Max fabriqu\u00e9e en TPU, avec un design abstrait dans des tons bleus vibrants. Cet accessoire original pr\u00e9sente un motif dynamique de vagues et de couleurs \u00e9clatantes, avec le mot \u00ab\u00a0Barcelona\u00a0\u00bb dans un style graphique frappant. Id\u00e9ale pour ceux qui cherchent \u00e0 prot\u00e9ger leur appareil sans renoncer au style, cette coque allie fonctionnalit\u00e9 et esth\u00e9tique artistique c\u00e9l\u00e9brant l&rsquo;essence de la ville.<\/p>\n","protected":false},"featured_media":12269,"template":"","meta":{"_acf_changed":false},"product_brand":[],"product_cat":[674],"product_tag":[],"class_list":{"0":"post-33333","1":"product","2":"type-product","3":"status-publish","4":"has-post-thumbnail","6":"product_cat-etuis-pour-telephones-portables","7":"pa_ciudad-barcelona","8":"pa_motivo-resume","9":"pa_pais-espana","11":"first","12":"instock","13":"shipping-taxable","14":"product-type-simple"},"acf":[],"_links":{"self":[{"href":"https:\/\/olemosaic.orbitalia.org\/fr\/wp-json\/wp\/v2\/product\/33333","targetHints":{"allow":["GET"]}}],"collection":[{"href":"https:\/\/olemosaic.orbitalia.org\/fr\/wp-json\/wp\/v2\/product"}],"about":[{"href":"https:\/\/olemosaic.orbitalia.org\/fr\/wp-json\/wp\/v2\/types\/product"}],"wp:featuredmedia":[{"embeddable":true,"href":"https:\/\/olemosaic.orbitalia.org\/fr\/wp-json\/wp\/v2\/media\/12269"}],"wp:attachment":[{"href":"https:\/\/olemosaic.orbitalia.org\/fr\/wp-json\/wp\/v2\/media?parent=33333"}],"wp:term":[{"taxonomy":"product_brand","embeddable":true,"href":"https:\/\/olemosaic.orbitalia.org\/fr\/wp-json\/wp\/v2\/product_brand?post=33333"},{"taxonomy":"product_cat","embeddable":true,"href":"https:\/\/olemosaic.orbitalia.org\/fr\/wp-json\/wp\/v2\/product_cat?post=33333"},{"taxonomy":"product_tag","embeddable":true,"href":"https:\/\/olemosaic.orbitalia.org\/fr\/wp-json\/wp\/v2\/product_tag?post=33333"}],"curies":[{"name":"wp","href":"https:\/\/api.w.org\/{rel}","templated":true}]}}