{"id":33332,"date":"2025-02-20T22:35:10","date_gmt":"2025-02-20T22:35:10","guid":{"rendered":"https:\/\/olemosaic.orbitalia.org\/producto\/funda-de-telefono-para-iphone-12-promax-tpu-salamandra-mallorca-blanco\/"},"modified":"2025-07-25T19:53:26","modified_gmt":"2025-07-25T17:53:26","slug":"coque-de-telephone-pour-iphone-12-promax-tpu-salamandre-majorque-blanc","status":"publish","type":"product","link":"https:\/\/olemosaic.orbitalia.org\/fr\/produit\/coque-de-telephone-pour-iphone-12-promax-tpu-salamandre-majorque-blanc\/","title":{"rendered":"Coque de t\u00e9l\u00e9phone pour iPhone 12 Pro Max (TPU). Salamandre. Majorque. Blanc"},"content":{"rendered":"<p>Coque pour iPhone 12 Pro Max orn\u00e9e d&rsquo;un design vibrant de salamandres et de fleurs, \u00e9voquant l&rsquo;essence unique de Majorque. Fabriqu\u00e9e en TPU de haute qualit\u00e9, elle offre une protection optimale pour votre appareil, tandis que son design captivant attire tous les regards. La coque pr\u00e9sente un fond blanc qui simule une joyeuse mosa\u00efque, rappelant la c\u00e9ramique typique de Majorque. Ce fond est la base parfaite pour le d\u00e9ploiement de salamandres color\u00e9es et de fleurs exub\u00e9rantes, tandis que le texte embl\u00e9matique \u00ab\u00a0Mallorca\u00a0\u00bb dans des tons vifs assure que ce souvenir soit \u00e0 la fois fonctionnel et esth\u00e9tique.<\/p>\n<p>Avec son style frais et contemporain, cette coque transforme le t\u00e9l\u00e9phone en un accessoire qui refl\u00e8te la culture m\u00e9diterran\u00e9enne. Les salamandres, symboles de chance et de renouveau, ajoutent une touche culturelle pertinente qui connecte l&rsquo;utilisateur aux traditions de la r\u00e9gion. Ce souvenir est id\u00e9al pour ceux qui recherchent un souvenir authentique de leurs vacances sur l&rsquo;\u00eele ou un cadeau sp\u00e9cial qui capture la magie de Majorque. Chez Ol\u00e9 Mosaic, en tant que grossiste de souvenirs de qualit\u00e9, nous proposons cette coque pour iPhone comme une excellente option pour les boutiques de cadeaux touristiques souhaitant mettre en avant des produits uniques et repr\u00e9sentatifs de la culture locale.<\/p>\n","protected":false},"excerpt":{"rendered":"<p>Coque pour iPhone 12 Pro Max fabriqu\u00e9e en TPU, orn\u00e9e d&rsquo;un design vibrant de salamandres et de fleurs \u00e9voquant l&rsquo;essence de Majorque. Le fond blanc pr\u00e9sente une joyeuse mosa\u00efque rappelant la c\u00e9ramique typique de la r\u00e9gion, tandis que les \u00e9l\u00e9ments d\u00e9coratifs, aux couleurs \u00e9clatantes, se distinguent par un style frais et contemporain. Le texte \u00ab\u00a0Mallorca\u00a0\u00bb ajoute une touche distinctive, faisant de cette coque un souvenir fonctionnel et esth\u00e9tique.<\/p>\n","protected":false},"featured_media":12920,"template":"","meta":{"_acf_changed":false},"product_brand":[],"product_cat":[674],"product_tag":[530],"class_list":{"0":"post-33332","1":"product","2":"type-product","3":"status-publish","4":"has-post-thumbnail","6":"product_cat-etuis-pour-telephones-portables","7":"product_tag-animaux","8":"pa_ciudad-mallorca","9":"pa_motivo-salamandres","10":"pa_pais-espana","12":"first","13":"instock","14":"shipping-taxable","15":"product-type-simple"},"acf":[],"_links":{"self":[{"href":"https:\/\/olemosaic.orbitalia.org\/fr\/wp-json\/wp\/v2\/product\/33332","targetHints":{"allow":["GET"]}}],"collection":[{"href":"https:\/\/olemosaic.orbitalia.org\/fr\/wp-json\/wp\/v2\/product"}],"about":[{"href":"https:\/\/olemosaic.orbitalia.org\/fr\/wp-json\/wp\/v2\/types\/product"}],"wp:featuredmedia":[{"embeddable":true,"href":"https:\/\/olemosaic.orbitalia.org\/fr\/wp-json\/wp\/v2\/media\/12920"}],"wp:attachment":[{"href":"https:\/\/olemosaic.orbitalia.org\/fr\/wp-json\/wp\/v2\/media?parent=33332"}],"wp:term":[{"taxonomy":"product_brand","embeddable":true,"href":"https:\/\/olemosaic.orbitalia.org\/fr\/wp-json\/wp\/v2\/product_brand?post=33332"},{"taxonomy":"product_cat","embeddable":true,"href":"https:\/\/olemosaic.orbitalia.org\/fr\/wp-json\/wp\/v2\/product_cat?post=33332"},{"taxonomy":"product_tag","embeddable":true,"href":"https:\/\/olemosaic.orbitalia.org\/fr\/wp-json\/wp\/v2\/product_tag?post=33332"}],"curies":[{"name":"wp","href":"https:\/\/api.w.org\/{rel}","templated":true}]}}