{"id":33331,"date":"2025-02-20T22:35:10","date_gmt":"2025-02-20T22:35:10","guid":{"rendered":"https:\/\/olemosaic.orbitalia.org\/producto\/funda-de-telefono-para-iphone-12-pro-tpu-salamandra-mallorca-blanco\/"},"modified":"2025-07-25T18:59:16","modified_gmt":"2025-07-25T16:59:16","slug":"coque-de-telephone-pour-iphone-12-pro-tpu-salamandre-majorque-blanc","status":"publish","type":"product","link":"https:\/\/olemosaic.orbitalia.org\/fr\/produit\/coque-de-telephone-pour-iphone-12-pro-tpu-salamandre-majorque-blanc\/","title":{"rendered":"Coque de t\u00e9l\u00e9phone pour iPhone 12 Pro (TPU). Salamandre. Majorque. Blanc"},"content":{"rendered":"<p>Coque pour iPhone 12 Pro inspir\u00e9e par la culture vibrante de Majorque, fabriqu\u00e9e en TPU de haute qualit\u00e9. Ce design exclusif pr\u00e9sente une illustration color\u00e9e de salamandres entour\u00e9es de fleurs dans une palette de rouges, verts et bleus qui \u00e9voquent la riche flore de l&rsquo;\u00eele. Le fond, avec une mosa\u00efque blanche rappelant les azulejos traditionnels de Majorque, rehausse la beaut\u00e9 des salamandres, offrant un contraste visuel attrayant et moderne. Le mot \u00ab\u00a0Majorque\u00a0\u00bb est \u00e9l\u00e9gamment imprim\u00e9 dans un style dynamique, ajoutant une touche contemporaine qui fera ressortir votre appareil.<\/p>\n<p>Ce produit n&rsquo;offre pas seulement une protection solide pour votre iPhone 12 Pro, mais est aussi un rappel tangible de la beaut\u00e9 et de l&rsquo;esprit de Majorque, devenant un souvenir parfait pour ceux qui ont visit\u00e9 ou r\u00eavent de l&rsquo;\u00eele. La salamandre, symbole de transformation et d&rsquo;adaptabilit\u00e9, souligne la connexion culturelle et naturelle que ce design c\u00e9l\u00e8bre. Chez Ol\u00e9 Mosaic, en tant que leaders dans la distribution de souvenirs authentiques et reconnus, nous garantissons que cette coque est une excellente option pour les boutiques de cadeaux touristiques \u00e0 la recherche de produits uniques et pleins de sens. Avec cette coque, les touristes emporteront avec eux un morceau de Majorque, en faisant le choix id\u00e9al pour ceux qui souhaitent se souvenir de leur visite sur cette c\u00e9l\u00e8bre \u00eele m\u00e9diterran\u00e9enne.<\/p>\n","protected":false},"excerpt":{"rendered":"<p>Coque pour iPhone 12 Pro fabriqu\u00e9e en TPU, d\u00e9cor\u00e9e d&rsquo;une illustration vibrante de salamandres dans un design inspir\u00e9 de Majorque. L&rsquo;esth\u00e9tique est compl\u00e9t\u00e9e par un fond de mosa\u00efque blanche qui fait ressortir les salamandres color\u00e9es et les fleurs aux tons rouges, verts et bleus. Le mot \u00ab\u00a0Majorque\u00a0\u00bb est imprim\u00e9 avec un style dynamique qui ajoute une touche moderne, id\u00e9al pour ceux qui veulent emporter un morceau de cette belle \u00eele sur leur mobile.<\/p>\n","protected":false},"featured_media":12914,"template":"","meta":{"_acf_changed":false},"product_brand":[],"product_cat":[674],"product_tag":[530],"class_list":{"0":"post-33331","1":"product","2":"type-product","3":"status-publish","4":"has-post-thumbnail","6":"product_cat-etuis-pour-telephones-portables","7":"product_tag-animaux","8":"pa_ciudad-mallorca","9":"pa_motivo-salamandres","10":"pa_pais-espana","12":"first","13":"instock","14":"shipping-taxable","15":"product-type-simple"},"acf":[],"_links":{"self":[{"href":"https:\/\/olemosaic.orbitalia.org\/fr\/wp-json\/wp\/v2\/product\/33331","targetHints":{"allow":["GET"]}}],"collection":[{"href":"https:\/\/olemosaic.orbitalia.org\/fr\/wp-json\/wp\/v2\/product"}],"about":[{"href":"https:\/\/olemosaic.orbitalia.org\/fr\/wp-json\/wp\/v2\/types\/product"}],"wp:featuredmedia":[{"embeddable":true,"href":"https:\/\/olemosaic.orbitalia.org\/fr\/wp-json\/wp\/v2\/media\/12914"}],"wp:attachment":[{"href":"https:\/\/olemosaic.orbitalia.org\/fr\/wp-json\/wp\/v2\/media?parent=33331"}],"wp:term":[{"taxonomy":"product_brand","embeddable":true,"href":"https:\/\/olemosaic.orbitalia.org\/fr\/wp-json\/wp\/v2\/product_brand?post=33331"},{"taxonomy":"product_cat","embeddable":true,"href":"https:\/\/olemosaic.orbitalia.org\/fr\/wp-json\/wp\/v2\/product_cat?post=33331"},{"taxonomy":"product_tag","embeddable":true,"href":"https:\/\/olemosaic.orbitalia.org\/fr\/wp-json\/wp\/v2\/product_tag?post=33331"}],"curies":[{"name":"wp","href":"https:\/\/api.w.org\/{rel}","templated":true}]}}