{"id":33328,"date":"2025-02-20T23:35:09","date_gmt":"2025-02-20T22:35:09","guid":{"rendered":"https:\/\/olemosaic.orbitalia.org\/producto\/funda-de-telefono-para-iphone-12-pro-tpu-motivos-marinos-azul-2\/"},"modified":"2025-07-25T18:45:16","modified_gmt":"2025-07-25T16:45:16","slug":"coque-de-telephone-pour-iphone-12-pro-tpu-motifs-marins-bleu-2","status":"publish","type":"product","link":"https:\/\/olemosaic.orbitalia.org\/fr\/produit\/coque-de-telephone-pour-iphone-12-pro-tpu-motifs-marins-bleu-2\/","title":{"rendered":"Coque de t\u00e9l\u00e9phone pour iPhone 12 Pro (TPU). Motifs marins. Style m\u00e9diterran\u00e9en. Bleu"},"content":{"rendered":"<p>Coque pour iPhone 12 Pro avec des motifs marins vibrants de Majorque. Cette coque exceptionnelle, \u00e9labor\u00e9e en TPU, un mat\u00e9riau flexible et durable, offre une protection efficace contre les chutes et les rayures, tout en apportant une touche esth\u00e9tique incomparable. Son design met en avant une sc\u00e8ne sous-marine qui capture l&rsquo;essence de la M\u00e9diterran\u00e9e, avec des poissons color\u00e9s, des tortues \u00e9l\u00e9gantes et de charmants hippocampes nageant sur un fond bleu profond, \u00e9voquant les eaux cristallines des c\u00f4tes de Majorque. La partie inf\u00e9rieure de la coque pr\u00e9sente une magnifique mosa\u00efque qui apporte une touche artistique suppl\u00e9mentaire, symbolisant la riche tradition culturelle de l&rsquo;\u00eele.<\/p>\n<p>Cet accessoire ne prot\u00e8ge pas seulement votre appareil, mais constitue \u00e9galement une d\u00e9claration de style, parfait pour ceux qui souhaitent emporter avec eux un morceau de l&rsquo;oc\u00e9an. La connexion culturelle avec Majorque r\u00e9sonne dans chaque d\u00e9tail, faisant de cette coque un souvenir repr\u00e9sentatif qui c\u00e9l\u00e8bre la vie marine vibrante de la M\u00e9diterran\u00e9e. Chez Ol\u00e9 Mosaic, nous nous sp\u00e9cialisons dans la distribution de souvenirs en gros, offrant des produits authentiques et de qualit\u00e9 como cette coque, id\u00e9ale pour les boutiques de cadeaux touristiques \u00e0 la recherche d&rsquo;articles uniques et inspirants. Avec sa combinaison de fonctionnalit\u00e9 et d&rsquo;art, cette coque pour iPhone est le choix parfait pour les touristes \u00e0 la recherche d&rsquo;un souvenir authentique de la beaut\u00e9 de Majorque.<\/p>\n","protected":false},"excerpt":{"rendered":"<p>Coque pour iPhone 12 Pro fabriqu\u00e9e en TPU, d\u00e9cor\u00e9e de motifs marins vibrants \u00e9voquant la beaut\u00e9 de Majorque. Le design pr\u00e9sente une sc\u00e8ne sous-marine avec des poissons color\u00e9s, des tortues et des hippocampes sur un fond bleu profond repr\u00e9sentant l&rsquo;oc\u00e9an. La partie inf\u00e9rieure inclut une mosa\u00efque qui ajoute une touche artistique. Cet accessoire ne prot\u00e8ge pas seulement votre t\u00e9l\u00e9phone, mais c\u00e9l\u00e8bre \u00e9galement la riche vie marine de la M\u00e9diterran\u00e9e, transformant votre appareil en une expression de style.<\/p>\n","protected":false},"featured_media":12917,"template":"","meta":{"_acf_changed":false},"product_brand":[],"product_cat":[674],"product_tag":[530],"class_list":{"0":"post-33328","1":"product","2":"type-product","3":"status-publish","4":"has-post-thumbnail","6":"product_cat-etuis-pour-telephones-portables","7":"product_tag-animaux","8":"pa_ciudad-mallorca","9":"pa_motivo-animaux-marins","10":"pa_pais-espana","12":"first","13":"instock","14":"shipping-taxable","15":"product-type-simple"},"acf":[],"_links":{"self":[{"href":"https:\/\/olemosaic.orbitalia.org\/fr\/wp-json\/wp\/v2\/product\/33328","targetHints":{"allow":["GET"]}}],"collection":[{"href":"https:\/\/olemosaic.orbitalia.org\/fr\/wp-json\/wp\/v2\/product"}],"about":[{"href":"https:\/\/olemosaic.orbitalia.org\/fr\/wp-json\/wp\/v2\/types\/product"}],"wp:featuredmedia":[{"embeddable":true,"href":"https:\/\/olemosaic.orbitalia.org\/fr\/wp-json\/wp\/v2\/media\/12917"}],"wp:attachment":[{"href":"https:\/\/olemosaic.orbitalia.org\/fr\/wp-json\/wp\/v2\/media?parent=33328"}],"wp:term":[{"taxonomy":"product_brand","embeddable":true,"href":"https:\/\/olemosaic.orbitalia.org\/fr\/wp-json\/wp\/v2\/product_brand?post=33328"},{"taxonomy":"product_cat","embeddable":true,"href":"https:\/\/olemosaic.orbitalia.org\/fr\/wp-json\/wp\/v2\/product_cat?post=33328"},{"taxonomy":"product_tag","embeddable":true,"href":"https:\/\/olemosaic.orbitalia.org\/fr\/wp-json\/wp\/v2\/product_tag?post=33328"}],"curies":[{"name":"wp","href":"https:\/\/api.w.org\/{rel}","templated":true}]}}