{"id":33321,"date":"2025-02-20T22:35:09","date_gmt":"2025-02-20T22:35:09","guid":{"rendered":"https:\/\/olemosaic.orbitalia.org\/producto\/funda-de-telefono-para-iphone-12-pro-tpu-motivos-marinos-azul\/"},"modified":"2025-07-25T18:55:10","modified_gmt":"2025-07-25T16:55:10","slug":"coque-iphone-12-pro-tpu-motifs-marins-bleu","status":"publish","type":"product","link":"https:\/\/olemosaic.orbitalia.org\/fr\/produit\/coque-iphone-12-pro-tpu-motifs-marins-bleu\/","title":{"rendered":"Coque pour iPhone 12 Pro (TPU). Motifs marins. Bleu"},"content":{"rendered":"<p>Coque pour iPhone 12 Pro avec motifs marins<\/p>\n<p>D\u00e9couvrez notre coque pour iPhone 12 Pro, fabriqu\u00e9e en TPU de haute qualit\u00e9. Elle offre une protection exceptionnelle pour votre appareil et une esth\u00e9tique vibrante inspir\u00e9e par la beaut\u00e9 de l&rsquo;oc\u00e9an. Cette coque pr\u00e9sente un design captivant qui int\u00e8gre une collection color\u00e9e d&rsquo;animaux marins, tels que des dauphins, des tortues et des hippocampes, entour\u00e9s d&rsquo;un environnement sous-marin enchanteur. Les tons vibrants de bleu et d&rsquo;orange cr\u00e9ent un contraste harmonieux, \u00e9voquant la joie et le dynamisme de la vie marine.<\/p>\n<p>Chaque d\u00e9tail est m\u00e9ticuleusement con\u00e7u pour capturer l&rsquo;essence de l&rsquo;oc\u00e9an, avec une finition brillante qui rehausse les graphismes color\u00e9s et leur donne une touche artistique. La partie inf\u00e9rieure de la coque affiche une repr\u00e9sentation d&rsquo;un fond marin richement d\u00e9taill\u00e9, m\u00e9langeant des textures de corail et des \u00e9l\u00e9ments sous-marins qui transportent l&rsquo;utilisateur dans un monde sous-marin fascinant.<\/p>\n<p>Ce produit n&rsquo;est pas seulement un accessoire pratique et fonctionnel, mais aussi un v\u00e9ritable souvenir qui c\u00e9l\u00e8bre le lien culturel avec la vie maritime. Parfaite pour les touristes \u00e0 la recherche de souvenirs \u00e0 caract\u00e8re local, cette coque est une excellente option pour les boutiques de cadeaux touristiques. Chez Ol\u00e9 Mosaic, nous distribuons des produits comme cette coque d&rsquo;iPhone en gros, offrant des articles qui refl\u00e8tent l&rsquo;authenticit\u00e9 et le charme de la culture marine.<\/p>\n","protected":false},"excerpt":{"rendered":"<p>Coque pour iPhone 12 Pro fabriqu\u00e9e en TPU, orn\u00e9e de motifs marins vibrants dans les tons bleus et orang\u00e9s. Le design pr\u00e9sente une collection color\u00e9e d&rsquo;animaux marins comme des dauphins, des tortues et des hippocampes, int\u00e9gr\u00e9s dans un paysage sous-marin qui \u00e9voque la beaut\u00e9 de l&rsquo;oc\u00e9an. Avec une finition brillante et une esth\u00e9tique moderne, cette coque ne prot\u00e8ge pas seulement votre appareil, elle ajoute \u00e9galement une touche artistique inspir\u00e9e de la vie marine.<\/p>\n","protected":false},"featured_media":12244,"template":"","meta":{"_acf_changed":false},"product_brand":[],"product_cat":[674],"product_tag":[530],"class_list":{"0":"post-33321","1":"product","2":"type-product","3":"status-publish","4":"has-post-thumbnail","6":"product_cat-etuis-pour-telephones-portables","7":"product_tag-animaux","8":"pa_motivo-animaux-marins","10":"first","11":"instock","12":"shipping-taxable","13":"product-type-simple"},"acf":[],"_links":{"self":[{"href":"https:\/\/olemosaic.orbitalia.org\/fr\/wp-json\/wp\/v2\/product\/33321","targetHints":{"allow":["GET"]}}],"collection":[{"href":"https:\/\/olemosaic.orbitalia.org\/fr\/wp-json\/wp\/v2\/product"}],"about":[{"href":"https:\/\/olemosaic.orbitalia.org\/fr\/wp-json\/wp\/v2\/types\/product"}],"wp:featuredmedia":[{"embeddable":true,"href":"https:\/\/olemosaic.orbitalia.org\/fr\/wp-json\/wp\/v2\/media\/12244"}],"wp:attachment":[{"href":"https:\/\/olemosaic.orbitalia.org\/fr\/wp-json\/wp\/v2\/media?parent=33321"}],"wp:term":[{"taxonomy":"product_brand","embeddable":true,"href":"https:\/\/olemosaic.orbitalia.org\/fr\/wp-json\/wp\/v2\/product_brand?post=33321"},{"taxonomy":"product_cat","embeddable":true,"href":"https:\/\/olemosaic.orbitalia.org\/fr\/wp-json\/wp\/v2\/product_cat?post=33321"},{"taxonomy":"product_tag","embeddable":true,"href":"https:\/\/olemosaic.orbitalia.org\/fr\/wp-json\/wp\/v2\/product_tag?post=33321"}],"curies":[{"name":"wp","href":"https:\/\/api.w.org\/{rel}","templated":true}]}}