{"id":33299,"date":"2025-02-20T22:35:08","date_gmt":"2025-02-20T22:35:08","guid":{"rendered":"https:\/\/olemosaic.orbitalia.org\/producto\/funda-de-telefono-para-iphone-12-pro-tpu-abstracto-verde\/"},"modified":"2025-07-25T19:34:34","modified_gmt":"2025-07-25T17:34:34","slug":"coque-de-telephone-pour-iphone-12-pro-tpu-abstrait-vert","status":"publish","type":"product","link":"https:\/\/olemosaic.orbitalia.org\/fr\/produit\/coque-de-telephone-pour-iphone-12-pro-tpu-abstrait-vert\/","title":{"rendered":"Coque de t\u00e9l\u00e9phone pour iPhone 12 Pro (TPU). Abstrait. Vert"},"content":{"rendered":"<p>Coque pour iPhone 12 Pro avec un design abstrait vibrant. Cette coque, \u00e9labor\u00e9e en TPU de haute qualit\u00e9, se distingue par son motif fluide qui combine d&rsquo;agr\u00e9ables tons de vert, de jaune et de rouge, \u00e9voquant l&rsquo;essence de l&rsquo;art moderne. Les formes en spirale et les couleurs entrelac\u00e9es cr\u00e9ent une sensation de mouvement dynamique, en faisant une pi\u00e8ce d\u00e9corative qui non seulement prot\u00e8ge, mais rehausse \u00e9galement l&rsquo;esth\u00e9tique de votre appareil. Son design unique est id\u00e9al pour ceux qui appr\u00e9cient les accessoires avec une touche contemporaine et artistique.<\/p>\n<p>La coque s&rsquo;ajuste parfaitement aux dimensions de l&rsquo;iPhone 12 Pro, garantissant un acc\u00e8s sans effort \u00e0 tous les ports et boutons. En plus de son attrait visuel, le mat\u00e9riau TPU offre une excellente protection contre les chutes et les rayures, gardant votre t\u00e9l\u00e9phone en s\u00e9curit\u00e9 tout en affichant votre style personnel. Ce souvenir n&rsquo;est pas seulement un accessoire pratique, mais aussi une fa\u00e7on d&#8217;emporter avec vous un morceau d&rsquo;art moderne, id\u00e9al pour les touristes et les voyageurs qui souhaitent acqu\u00e9rir des souvenirs authentiques et repr\u00e9sentatifs.<\/p>\n<p>Chez Ol\u00e9 Mosaic, en tant que grossistes d&rsquo;accessoires d\u00e9coratifs, nous proposons cette coque unique, constituant une option parfaite pour les boutiques de cadeaux touristiques \u00e0 la recherche de produits distinctifs et de qualit\u00e9. Cette coque de t\u00e9l\u00e9phone est un choix exceptionnel pour ceux qui recherchent des souvenirs cr\u00e9atifs et contemporains, refl\u00e9tant la diversit\u00e9 et la culture visuelle vibrante.<\/p>\n","protected":false},"excerpt":{"rendered":"<p>Coque pour iPhone 12 Pro fabriqu\u00e9e en TPU, avec un design abstrait qui se distingue par ses tons verts, jaunes et rouges. Son motif fluide et vibrant \u00e9voque une sensation de mouvement, en faisant une pi\u00e8ce d\u00e9corative et fonctionnelle. Cette coque ne prot\u00e8ge pas seulement votre appareil, elle apporte \u00e9galement une touche moderne et artistique, id\u00e9ale pour ceux qui recherchent un accessoire unique et color\u00e9.<\/p>\n","protected":false},"featured_media":12242,"template":"","meta":{"_acf_changed":false},"product_brand":[],"product_cat":[674],"product_tag":[],"class_list":{"0":"post-33299","1":"product","2":"type-product","3":"status-publish","4":"has-post-thumbnail","6":"product_cat-etuis-pour-telephones-portables","7":"pa_motivo-resume","9":"first","10":"instock","11":"shipping-taxable","12":"product-type-simple"},"acf":[],"_links":{"self":[{"href":"https:\/\/olemosaic.orbitalia.org\/fr\/wp-json\/wp\/v2\/product\/33299","targetHints":{"allow":["GET"]}}],"collection":[{"href":"https:\/\/olemosaic.orbitalia.org\/fr\/wp-json\/wp\/v2\/product"}],"about":[{"href":"https:\/\/olemosaic.orbitalia.org\/fr\/wp-json\/wp\/v2\/types\/product"}],"wp:featuredmedia":[{"embeddable":true,"href":"https:\/\/olemosaic.orbitalia.org\/fr\/wp-json\/wp\/v2\/media\/12242"}],"wp:attachment":[{"href":"https:\/\/olemosaic.orbitalia.org\/fr\/wp-json\/wp\/v2\/media?parent=33299"}],"wp:term":[{"taxonomy":"product_brand","embeddable":true,"href":"https:\/\/olemosaic.orbitalia.org\/fr\/wp-json\/wp\/v2\/product_brand?post=33299"},{"taxonomy":"product_cat","embeddable":true,"href":"https:\/\/olemosaic.orbitalia.org\/fr\/wp-json\/wp\/v2\/product_cat?post=33299"},{"taxonomy":"product_tag","embeddable":true,"href":"https:\/\/olemosaic.orbitalia.org\/fr\/wp-json\/wp\/v2\/product_tag?post=33299"}],"curies":[{"name":"wp","href":"https:\/\/api.w.org\/{rel}","templated":true}]}}