{"id":33281,"date":"2025-02-20T22:35:08","date_gmt":"2025-02-20T22:35:08","guid":{"rendered":"https:\/\/olemosaic.orbitalia.org\/producto\/funda-de-telefono-para-iphone-12-tpu-punt-de-trobada-barcelona-blanco\/"},"modified":"2025-07-25T19:43:54","modified_gmt":"2025-07-25T17:43:54","slug":"coque-de-telephone-pour-iphone-12-tpu-punt-de-trobada-barcelone-blanc","status":"publish","type":"product","link":"https:\/\/olemosaic.orbitalia.org\/fr\/produit\/coque-de-telephone-pour-iphone-12-tpu-punt-de-trobada-barcelone-blanc\/","title":{"rendered":"Coque de t\u00e9l\u00e9phone pour iPhone 12 (TPU). Punt de trobada. Barcelone. Blanc"},"content":{"rendered":"<p>Coque pour iPhone 12 inspir\u00e9e de l&#8217;embl\u00e9matique \u00ab\u00a0Punt de trobada\u00a0\u00bb de Barcelone, avec un design vibrant qui refl\u00e8te l&rsquo;essence artistique de la ville. Fabriqu\u00e9e en TPU de haute qualit\u00e9, cette coque combine durabilit\u00e9 et style, prot\u00e9geant votre appareil et apportant une touche de cr\u00e9ativit\u00e9 au quotidien. Son fond blanc, parsem\u00e9 de mosa\u00efques color\u00e9es en rouge, jaune, vert et bleu, souligne la joie et la diversit\u00e9 culturelle qui caract\u00e9risent Barcelone, g\u00e9n\u00e9rant une connexion imm\u00e9diate avec l&rsquo;art et l&rsquo;architecture de la ville.<\/p>\n<p>Le design inclut de fines lignes noires qui apportent un caract\u00e8re distinctif, mettant en valeur la simplicit\u00e9 et l&rsquo;\u00e9l\u00e9gance de chaque forme et couleur. Au bas de la coque, le nom \u00ab\u00a0Barcelone\u00a0\u00bb appara\u00eet imprim\u00e9 dans un style moderne, ce qui en fait non seulement un accessoire pratique, mais aussi un souvenir parfait du riche patrimoine culturel catalan.<\/p>\n<p>Cette coque est un excellent souvenir pour ceux qui cherchent \u00e0 capturer l&rsquo;essence de Barcelone dans un objet fonctionnel. Chez Ol\u00e9 Mosaic, sp\u00e9cialis\u00e9s dans la distribution de souvenirs en gros, nous proposons cette coque de t\u00e9l\u00e9phone comme une option unique pour les boutiques de cadeaux touristiques souhaitant offrir des produits authentiques et repr\u00e9sentatifs de la culture espagnole. C&rsquo;est un cadeau id\u00e9al qui allie mode, art et protection pour l&rsquo;iPhone 12, devenant un incontournable pour les touristes et les locaux qui appr\u00e9cient l&rsquo;esth\u00e9tique vibrante de la capitale catalane.<\/p>\n","protected":false},"excerpt":{"rendered":"<p>Coque pour iPhone 12 fabriqu\u00e9e en TPU, avec un design vibrant repr\u00e9sentant le c\u00e9l\u00e8bre \u00ab\u00a0Punt de trobada\u00a0\u00bb de Barcelone. Cet article pr\u00e9sente un fond blanc parsem\u00e9 de mosa\u00efques color\u00e9es en rouge, jaune, vert et bleu, avec des lignes noires qui lui donnent une touche distinctive. En bas, le nom \u00ab\u00a0Barcelone\u00a0\u00bb est imprim\u00e9 dans un style moderne, ce qui fait de cette coque un souvenir parfait de la cr\u00e9ativit\u00e9 et de l&rsquo;art catalan.<\/p>\n","protected":false},"featured_media":12219,"template":"","meta":{"_acf_changed":false},"product_brand":[],"product_cat":[674],"product_tag":[],"class_list":{"0":"post-33281","1":"product","2":"type-product","3":"status-publish","4":"has-post-thumbnail","6":"product_cat-etuis-pour-telephones-portables","7":"pa_ciudad-barcelona","8":"pa_motivo-punt-de-trobada","9":"pa_pais-espana","11":"first","12":"instock","13":"shipping-taxable","14":"product-type-simple"},"acf":[],"_links":{"self":[{"href":"https:\/\/olemosaic.orbitalia.org\/fr\/wp-json\/wp\/v2\/product\/33281","targetHints":{"allow":["GET"]}}],"collection":[{"href":"https:\/\/olemosaic.orbitalia.org\/fr\/wp-json\/wp\/v2\/product"}],"about":[{"href":"https:\/\/olemosaic.orbitalia.org\/fr\/wp-json\/wp\/v2\/types\/product"}],"wp:featuredmedia":[{"embeddable":true,"href":"https:\/\/olemosaic.orbitalia.org\/fr\/wp-json\/wp\/v2\/media\/12219"}],"wp:attachment":[{"href":"https:\/\/olemosaic.orbitalia.org\/fr\/wp-json\/wp\/v2\/media?parent=33281"}],"wp:term":[{"taxonomy":"product_brand","embeddable":true,"href":"https:\/\/olemosaic.orbitalia.org\/fr\/wp-json\/wp\/v2\/product_brand?post=33281"},{"taxonomy":"product_cat","embeddable":true,"href":"https:\/\/olemosaic.orbitalia.org\/fr\/wp-json\/wp\/v2\/product_cat?post=33281"},{"taxonomy":"product_tag","embeddable":true,"href":"https:\/\/olemosaic.orbitalia.org\/fr\/wp-json\/wp\/v2\/product_tag?post=33281"}],"curies":[{"name":"wp","href":"https:\/\/api.w.org\/{rel}","templated":true}]}}