{"id":33280,"date":"2025-02-20T22:35:08","date_gmt":"2025-02-20T22:35:08","guid":{"rendered":"https:\/\/olemosaic.orbitalia.org\/producto\/funda-de-telefono-para-iphone-12-tpu-mosaico-barcelona-blanco\/"},"modified":"2025-07-25T19:08:25","modified_gmt":"2025-07-25T17:08:25","slug":"coque-de-telephone-pour-iphone-12-tpu-mosaique-barcelone-blanc","status":"publish","type":"product","link":"https:\/\/olemosaic.orbitalia.org\/fr\/produit\/coque-de-telephone-pour-iphone-12-tpu-mosaique-barcelone-blanc\/","title":{"rendered":"Coque de t\u00e9l\u00e9phone pour iPhone 12 (TPU). Mosa\u00efque. Barcelone. Blanc"},"content":{"rendered":"<p>Coque pour iPhone 12 avec un design vibrant de mosa\u00efque barcelonaise. Cette coque, fabriqu\u00e9e en TPU, allie parfaitement style et fonctionnalit\u00e9, prot\u00e9geant votre appareil tout en l&rsquo;habillant d&rsquo;art catalan. Son design attrayant pr\u00e9sente une s\u00e9quence color\u00e9e de motifs dans les tons rouges, bleus et oranges, \u00e9voquant le riche h\u00e9ritage de l&rsquo;art c\u00e9ramique de la r\u00e9gion, c\u00e9l\u00e9brant l&rsquo;essence de l&rsquo;architecture moderniste qui caract\u00e9rise cette ville embl\u00e9matique. Le fond blanc fait ressortir intens\u00e9ment les couleurs de la mosa\u00efque, transformant votre t\u00e9l\u00e9phone en une v\u00e9ritable pi\u00e8ce d&rsquo;art.<\/p>\n<p>L&rsquo;inclusion du nom \u00ab\u00a0Barcelone\u00a0\u00bb en bas renforce son authenticit\u00e9 en tant que souvenir, vous permettant d&#8217;emporter un morceau de cette ville vibrante. Ce produit n&rsquo;est pas seulement une coque de t\u00e9l\u00e9phone, mais un souvenir repr\u00e9sentatif de tout voyage \u00e0 Barcelone, id\u00e9al pour les touristes \u00e0 la recherche d&rsquo;un article fonctionnel avec une profonde signification culturelle. Chez Ol\u00e9 Mosaic, nous sommes distributeurs de souvenirs de haute qualit\u00e9, et cette coque mosa\u00efque est un excellent choix pour les boutiques de cadeaux touristiques souhaitant offrir un regard authentique sur la culture catalane. Avec cette coque, chaque utilisateur peut profiter de la beaut\u00e9 de l&rsquo;art espagnol au quotidien, ce qui en fait un cadeau parfait.<\/p>\n","protected":false},"excerpt":{"rendered":"<p>Coque de t\u00e9l\u00e9phone pour iPhone 12 fabriqu\u00e9e en TPU, d\u00e9cor\u00e9e d&rsquo;un design vibrant de mosa\u00efque typique de Barcelone. Ce mod\u00e8le pr\u00e9sente une vari\u00e9t\u00e9 de motifs color\u00e9s dans les tons rouges, bleus et oranges, repr\u00e9sentant la richesse de l&rsquo;art c\u00e9ramique catalan. Avec une finition blanche qui rehausse les couleurs, la coque ne prot\u00e8ge pas seulement votre appareil, elle ajoute \u00e9galement une touche culturelle et artistique. Inclut le nom \u00ab\u00a0Barcelone\u00a0\u00bb, ce qui fait de ce produit un souvenir parfait pour emporter un morceau de la ville avec soi.<\/p>\n","protected":false},"featured_media":12221,"template":"","meta":{"_acf_changed":false},"product_brand":[],"product_cat":[674],"product_tag":[],"class_list":{"0":"post-33280","1":"product","2":"type-product","3":"status-publish","4":"has-post-thumbnail","6":"product_cat-etuis-pour-telephones-portables","7":"pa_ciudad-barcelona","8":"pa_motivo-mosaique","9":"pa_pais-espana","11":"first","12":"instock","13":"shipping-taxable","14":"product-type-simple"},"acf":[],"_links":{"self":[{"href":"https:\/\/olemosaic.orbitalia.org\/fr\/wp-json\/wp\/v2\/product\/33280","targetHints":{"allow":["GET"]}}],"collection":[{"href":"https:\/\/olemosaic.orbitalia.org\/fr\/wp-json\/wp\/v2\/product"}],"about":[{"href":"https:\/\/olemosaic.orbitalia.org\/fr\/wp-json\/wp\/v2\/types\/product"}],"wp:featuredmedia":[{"embeddable":true,"href":"https:\/\/olemosaic.orbitalia.org\/fr\/wp-json\/wp\/v2\/media\/12221"}],"wp:attachment":[{"href":"https:\/\/olemosaic.orbitalia.org\/fr\/wp-json\/wp\/v2\/media?parent=33280"}],"wp:term":[{"taxonomy":"product_brand","embeddable":true,"href":"https:\/\/olemosaic.orbitalia.org\/fr\/wp-json\/wp\/v2\/product_brand?post=33280"},{"taxonomy":"product_cat","embeddable":true,"href":"https:\/\/olemosaic.orbitalia.org\/fr\/wp-json\/wp\/v2\/product_cat?post=33280"},{"taxonomy":"product_tag","embeddable":true,"href":"https:\/\/olemosaic.orbitalia.org\/fr\/wp-json\/wp\/v2\/product_tag?post=33280"}],"curies":[{"name":"wp","href":"https:\/\/api.w.org\/{rel}","templated":true}]}}