{"id":33278,"date":"2025-02-20T23:35:07","date_gmt":"2025-02-20T22:35:07","guid":{"rendered":"https:\/\/olemosaic.orbitalia.org\/producto\/funda-de-telefono-para-iphone-12-tpu-motivos-marinos-azul-2\/"},"modified":"2025-07-25T20:00:51","modified_gmt":"2025-07-25T18:00:51","slug":"coque-de-telephone-pour-iphone-12-tpu-motifs-marins-bleu-2","status":"publish","type":"product","link":"https:\/\/olemosaic.orbitalia.org\/fr\/produit\/coque-de-telephone-pour-iphone-12-tpu-motifs-marins-bleu-2\/","title":{"rendered":"Coque de t\u00e9l\u00e9phone pour iPhone 12 (TPU). Motifs marins. Style moderne. Bleu"},"content":{"rendered":"<p>Coque pour iPhone 12 avec des motifs marins vibrants, parfaite pour les amoureux de l&rsquo;oc\u00e9an. Fabriqu\u00e9e en TPU, elle combine durabilit\u00e9 et style, offrant une protection efficace pour votre appareil. Son design attrayant pr\u00e9sente une collection de poissons color\u00e9s, de tortues et d&rsquo;hippocampes nageant sur un fond bleu profond, \u00e9voquant les eaux cristallines de la M\u00e9diterran\u00e9e. Les \u00e9l\u00e9ments d\u00e9coratifs, \u00e9labor\u00e9s dans un style mosa\u00efque, apportent une touche artistique et contemporaine, faisant de cette coque l&rsquo;accessoire id\u00e9al pour ceux qui souhaitent emporter avec eux la beaut\u00e9 du monde marin.<\/p>\n<p>Chaque d\u00e9tail visuel, de la texture des cr\u00e9atures marines aux nuances de couleurs vibrantes, souligne la richesse de la biodiversit\u00e9 aquatique. Ce souvenir est une repr\u00e9sentation authentique de la culture c\u00f4ti\u00e8re, parfait pour ceux qui souhaitent garder un souvenir de leurs vacances en Espagne ou au Portugal. De plus, chez Ol\u00e9 Mosaic, nous nous sp\u00e9cialisons dans la distribution de souvenirs de haute qualit\u00e9 en gros, ce qui fait de cette coque de t\u00e9l\u00e9phone une excellente option pour les boutiques de cadeaux touristiques \u00e0 la recherche de produits distinctifs et pertinents. Avec cette coque, vous ne prot\u00e9gez pas seulement votre t\u00e9l\u00e9phone ; vous emportez \u00e9galement un morceau de l&rsquo;essence de l&rsquo;oc\u00e9an.<\/p>\n","protected":false},"excerpt":{"rendered":"<p>Coque pour iPhone 12, fabriqu\u00e9e en TPU, avec des motifs marins vibrants qui capturent l&rsquo;essence de l&rsquo;oc\u00e9an. Son design attrayant pr\u00e9sente une collection de poissons color\u00e9s, de tortues et d&rsquo;hippocampes, sur un fond bleu \u00e9voquant la profondeur marine. Les \u00e9l\u00e9ments d\u00e9coratifs, avec un style de mosa\u00efque, ajoutent une touche artistique et moderne, en faisant l&rsquo;accessoire parfait pour les amoureux de la vie marine.<\/p>\n","protected":false},"featured_media":12224,"template":"","meta":{"_acf_changed":false},"product_brand":[],"product_cat":[674],"product_tag":[530],"class_list":{"0":"post-33278","1":"product","2":"type-product","3":"status-publish","4":"has-post-thumbnail","6":"product_cat-etuis-pour-telephones-portables","7":"product_tag-animaux","8":"pa_motivo-animaux-marins","10":"first","11":"instock","12":"shipping-taxable","13":"product-type-simple"},"acf":[],"_links":{"self":[{"href":"https:\/\/olemosaic.orbitalia.org\/fr\/wp-json\/wp\/v2\/product\/33278","targetHints":{"allow":["GET"]}}],"collection":[{"href":"https:\/\/olemosaic.orbitalia.org\/fr\/wp-json\/wp\/v2\/product"}],"about":[{"href":"https:\/\/olemosaic.orbitalia.org\/fr\/wp-json\/wp\/v2\/types\/product"}],"wp:featuredmedia":[{"embeddable":true,"href":"https:\/\/olemosaic.orbitalia.org\/fr\/wp-json\/wp\/v2\/media\/12224"}],"wp:attachment":[{"href":"https:\/\/olemosaic.orbitalia.org\/fr\/wp-json\/wp\/v2\/media?parent=33278"}],"wp:term":[{"taxonomy":"product_brand","embeddable":true,"href":"https:\/\/olemosaic.orbitalia.org\/fr\/wp-json\/wp\/v2\/product_brand?post=33278"},{"taxonomy":"product_cat","embeddable":true,"href":"https:\/\/olemosaic.orbitalia.org\/fr\/wp-json\/wp\/v2\/product_cat?post=33278"},{"taxonomy":"product_tag","embeddable":true,"href":"https:\/\/olemosaic.orbitalia.org\/fr\/wp-json\/wp\/v2\/product_tag?post=33278"}],"curies":[{"name":"wp","href":"https:\/\/api.w.org\/{rel}","templated":true}]}}