{"id":33277,"date":"2025-02-20T22:35:07","date_gmt":"2025-02-20T22:35:07","guid":{"rendered":"https:\/\/olemosaic.orbitalia.org\/producto\/funda-de-telefono-para-iphone-12-tpu-panoramica-barcelona-blanco\/"},"modified":"2025-07-25T20:16:01","modified_gmt":"2025-07-25T18:16:01","slug":"coque-de-telephone-pour-iphone-12-tpu-panoramique-barcelone-blanc","status":"publish","type":"product","link":"https:\/\/olemosaic.orbitalia.org\/fr\/produit\/coque-de-telephone-pour-iphone-12-tpu-panoramique-barcelone-blanc\/","title":{"rendered":"Coque de t\u00e9l\u00e9phone pour iPhone 12 (TPU). Panoramique. Barcelone. Blanc"},"content":{"rendered":"<p>Coque pour iPhone 12 avec une vue panoramique vibrante de Barcelone, fabriqu\u00e9e en TPU de haute qualit\u00e9 alliant r\u00e9sistance et flexibilit\u00e9. Ce design exclusif pr\u00e9sente une repr\u00e9sentation color\u00e9e de monuments embl\u00e9matiques qui soulignent la singularit\u00e9 de la ville, comme la majestueuse Sagrada Fam\u00edlia et l&rsquo;iconique Parc G\u00fcell, r\u00e9alis\u00e9s dans un style mosa\u00efque \u00e9voquant l&rsquo;art incomparable d&rsquo;Antoni Gaud\u00ed. Avec un fond blanc qui rehausse les couleurs vives, chaque d\u00e9tail ornemental est visible et captivant, offrant une fusion parfaite entre fonctionnalit\u00e9 et esth\u00e9tique. Le nom \u00ab\u00a0Barcelone\u00a0\u00bb appara\u00eet de mani\u00e8re pro\u00e9minente, apportant une touche personnalis\u00e9e et distinctive au design. Cet accessoire ne prot\u00e8ge pas seulement votre appareil contre les chocs et les rayures, mais devient \u00e9galement un symbole de la riche culture et du patrimoine de Barcelone. Repr\u00e9sentant une connexion authentique avec la ville, cette coque constitue un excellent souvenir pour les touristes cherchant \u00e0 emporter un morceau de l&rsquo;architecture et de l&rsquo;art locaux. Chez Ol\u00e9 Mosaic, en tant que grossistes d&rsquo;accessoires, nous garantissons que ce produit est une option fantastique pour les boutiques de souvenirs touristiques cherchant \u00e0 offrir \u00e0 leurs clients des articles de qualit\u00e9, attrayants et culturellement significatifs.<\/p>\n","protected":false},"excerpt":{"rendered":"<p>Coque pour iPhone 12 fabriqu\u00e9e en TPU, avec une vue panoramique vibrante de Barcelone. Ce design inclut des monuments embl\u00e9matiques comme la Sagrada Fam\u00edlia et le Parc G\u00fcell, pr\u00e9sent\u00e9s dans un style de mosa\u00efque color\u00e9e \u00e9voquant l&rsquo;art de Gaud\u00ed. Avec un fond blanc qui rehausse les couleurs vives, la coque ne prot\u00e8ge pas seulement votre appareil, elle est aussi une expression artistique de la riche culture barcelonaise. Le nom \u00ab\u00a0Barcelone\u00a0\u00bb appara\u00eet de mani\u00e8re pro\u00e9minente, ajoutant une touche personnelle.<\/p>\n","protected":false},"featured_media":12220,"template":"","meta":{"_acf_changed":false},"product_brand":[],"product_cat":[674],"product_tag":[],"class_list":{"0":"post-33277","1":"product","2":"type-product","3":"status-publish","4":"has-post-thumbnail","6":"product_cat-etuis-pour-telephones-portables","7":"pa_ciudad-barcelona","8":"pa_motivo-panoramas","9":"pa_pais-espana","11":"first","12":"instock","13":"shipping-taxable","14":"product-type-simple"},"acf":[],"_links":{"self":[{"href":"https:\/\/olemosaic.orbitalia.org\/fr\/wp-json\/wp\/v2\/product\/33277","targetHints":{"allow":["GET"]}}],"collection":[{"href":"https:\/\/olemosaic.orbitalia.org\/fr\/wp-json\/wp\/v2\/product"}],"about":[{"href":"https:\/\/olemosaic.orbitalia.org\/fr\/wp-json\/wp\/v2\/types\/product"}],"wp:featuredmedia":[{"embeddable":true,"href":"https:\/\/olemosaic.orbitalia.org\/fr\/wp-json\/wp\/v2\/media\/12220"}],"wp:attachment":[{"href":"https:\/\/olemosaic.orbitalia.org\/fr\/wp-json\/wp\/v2\/media?parent=33277"}],"wp:term":[{"taxonomy":"product_brand","embeddable":true,"href":"https:\/\/olemosaic.orbitalia.org\/fr\/wp-json\/wp\/v2\/product_brand?post=33277"},{"taxonomy":"product_cat","embeddable":true,"href":"https:\/\/olemosaic.orbitalia.org\/fr\/wp-json\/wp\/v2\/product_cat?post=33277"},{"taxonomy":"product_tag","embeddable":true,"href":"https:\/\/olemosaic.orbitalia.org\/fr\/wp-json\/wp\/v2\/product_tag?post=33277"}],"curies":[{"name":"wp","href":"https:\/\/api.w.org\/{rel}","templated":true}]}}