{"id":33271,"date":"2025-02-20T22:35:07","date_gmt":"2025-02-20T22:35:07","guid":{"rendered":"https:\/\/olemosaic.orbitalia.org\/producto\/funda-de-telefono-para-iphone-12-tpu-mariposa-barcelona-blanco\/"},"modified":"2025-07-25T18:37:33","modified_gmt":"2025-07-25T16:37:33","slug":"coque-de-telephone-pour-iphone-12-tpu-papillon-barcelone-blanc","status":"publish","type":"product","link":"https:\/\/olemosaic.orbitalia.org\/fr\/produit\/coque-de-telephone-pour-iphone-12-tpu-papillon-barcelone-blanc\/","title":{"rendered":"Coque de t\u00e9l\u00e9phone pour iPhone 12 (TPU). Papillon. Barcelone. Blanc"},"content":{"rendered":"<p>Coque pour iPhone 12 avec un design vibrant de papillons \u00e9voquant l&rsquo;essence de Barcelone. Cet accessoire \u00e9l\u00e9gant, fabriqu\u00e9 en TPU, un mat\u00e9riau tr\u00e8s r\u00e9sistant, prot\u00e8ge votre appareil des chutes et des rayures, devenant un alli\u00e9 indispensable au quotidien. Le design montre des papillons multicolores dispos\u00e9s avec harmonie, soulignant leur beaut\u00e9 et symbolisant la transformation et la libert\u00e9. Chaque papillon est m\u00e9ticuleusement illustr\u00e9 avec des d\u00e9tails en mosa\u00efque, inspir\u00e9s par l&rsquo;\u0153uvre embl\u00e9matique d&rsquo;Antoni Gaud\u00ed, apportant une touche de modernit\u00e9 et d&rsquo;art \u00e0 votre smartphone.<\/p>\n<p>Dans la partie inf\u00e9rieure de la coque, le mot \u00ab\u00a0Barcelona\u00a0\u00bb en lettres stylis\u00e9es ajoute un \u00e9l\u00e9ment d&rsquo;identit\u00e9 culturelle qui t\u00e9moigne de votre connexion avec cette ville vibrante. Le fond blanc du design rehausse la luminosit\u00e9 des papillons, cr\u00e9ant un contraste attrayant qui fera de votre iPhone 12 une pi\u00e8ce unique. Cet article n&rsquo;est pas seulement fonctionnel, il repr\u00e9sente \u00e9galement un souvenir exceptionnel pour les touristes souhaitant emporter avec eux un morceau de Barcelone, une ville connue pour sa riche histoire, son art et son offre culturelle incomparable.<\/p>\n<p>Chez Ol\u00e9 Mosaic, nous distribuons des produits authentiques et de qualit\u00e9, et cette coque aux papillons est une option parfaite pour les boutiques de cadeaux touristiques cherchant \u00e0 offrir des souvenirs m\u00e9morables et repr\u00e9sentatifs de l&rsquo;architecture et de l&rsquo;art catalan. Pensez \u00e0 ajouter cet accessoire passionnant \u00e0 votre collection de souvenirs de Barcelone, en garantissant \u00e0 vos clients de trouver une pi\u00e8ce alliant style et signification culturelle.<\/p>\n","protected":false},"excerpt":{"rendered":"<p>Coque de t\u00e9l\u00e9phone pour iPhone 12 en TPU avec un design vibrant de papillons \u00e9voquant l&rsquo;essence de Barcelone. Cet accessoire \u00e9l\u00e9gant pr\u00e9sente des papillons de diff\u00e9rentes couleurs, rehauss\u00e9s de d\u00e9tails en mosa\u00efque rappelant l&rsquo;\u0153uvre de Gaud\u00ed. En bas, le mot \u00ab\u00a0Barcelona\u00a0\u00bb appara\u00eet en lettres stylis\u00e9es, tandis que le fond blanc apporte de la luminosit\u00e9 \u00e0 l&rsquo;ensemble. Un article parfait pour prot\u00e9ger votre appareil et afficher votre amour pour cette ville embl\u00e9matique.<\/p>\n","protected":false},"featured_media":12218,"template":"","meta":{"_acf_changed":false},"product_brand":[],"product_cat":[674],"product_tag":[530],"class_list":{"0":"post-33271","1":"product","2":"type-product","3":"status-publish","4":"has-post-thumbnail","6":"product_cat-etuis-pour-telephones-portables","7":"product_tag-animaux","8":"pa_ciudad-barcelona","9":"pa_motivo-papillons","10":"pa_pais-espana","12":"first","13":"instock","14":"shipping-taxable","15":"product-type-simple"},"acf":[],"_links":{"self":[{"href":"https:\/\/olemosaic.orbitalia.org\/fr\/wp-json\/wp\/v2\/product\/33271","targetHints":{"allow":["GET"]}}],"collection":[{"href":"https:\/\/olemosaic.orbitalia.org\/fr\/wp-json\/wp\/v2\/product"}],"about":[{"href":"https:\/\/olemosaic.orbitalia.org\/fr\/wp-json\/wp\/v2\/types\/product"}],"wp:featuredmedia":[{"embeddable":true,"href":"https:\/\/olemosaic.orbitalia.org\/fr\/wp-json\/wp\/v2\/media\/12218"}],"wp:attachment":[{"href":"https:\/\/olemosaic.orbitalia.org\/fr\/wp-json\/wp\/v2\/media?parent=33271"}],"wp:term":[{"taxonomy":"product_brand","embeddable":true,"href":"https:\/\/olemosaic.orbitalia.org\/fr\/wp-json\/wp\/v2\/product_brand?post=33271"},{"taxonomy":"product_cat","embeddable":true,"href":"https:\/\/olemosaic.orbitalia.org\/fr\/wp-json\/wp\/v2\/product_cat?post=33271"},{"taxonomy":"product_tag","embeddable":true,"href":"https:\/\/olemosaic.orbitalia.org\/fr\/wp-json\/wp\/v2\/product_tag?post=33271"}],"curies":[{"name":"wp","href":"https:\/\/api.w.org\/{rel}","templated":true}]}}