{"id":33270,"date":"2025-02-20T22:35:07","date_gmt":"2025-02-20T22:35:07","guid":{"rendered":"https:\/\/olemosaic.orbitalia.org\/producto\/funda-de-telefono-para-iphone-12-tpu-salamandra-mallorca-blanco\/"},"modified":"2025-07-25T20:31:52","modified_gmt":"2025-07-25T18:31:52","slug":"coque-de-telephone-pour-iphone-12-tpu-salamandre-majorque-blanc","status":"publish","type":"product","link":"https:\/\/olemosaic.orbitalia.org\/fr\/produit\/coque-de-telephone-pour-iphone-12-tpu-salamandre-majorque-blanc\/","title":{"rendered":"Coque de t\u00e9l\u00e9phone pour iPhone 12 (TPU). Salamandre. Majorque. Blanc"},"content":{"rendered":"<p>Coque pour iPhone 12 avec un design vibrant qui rend hommage \u00e0 la faune de Majorque, id\u00e9ale pour ceux qui recherchent un souvenir unique de cette \u00eele magnifique. Fabriqu\u00e9e en TPU durable, cette coque offre une excellente protection pour votre appareil, alliant fonctionnalit\u00e9 et style en un seul produit. Le design attrayant pr\u00e9sente une repr\u00e9sentation color\u00e9e de salamandres qui semblent prendre vie sur un fond blanc, \u00e9voquant l&rsquo;essence de la mosa\u00efque, un art traditionnel tr\u00e8s caract\u00e9ristique de la r\u00e9gion. Les fleurs multicolores ajoutent une touche joyeuse et fra\u00eeche, cr\u00e9ant une atmosph\u00e8re vibrante qui capture la beaut\u00e9 naturelle de Majorque.<\/p>\n<p>Le nom \u00ab\u00a0Mallorca\u00a0\u00bb se d\u00e9tache en lettres color\u00e9es, soulignant la connexion culturelle de l&rsquo;accessoire avec l&rsquo;\u00eele, et en fait un excellent souvenir pour les touristes qui souhaitent emporter un petit morceau de cette terre. Ce produit n&rsquo;est pas seulement une coque de t\u00e9l\u00e9phone, mais aussi un symbole de la riche biodiversit\u00e9 et du patrimoine artistique majorquin, devenant un cadeau id\u00e9al pour ceux qui recherchent des souvenirs authentiques et repr\u00e9sentatifs de leur voyage. Chez Ol\u00e9 Mosaic, nous proposons cette coque et d&rsquo;autres souvenirs de Majorque en gros, garantissant aux commer\u00e7ants l&rsquo;acc\u00e8s \u00e0 des produits de qualit\u00e9 et de signification culturelle.<\/p>\n","protected":false},"excerpt":{"rendered":"<p>Coque pour iPhone 12 fabriqu\u00e9e en TPU, avec un design vibrant de salamandres aux couleurs \u00e9clatantes inspir\u00e9 de la faune de Majorque. La surface blanche pr\u00e9sente un fond de mosa\u00efque \u00e9voquant l&rsquo;art traditionnel espagnol, orn\u00e9 de fleurs multicolores qui apportent une touche joyeuse et attrayante. Le texte \u00ab\u00a0Mallorca\u00a0\u00bb se distingue dans des tons color\u00e9s, en faisant un accessoire fonctionnel et esth\u00e9tiquement charmant pour les amoureux de cette \u00eele pr\u00e9cieuse.<\/p>\n","protected":false},"featured_media":12908,"template":"","meta":{"_acf_changed":false},"product_brand":[],"product_cat":[674],"product_tag":[530],"class_list":{"0":"post-33270","1":"product","2":"type-product","3":"status-publish","4":"has-post-thumbnail","6":"product_cat-etuis-pour-telephones-portables","7":"product_tag-animaux","8":"pa_ciudad-mallorca","9":"pa_motivo-salamandres","10":"pa_pais-espana","12":"first","13":"instock","14":"shipping-taxable","15":"product-type-simple"},"acf":[],"_links":{"self":[{"href":"https:\/\/olemosaic.orbitalia.org\/fr\/wp-json\/wp\/v2\/product\/33270","targetHints":{"allow":["GET"]}}],"collection":[{"href":"https:\/\/olemosaic.orbitalia.org\/fr\/wp-json\/wp\/v2\/product"}],"about":[{"href":"https:\/\/olemosaic.orbitalia.org\/fr\/wp-json\/wp\/v2\/types\/product"}],"wp:featuredmedia":[{"embeddable":true,"href":"https:\/\/olemosaic.orbitalia.org\/fr\/wp-json\/wp\/v2\/media\/12908"}],"wp:attachment":[{"href":"https:\/\/olemosaic.orbitalia.org\/fr\/wp-json\/wp\/v2\/media?parent=33270"}],"wp:term":[{"taxonomy":"product_brand","embeddable":true,"href":"https:\/\/olemosaic.orbitalia.org\/fr\/wp-json\/wp\/v2\/product_brand?post=33270"},{"taxonomy":"product_cat","embeddable":true,"href":"https:\/\/olemosaic.orbitalia.org\/fr\/wp-json\/wp\/v2\/product_cat?post=33270"},{"taxonomy":"product_tag","embeddable":true,"href":"https:\/\/olemosaic.orbitalia.org\/fr\/wp-json\/wp\/v2\/product_tag?post=33270"}],"curies":[{"name":"wp","href":"https:\/\/api.w.org\/{rel}","templated":true}]}}