{"id":33267,"date":"2025-02-20T23:35:06","date_gmt":"2025-02-20T22:35:06","guid":{"rendered":"https:\/\/olemosaic.orbitalia.org\/producto\/funda-de-telefono-para-iphone-12-tpu-panoramica-barcelona-azul-2\/"},"modified":"2025-07-25T20:24:39","modified_gmt":"2025-07-25T18:24:39","slug":"coque-de-telephone-pour-iphone-12-tpu-panoramique-barcelone-bleu-2","status":"publish","type":"product","link":"https:\/\/olemosaic.orbitalia.org\/fr\/produit\/coque-de-telephone-pour-iphone-12-tpu-panoramique-barcelone-bleu-2\/","title":{"rendered":"Coque de t\u00e9l\u00e9phone pour iPhone 12 (TPU). Panoramique. Gaud\u00ed. Barcelone. Bleu"},"content":{"rendered":"<p>Coque pour iPhone 12 avec design panoramique de Barcelone, fabriqu\u00e9e en TPU r\u00e9sistant. Cette pi\u00e8ce vibrante pr\u00e9sente une illustration color\u00e9e qui met en valeur les ic\u00f4nes les plus embl\u00e9matiques de la ville, notamment la majestueuse Sagrada Familia et les b\u00e2timents modernistes caract\u00e9ristiques, le tout dispos\u00e9 sur un fond bleu clair \u00e9voquant les mosa\u00efques de Gaud\u00ed. L&rsquo;attention port\u00e9e aux d\u00e9tails se manifeste dans les tons chauds et joyeux qui donneront une touche dynamique \u00e0 votre appareil. Dans la partie inf\u00e9rieure de la coque, le texte \u00ab\u00a0Barcelona\u00a0\u00bb se distingue par un style artistique et attrayant, faisant de ce produit un excellent hommage \u00e0 la riche culture et \u00e0 l&rsquo;art de la Cit\u00e9 Comtale.<\/p>\n<p>Ce souvenir de Barcelone est plus qu&rsquo;un simple accessoire, c&rsquo;est une pi\u00e8ce qui capture l&rsquo;essence de l&rsquo;une des villes les plus visit\u00e9es d&rsquo;Europe, devenant un souvenir parfait pour ceux qui souhaitent emporter un petit morceau de cette m\u00e9tropole vibrante partout o\u00f9 ils vont. Chez Ol\u00e9 Mosaic, nous sommes distributeurs de souvenirs de haute qualit\u00e9, proposant des coques en gros qui allient fonctionnalit\u00e9 et esth\u00e9tique, id\u00e9ales pour les boutiques de cadeaux touristiques \u00e0 la recherche de produits uniques et repr\u00e9sentatifs de la culture espagnole. Cette coque pour iPhone 12 sera un ajout pr\u00e9cieux pour capter l&rsquo;attention des touristes souhaitant se souvenir de leur voyage \u00e0 Barcelone.<\/p>\n","protected":false},"excerpt":{"rendered":"<p>Coque pour iPhone 12 fabriqu\u00e9e en TPU avec une vue panoramique vibrante de Barcelone. Ce design color\u00e9 pr\u00e9sente des \u00e9l\u00e9ments embl\u00e9matiques de la ville, comme la Sagrada Familia et des b\u00e2timents modernistes, sur un fond bleu clair \u00e9voquant les mosa\u00efques de Gaud\u00ed. L&rsquo;illustration artistique comprend des d\u00e9tails frappants dans des tons chauds et le mot \u00ab\u00a0Barcelona\u00a0\u00bb \u00e9crit avec un style dynamique. Id\u00e9ale pour prot\u00e9ger votre appareil tout en affichant votre amour pour cette ville m\u00e9diterran\u00e9enne embl\u00e9matique.<\/p>\n","protected":false},"featured_media":12225,"template":"","meta":{"_acf_changed":false},"product_brand":[],"product_cat":[674],"product_tag":[],"class_list":{"0":"post-33267","1":"product","2":"type-product","3":"status-publish","4":"has-post-thumbnail","6":"product_cat-etuis-pour-telephones-portables","7":"pa_ciudad-barcelona","8":"pa_motivo-panoramas","9":"pa_pais-espana","11":"first","12":"instock","13":"shipping-taxable","14":"product-type-simple"},"acf":[],"_links":{"self":[{"href":"https:\/\/olemosaic.orbitalia.org\/fr\/wp-json\/wp\/v2\/product\/33267","targetHints":{"allow":["GET"]}}],"collection":[{"href":"https:\/\/olemosaic.orbitalia.org\/fr\/wp-json\/wp\/v2\/product"}],"about":[{"href":"https:\/\/olemosaic.orbitalia.org\/fr\/wp-json\/wp\/v2\/types\/product"}],"wp:featuredmedia":[{"embeddable":true,"href":"https:\/\/olemosaic.orbitalia.org\/fr\/wp-json\/wp\/v2\/media\/12225"}],"wp:attachment":[{"href":"https:\/\/olemosaic.orbitalia.org\/fr\/wp-json\/wp\/v2\/media?parent=33267"}],"wp:term":[{"taxonomy":"product_brand","embeddable":true,"href":"https:\/\/olemosaic.orbitalia.org\/fr\/wp-json\/wp\/v2\/product_brand?post=33267"},{"taxonomy":"product_cat","embeddable":true,"href":"https:\/\/olemosaic.orbitalia.org\/fr\/wp-json\/wp\/v2\/product_cat?post=33267"},{"taxonomy":"product_tag","embeddable":true,"href":"https:\/\/olemosaic.orbitalia.org\/fr\/wp-json\/wp\/v2\/product_tag?post=33267"}],"curies":[{"name":"wp","href":"https:\/\/api.w.org\/{rel}","templated":true}]}}