{"id":33246,"date":"2025-02-20T23:35:04","date_gmt":"2025-02-20T22:35:04","guid":{"rendered":"https:\/\/olemosaic.orbitalia.org\/producto\/funda-de-telefono-para-iphone-11-promax-tpu-motivos-marinos-azul-2\/"},"modified":"2025-07-25T20:18:08","modified_gmt":"2025-07-25T18:18:08","slug":"coque-de-telephone-pour-iphone-11-promax-tpu-motifs-marins-bleu-2","status":"publish","type":"product","link":"https:\/\/olemosaic.orbitalia.org\/fr\/produit\/coque-de-telephone-pour-iphone-11-promax-tpu-motifs-marins-bleu-2\/","title":{"rendered":"Coque de t\u00e9l\u00e9phone pour iPhone 11 Pro Max (TPU). Motifs marins. Style moderne. Bleu"},"content":{"rendered":"<p>Coque pour iPhone 11 Pro Max avec des motifs marins vibrants. Cette coque, fabriqu\u00e9e en TPU de haute qualit\u00e9, offre une protection \u00e9l\u00e9gante et durable pour votre appareil. Son design pr\u00e9sente un magnifique fond bleu profond qui \u00e9voque les profondeurs majestueuses de l&rsquo;oc\u00e9an, cr\u00e9ant un effet presque hypnotique. Orn\u00e9e d&rsquo;illustrations color\u00e9es de dauphins joueurs, de tortues marines et d&rsquo;hippocampes, la coque vous transporte dans un monde sous-marin plein de vie, entour\u00e9 de plantes marines exotiques.<\/p>\n<p>Les tons brillants et les d\u00e9tails complexes en forme de mosa\u00efque, caract\u00e9ristiques de l&rsquo;art traditionnel des r\u00e9gions c\u00f4ti\u00e8res, lui apportent une esth\u00e9tique joyeuse et amusante, parfaite pour ceux qui cherchent \u00e0 mettre en valeur leur appareil avec une touche estivale et fra\u00eeche. Dans cette pi\u00e8ce, l&rsquo;utilisation d&rsquo;un bleu vibrant se combine avec les couleurs vives de la faune marine, cr\u00e9ant une repr\u00e9sentation visuelle qui c\u00e9l\u00e8bre la beaut\u00e9 du littoral.<\/p>\n<p>Cet article n&rsquo;est pas seulement une protection solide pour votre iPhone 11 Pro Max, mais aussi un souvenir authentique qui connecte avec la culture maritime et le charme de l&rsquo;\u00e9t\u00e9. Id\u00e9ale pour les touristes \u00e0 la recherche de souvenirs uniques, cette coque se distingue comme une excellente option parmi les souvenirs technologiques d&rsquo;Ol\u00e9 Mosaic, servant de distributeur d&rsquo;accessoires originaux qui capturent l&rsquo;essence de la mer. Parfaite pour les magasins de cadeaux touristiques souhaitant proposer des produits de qualit\u00e9.<\/p>\n","protected":false},"excerpt":{"rendered":"<p>Coque de t\u00e9l\u00e9phone pour iPhone 11 Pro Max fabriqu\u00e9e en TPU avec des motifs marins vibrants. Ce design pr\u00e9sente un magnifique fond bleu qui \u00e9voque les profondeurs de l&rsquo;oc\u00e9an, orn\u00e9 d&rsquo;illustrations color\u00e9es de dauphins, de tortues et d&rsquo;hippocampes nageant parmi des plantes marines. Ses tons brillants et ses d\u00e9tails en forme de mosa\u00efque cr\u00e9ent une esth\u00e9tique joyeuse et amusante, parfaite pour ceux qui cherchent \u00e0 faire ressortir leur appareil avec une touche estivale et fra\u00eeche.<\/p>\n","protected":false},"featured_media":12203,"template":"","meta":{"_acf_changed":false},"product_brand":[],"product_cat":[674],"product_tag":[530],"class_list":{"0":"post-33246","1":"product","2":"type-product","3":"status-publish","4":"has-post-thumbnail","6":"product_cat-etuis-pour-telephones-portables","7":"product_tag-animaux","8":"pa_motivo-animaux-marins","10":"first","11":"instock","12":"shipping-taxable","13":"product-type-simple"},"acf":[],"_links":{"self":[{"href":"https:\/\/olemosaic.orbitalia.org\/fr\/wp-json\/wp\/v2\/product\/33246","targetHints":{"allow":["GET"]}}],"collection":[{"href":"https:\/\/olemosaic.orbitalia.org\/fr\/wp-json\/wp\/v2\/product"}],"about":[{"href":"https:\/\/olemosaic.orbitalia.org\/fr\/wp-json\/wp\/v2\/types\/product"}],"wp:featuredmedia":[{"embeddable":true,"href":"https:\/\/olemosaic.orbitalia.org\/fr\/wp-json\/wp\/v2\/media\/12203"}],"wp:attachment":[{"href":"https:\/\/olemosaic.orbitalia.org\/fr\/wp-json\/wp\/v2\/media?parent=33246"}],"wp:term":[{"taxonomy":"product_brand","embeddable":true,"href":"https:\/\/olemosaic.orbitalia.org\/fr\/wp-json\/wp\/v2\/product_brand?post=33246"},{"taxonomy":"product_cat","embeddable":true,"href":"https:\/\/olemosaic.orbitalia.org\/fr\/wp-json\/wp\/v2\/product_cat?post=33246"},{"taxonomy":"product_tag","embeddable":true,"href":"https:\/\/olemosaic.orbitalia.org\/fr\/wp-json\/wp\/v2\/product_tag?post=33246"}],"curies":[{"name":"wp","href":"https:\/\/api.w.org\/{rel}","templated":true}]}}