{"id":33205,"date":"2025-02-20T22:35:04","date_gmt":"2025-02-20T22:35:04","guid":{"rendered":"https:\/\/olemosaic.orbitalia.org\/producto\/funda-de-telefono-para-iphone-11-promax-tpu-gato-barcelona-negro\/"},"modified":"2025-07-25T19:07:38","modified_gmt":"2025-07-25T17:07:38","slug":"coque-de-telephone-pour-iphone-11-pro-max-tpu-chat-barcelone-noir","status":"publish","type":"product","link":"https:\/\/olemosaic.orbitalia.org\/fr\/produit\/coque-de-telephone-pour-iphone-11-pro-max-tpu-chat-barcelone-noir\/","title":{"rendered":"Coque de t\u00e9l\u00e9phone pour iPhone 11 Pro Max (TPU). Chat. Barcelone. Noir"},"content":{"rendered":"<p>Coque pour iPhone 11 Pro Max avec un design de chat en mosa\u00efque de Barcelone. Cette coque \u00e9l\u00e9gante est \u00e9labor\u00e9e en TPU, un mat\u00e9riau flexible et r\u00e9sistant qui offre une excellente protection \u00e0 votre appareil. L&rsquo;attention port\u00e9e aux d\u00e9tails est \u00e9vidente dans son design captivant, qui pr\u00e9sente un chat color\u00e9 inspir\u00e9 du c\u00e9l\u00e8bre style de mosa\u00efque de Gaud\u00ed, dans une explosion de bleus, verts, jaunes et rouges vibrants, repr\u00e9sentant la riche culture artistique de Barcelone. Sur le fond noir, le chat se dresse comme un chef-d&rsquo;\u0153uvre, entour\u00e9 de papillons brillants qui ajoutent une touche ludique et charmante. Juste en dessous du design, le mot \u00ab\u00a0Barcelona\u00a0\u00bb se d\u00e9tache avec une typographie \u00e9l\u00e9gante, apportant un gage d&rsquo;authenticit\u00e9 et d&rsquo;affinit\u00e9 envers la cit\u00e9 comtale. Cet accessoire est id\u00e9al non seulement pour les amoureux des f\u00e9lins, mais aussi pour ceux qui souhaitent emporter avec eux un morceau de l&rsquo;essence vibrante de Barcelone. Chez Ol\u00e9 Mosaic, nous proposons cette coque comme une merveilleuse option de souvenir, parfaite pour les magasins de cadeaux touristiques \u00e0 la recherche d&rsquo;articles combinant fonctionnalit\u00e9 et culture. Transformer un accessoire quotidien en un hymne \u00e0 Barcelone fait de cette coque un choix incontournable et authentique pour les visiteurs de la ville. Ce souvenir fait partie de notre s\u00e9lection de produits en gros, con\u00e7ue pour ceux qui recherchent qualit\u00e9 et style dans leurs offres.<\/p>\n","protected":false},"excerpt":{"rendered":"<p>Coque de t\u00e9l\u00e9phone pour iPhone 11 Pro Max fabriqu\u00e9e en TPU, d\u00e9cor\u00e9e d&rsquo;un design vibrant d&rsquo;un chat de style mosa\u00efque. Ce motif color\u00e9, combinant bleus, verts, jaunes et rouges, est entour\u00e9 de papillons aux tons brillants, \u00e9voquant l&rsquo;essence artistique de Barcelone. Sur un fond noir, le mot \u00ab\u00a0Barcelona\u00a0\u00bb se distingue avec une touche \u00e9l\u00e9gante, faisant de cette coque un accessoire fonctionnel et visuellement attrayant, id\u00e9al pour les amoureux de la ville et des f\u00e9lins.<\/p>\n","protected":false},"featured_media":12212,"template":"","meta":{"_acf_changed":false},"product_brand":[],"product_cat":[674],"product_tag":[530],"class_list":{"0":"post-33205","1":"product","2":"type-product","3":"status-publish","4":"has-post-thumbnail","6":"product_cat-etuis-pour-telephones-portables","7":"product_tag-animaux","8":"pa_ciudad-barcelona","9":"pa_motivo-chats","10":"pa_pais-espana","12":"first","13":"instock","14":"shipping-taxable","15":"product-type-simple"},"acf":[],"_links":{"self":[{"href":"https:\/\/olemosaic.orbitalia.org\/fr\/wp-json\/wp\/v2\/product\/33205","targetHints":{"allow":["GET"]}}],"collection":[{"href":"https:\/\/olemosaic.orbitalia.org\/fr\/wp-json\/wp\/v2\/product"}],"about":[{"href":"https:\/\/olemosaic.orbitalia.org\/fr\/wp-json\/wp\/v2\/types\/product"}],"wp:featuredmedia":[{"embeddable":true,"href":"https:\/\/olemosaic.orbitalia.org\/fr\/wp-json\/wp\/v2\/media\/12212"}],"wp:attachment":[{"href":"https:\/\/olemosaic.orbitalia.org\/fr\/wp-json\/wp\/v2\/media?parent=33205"}],"wp:term":[{"taxonomy":"product_brand","embeddable":true,"href":"https:\/\/olemosaic.orbitalia.org\/fr\/wp-json\/wp\/v2\/product_brand?post=33205"},{"taxonomy":"product_cat","embeddable":true,"href":"https:\/\/olemosaic.orbitalia.org\/fr\/wp-json\/wp\/v2\/product_cat?post=33205"},{"taxonomy":"product_tag","embeddable":true,"href":"https:\/\/olemosaic.orbitalia.org\/fr\/wp-json\/wp\/v2\/product_tag?post=33205"}],"curies":[{"name":"wp","href":"https:\/\/api.w.org\/{rel}","templated":true}]}}