{"id":33201,"date":"2025-02-20T22:35:03","date_gmt":"2025-02-20T22:35:03","guid":{"rendered":"https:\/\/olemosaic.orbitalia.org\/producto\/funda-de-telefono-para-iphone-11-pro-tpu-salamandra-negro\/"},"modified":"2025-07-25T20:05:27","modified_gmt":"2025-07-25T18:05:27","slug":"coque-de-telephone-pour-iphone-11-pro-tpu-salamandre-noir","status":"publish","type":"product","link":"https:\/\/olemosaic.orbitalia.org\/fr\/produit\/coque-de-telephone-pour-iphone-11-pro-tpu-salamandre-noir\/","title":{"rendered":"Coque de t\u00e9l\u00e9phone pour iPhone 11 Pro (TPU). Salamandre. Noir"},"content":{"rendered":"<p>Coque pour iPhone 11 Pro d\u00e9cor\u00e9e de salamandres<\/p>\n<p>Cette coque pour iPhone 11 Pro est une combinaison parfaite de fonctionnalit\u00e9 et d&rsquo;art, con\u00e7ue pour prot\u00e9ger et se d\u00e9marquer. Fabriqu\u00e9e en TPU noir, sa surface douce et flexible offre une protection sup\u00e9rieure contre les chocs et les rayures, garantissant que votre appareil reste dans des conditions optimales. Son design attrayant pr\u00e9sente des salamandres color\u00e9es dans des tons vibrants de rouge, bleu et vert, entour\u00e9es de d\u00e9licates fleurs bleues et rouges, \u00e9voquant la riche biodiversit\u00e9 et le folklore caract\u00e9ristique des r\u00e9gions m\u00e9diterran\u00e9ennes.<\/p>\n<p>Le design des salamandres, symboles de transformation et d&rsquo;adaptabilit\u00e9 dans diverses cultures, ajoute une touche distinctive qui connecte les utilisateurs \u00e0 la nature et \u00e0 l&rsquo;art populaire espagnol. Les fleurs stylis\u00e9es compl\u00e8tent la repr\u00e9sentation de la faune, cr\u00e9ant une image harmonieuse et pleine de vie, parfaite pour ceux qui recherchent un accessoire qui ne soit pas seulement pratique, mais aussi le reflet de la culture vibrante de la r\u00e9gion.<\/p>\n<p>Cette coque est un excellent souvenir pour les touristes qui souhaitent emporter un morceau de la beaut\u00e9 espagnole dans leur quotidien, ce qui en fait un choix id\u00e9al pour les boutiques et les magasins de cadeaux touristiques \u00e0 la recherche de produits authentiques et repr\u00e9sentatifs. Chez Ol\u00e9 Mosaic, nous nous sp\u00e9cialisons dans la distribution en gros d&rsquo;articles culturels, garantissant que chaque pi\u00e8ce, comme cette coque de t\u00e9l\u00e9phone d\u00e9cor\u00e9e, r\u00e9pond aux normes de qualit\u00e9 et de design les plus \u00e9lev\u00e9es.<\/p>\n","protected":false},"excerpt":{"rendered":"<p>Coque pour iPhone 11 Pro fabriqu\u00e9e en TPU noir, orn\u00e9e de salamandres et de fleurs color\u00e9es. Cet accessoire fusionne fonctionnalit\u00e9 et art, avec un design vibrant montrant des salamandres dans des tons rouges, bleus et verts, ainsi que des d\u00e9tails floraux en bleu et rouge. La texture douce du TPU offre une protection contre les chocs et les rayures, et son design color\u00e9 apporte une touche distinctive et joyeuse, id\u00e9ale pour ceux qui appr\u00e9cient la culture et le folklore.<\/p>\n","protected":false},"featured_media":12994,"template":"","meta":{"_acf_changed":false},"product_brand":[],"product_cat":[674],"product_tag":[530],"class_list":{"0":"post-33201","1":"product","2":"type-product","3":"status-publish","4":"has-post-thumbnail","6":"product_cat-etuis-pour-telephones-portables","7":"product_tag-animaux","8":"pa_motivo-salamandres","10":"first","11":"instock","12":"shipping-taxable","13":"product-type-simple"},"acf":[],"_links":{"self":[{"href":"https:\/\/olemosaic.orbitalia.org\/fr\/wp-json\/wp\/v2\/product\/33201","targetHints":{"allow":["GET"]}}],"collection":[{"href":"https:\/\/olemosaic.orbitalia.org\/fr\/wp-json\/wp\/v2\/product"}],"about":[{"href":"https:\/\/olemosaic.orbitalia.org\/fr\/wp-json\/wp\/v2\/types\/product"}],"wp:featuredmedia":[{"embeddable":true,"href":"https:\/\/olemosaic.orbitalia.org\/fr\/wp-json\/wp\/v2\/media\/12994"}],"wp:attachment":[{"href":"https:\/\/olemosaic.orbitalia.org\/fr\/wp-json\/wp\/v2\/media?parent=33201"}],"wp:term":[{"taxonomy":"product_brand","embeddable":true,"href":"https:\/\/olemosaic.orbitalia.org\/fr\/wp-json\/wp\/v2\/product_brand?post=33201"},{"taxonomy":"product_cat","embeddable":true,"href":"https:\/\/olemosaic.orbitalia.org\/fr\/wp-json\/wp\/v2\/product_cat?post=33201"},{"taxonomy":"product_tag","embeddable":true,"href":"https:\/\/olemosaic.orbitalia.org\/fr\/wp-json\/wp\/v2\/product_tag?post=33201"}],"curies":[{"name":"wp","href":"https:\/\/api.w.org\/{rel}","templated":true}]}}