{"id":33193,"date":"2025-02-20T22:35:03","date_gmt":"2025-02-20T22:35:03","guid":{"rendered":"https:\/\/olemosaic.orbitalia.org\/producto\/funda-de-telefono-para-iphone-11-pro-tpu-gato-barcelona-negro\/"},"modified":"2025-07-25T19:51:59","modified_gmt":"2025-07-25T17:51:59","slug":"coque-de-telephone-pour-iphone-11-pro-tpu-chat-barcelone-noir","status":"publish","type":"product","link":"https:\/\/olemosaic.orbitalia.org\/fr\/produit\/coque-de-telephone-pour-iphone-11-pro-tpu-chat-barcelone-noir\/","title":{"rendered":"Coque de t\u00e9l\u00e9phone pour iPhone 11 Pro (TPU). Chat. Barcelone. Noir"},"content":{"rendered":"<p>Coque pour iPhone 11 Pro avec un design vibrant d&rsquo;un chat stylis\u00e9 en mosa\u00efque qui capture l&rsquo;\u00e2me artistique de Barcelone. Fabriqu\u00e9e en mat\u00e9riau TPU, cette coque est r\u00e9sistante et l\u00e9g\u00e8re, offrant une protection efficace pour votre appareil. Le chat, repr\u00e9sent\u00e9 dans un format color\u00e9 et dynamique, se d\u00e9tache sur un \u00e9l\u00e9gant fond noir, avec des teintes brillantes de rouge, bleu, vert et jaune qui donnent vie \u00e0 sa silhouette. Autour de lui, des papillons en plein vol apportent une touche de joie, symbolisant la libert\u00e9 et le charme de la ville.<\/p>\n<p>\u00c0 la base de la coque, le mot \u00ab Barcelone \u00bb est pr\u00e9sent\u00e9 avec un effet manuscrit sophistiqu\u00e9, transformant cet accessoire en un souvenir unique et moderne qui c\u00e9l\u00e8bre la cr\u00e9ativit\u00e9 et l&rsquo;esprit culturel de la r\u00e9gion. Ce produit n&rsquo;est pas seulement un moyen pratique de prot\u00e9ger votre t\u00e9l\u00e9phone, mais aussi une excellente option de souvenir qui refl\u00e8te la vie urbaine vibrante de Barcelone et son h\u00e9ritage artistique.<\/p>\n<p>Chez Ol\u00e9 Mosaic, nous nous sp\u00e9cialisons dans la distribution de souvenirs authentiques, et cette coque de t\u00e9l\u00e9phone est un choix parfait pour les boutiques de cadeaux touristiques cherchant \u00e0 proposer des produits de qualit\u00e9 et de pertinence culturelle. En tant que grossistes d&rsquo;accessoires, nous garantissons un design innovant et authentique qui r\u00e9sonnera aupr\u00e8s des touristes cherchant \u00e0 emporter un morceau du charme de Barcelone.<\/p>\n","protected":false},"excerpt":{"rendered":"<p>Coque pour iPhone 11 Pro en TPU, d\u00e9cor\u00e9e d&rsquo;un design vibrant d&rsquo;un chat stylis\u00e9 et color\u00e9 en format mosa\u00efque, \u00e9voquant l&rsquo;esprit artistique de Barcelone. Sur un fond noir, le chat se distingue par ses tons brillants de rouge, bleu, vert et jaune, accompagn\u00e9 de papillons en plein vol qui ajoutent une touche de joie. Dans la partie inf\u00e9rieure, le mot \u00ab\u00a0Barcelone\u00a0\u00bb est imprim\u00e9 avec une \u00e9l\u00e9gante typographie manuscrite, en faisant un souvenir unique et moderne.<\/p>\n","protected":false},"featured_media":12172,"template":"","meta":{"_acf_changed":false},"product_brand":[],"product_cat":[674],"product_tag":[530],"class_list":{"0":"post-33193","1":"product","2":"type-product","3":"status-publish","4":"has-post-thumbnail","6":"product_cat-etuis-pour-telephones-portables","7":"product_tag-animaux","8":"pa_ciudad-barcelona","9":"pa_motivo-chats","10":"pa_pais-espana","12":"first","13":"instock","14":"shipping-taxable","15":"product-type-simple"},"acf":[],"_links":{"self":[{"href":"https:\/\/olemosaic.orbitalia.org\/fr\/wp-json\/wp\/v2\/product\/33193","targetHints":{"allow":["GET"]}}],"collection":[{"href":"https:\/\/olemosaic.orbitalia.org\/fr\/wp-json\/wp\/v2\/product"}],"about":[{"href":"https:\/\/olemosaic.orbitalia.org\/fr\/wp-json\/wp\/v2\/types\/product"}],"wp:featuredmedia":[{"embeddable":true,"href":"https:\/\/olemosaic.orbitalia.org\/fr\/wp-json\/wp\/v2\/media\/12172"}],"wp:attachment":[{"href":"https:\/\/olemosaic.orbitalia.org\/fr\/wp-json\/wp\/v2\/media?parent=33193"}],"wp:term":[{"taxonomy":"product_brand","embeddable":true,"href":"https:\/\/olemosaic.orbitalia.org\/fr\/wp-json\/wp\/v2\/product_brand?post=33193"},{"taxonomy":"product_cat","embeddable":true,"href":"https:\/\/olemosaic.orbitalia.org\/fr\/wp-json\/wp\/v2\/product_cat?post=33193"},{"taxonomy":"product_tag","embeddable":true,"href":"https:\/\/olemosaic.orbitalia.org\/fr\/wp-json\/wp\/v2\/product_tag?post=33193"}],"curies":[{"name":"wp","href":"https:\/\/api.w.org\/{rel}","templated":true}]}}