{"id":33185,"date":"2025-02-20T22:35:02","date_gmt":"2025-02-20T22:35:02","guid":{"rendered":"https:\/\/olemosaic.orbitalia.org\/producto\/funda-de-telefono-para-iphone-11-pro-tpu-mosaico-azul\/"},"modified":"2025-07-25T18:54:38","modified_gmt":"2025-07-25T16:54:38","slug":"coque-de-telephone-pour-iphone-11-pro-tpu-mosaique-bleu","status":"publish","type":"product","link":"https:\/\/olemosaic.orbitalia.org\/fr\/produit\/coque-de-telephone-pour-iphone-11-pro-tpu-mosaique-bleu\/","title":{"rendered":"Coque de t\u00e9l\u00e9phone pour iPhone 11 Pro (TPU). Mosa\u00efque. Bleu"},"content":{"rendered":"<p>Coque pour iPhone 11 Pro avec design de mosa\u00efque bleue<\/p>\n<p>Cette coque pour iPhone 11 Pro allie fonctionnalit\u00e9 et esth\u00e9tique, parfaite pour ceux qui souhaitent prot\u00e9ger leur appareil tout en c\u00e9l\u00e9brant le riche h\u00e9ritage culturel espagnol. Fabriqu\u00e9e en TPU, un mat\u00e9riau connu pour sa r\u00e9sistance et sa durabilit\u00e9, elle offre une protection efficace contre les chocs et les rayures. Son design \u00e9l\u00e9gant de mosa\u00efque dans les tons bleus pr\u00e9sente un motif attrayant de formes irr\u00e9guli\u00e8res en blanc, \u00e9voquant la beaut\u00e9 de l&rsquo;art et de l&rsquo;architecture traditionnels d&rsquo;Espagne, particuli\u00e8rement les c\u00e9l\u00e8bres mosa\u00efques de l&rsquo;Alhambra et les azulejos de S\u00e9ville.<\/p>\n<p>Le fond bleu profond apporte s\u00e9r\u00e9nit\u00e9 et style, transformant cette coque non seulement en un accessoire utile, mais aussi en un compl\u00e9ment d\u00e9coratif qui refl\u00e8te l&rsquo;essence du design espagnol. Id\u00e9al pour les touristes et les amateurs de culture, ce souvenir est un rappel de leurs exp\u00e9riences en terres ib\u00e9riques et un hommage \u00e0 la sophistication de la mosa\u00efque, qui symbolise la connexion entre l&rsquo;art et la vie quotidienne.<\/p>\n<p>Chez Ol\u00e9 Mosaic, en tant que grossiste d&rsquo;accessoires authentiques et repr\u00e9sentatifs, nous proposons cette coque de mosa\u00efque bleue pour iPhone 11 Pro comme une option exceptionnelle pour les boutiques de cadeaux touristiques \u00e0 la recherche de produits de qualit\u00e9. Cette coque se positionne comme un souvenir id\u00e9al, alliant utilit\u00e9 moderne et touche culturelle distinctive.<\/p>\n","protected":false},"excerpt":{"rendered":"<p>Coque pour iPhone 11 Pro fabriqu\u00e9e en TPU, avec un \u00e9l\u00e9gant design de mosa\u00efque dans les tons bleus. Elle se distingue par sa r\u00e9sistance et sa durabilit\u00e9, offrant une protection efficace pour votre appareil. Le motif de mosa\u00efque pr\u00e9sente des formes irr\u00e9guli\u00e8res en blanc sur un fond bleu fonc\u00e9, \u00e9voquant l&rsquo;inspiration de l&rsquo;art et de l&rsquo;architecture traditionnelle espagnole. Id\u00e9ale pour ceux qui recherchent un accessoire fonctionnel et esth\u00e9tiquement attrayant, tout en rendant hommage au riche h\u00e9ritage culturel.<\/p>\n","protected":false},"featured_media":12169,"template":"","meta":{"_acf_changed":false},"product_brand":[],"product_cat":[674],"product_tag":[],"class_list":{"0":"post-33185","1":"product","2":"type-product","3":"status-publish","4":"has-post-thumbnail","6":"product_cat-etuis-pour-telephones-portables","7":"pa_motivo-mosaique","9":"first","10":"instock","11":"shipping-taxable","12":"product-type-simple"},"acf":[],"_links":{"self":[{"href":"https:\/\/olemosaic.orbitalia.org\/fr\/wp-json\/wp\/v2\/product\/33185","targetHints":{"allow":["GET"]}}],"collection":[{"href":"https:\/\/olemosaic.orbitalia.org\/fr\/wp-json\/wp\/v2\/product"}],"about":[{"href":"https:\/\/olemosaic.orbitalia.org\/fr\/wp-json\/wp\/v2\/types\/product"}],"wp:featuredmedia":[{"embeddable":true,"href":"https:\/\/olemosaic.orbitalia.org\/fr\/wp-json\/wp\/v2\/media\/12169"}],"wp:attachment":[{"href":"https:\/\/olemosaic.orbitalia.org\/fr\/wp-json\/wp\/v2\/media?parent=33185"}],"wp:term":[{"taxonomy":"product_brand","embeddable":true,"href":"https:\/\/olemosaic.orbitalia.org\/fr\/wp-json\/wp\/v2\/product_brand?post=33185"},{"taxonomy":"product_cat","embeddable":true,"href":"https:\/\/olemosaic.orbitalia.org\/fr\/wp-json\/wp\/v2\/product_cat?post=33185"},{"taxonomy":"product_tag","embeddable":true,"href":"https:\/\/olemosaic.orbitalia.org\/fr\/wp-json\/wp\/v2\/product_tag?post=33185"}],"curies":[{"name":"wp","href":"https:\/\/api.w.org\/{rel}","templated":true}]}}