{"id":33184,"date":"2025-02-20T23:35:02","date_gmt":"2025-02-20T22:35:02","guid":{"rendered":"https:\/\/olemosaic.orbitalia.org\/producto\/funda-de-telefono-para-iphone-11-pro-tpu-abstracto-verde-2\/"},"modified":"2025-07-25T19:54:08","modified_gmt":"2025-07-25T17:54:08","slug":"coque-de-telephone-pour-iphone-11-pro-tpu-abstrait-vert-2","status":"publish","type":"product","link":"https:\/\/olemosaic.orbitalia.org\/fr\/produit\/coque-de-telephone-pour-iphone-11-pro-tpu-abstrait-vert-2\/","title":{"rendered":"Coque de t\u00e9l\u00e9phone pour iPhone 11 Pro (TPU). Abstrait. Style moderne. Vert"},"content":{"rendered":"<p>Coque de t\u00e9l\u00e9phone pour iPhone 11 Pro avec un design de mosa\u00efque abstraite. Fabriqu\u00e9e en TPU, un mat\u00e9riau r\u00e9sistant qui prot\u00e8ge efficacement votre appareil. Son motif vibrant et color\u00e9, combinant des tons verts, bleus, p\u00eache et cr\u00e8me, imite les formes g\u00e9om\u00e9triques complexes de la c\u00e9ramique traditionnelle, cr\u00e9ant une esth\u00e9tique moderne et attrayante. Le design abstrait, en plus d&rsquo;une touche artistique, rehausse la richesse et la diversit\u00e9 de l&rsquo;art de la mosa\u00efque, avec des racines profondes dans la culture m\u00e9diterran\u00e9enne, particuli\u00e8rement dans des endroits comme l&rsquo;Andalousie.<\/p>\n<p>L&rsquo;\u00e9laboration soign\u00e9e de cette coque se distingue par sa finition brillante et vibrante, en faisant un accessoire indispensable pour les amateurs de culture et d&rsquo;art. Ce souvenir est une repr\u00e9sentation authentique de la tradition artisanale espagnole, id\u00e9ale pour ceux qui cherchent \u00e0 emporter avec eux un morceau de la beaut\u00e9 culturelle de la r\u00e9gion. Les touristes trouveront dans cette coque en mosa\u00efque, en plus d&rsquo;une solution pratique, un souvenir qui \u00e9voque les rues color\u00e9es et l&rsquo;h\u00e9ritage artistique du sud de l&rsquo;Espagne.<\/p>\n<p>Chez Ol\u00e9 Mosaic, nous nous consacrons \u00e0 la distribution de souvenirs en gros, et cette coque de t\u00e9l\u00e9phone est une excellente option pour les boutiques de cadeaux touristiques cherchant \u00e0 offrir des produits uniques avec une signification culturelle. Avec cette coque en mosa\u00efque, vous revitalisez le concept de souvenir moderne qui allie fonctionnalit\u00e9 et art.<\/p>\n","protected":false},"excerpt":{"rendered":"<p>Coque pour iPhone 11 Pro en TPU, avec un design abstrait \u00e9voquant la beaut\u00e9 de la mosa\u00efque. Elle pr\u00e9sente un motif color\u00e9 dans des tons verts, bleus, p\u00eache et cr\u00e8me, imitant les formes g\u00e9om\u00e9triques de la c\u00e9ramique traditionnelle. Id\u00e9ale pour prot\u00e9ger votre appareil avec style, cette coque se distingue par sa finition vibrante et moderne, en faisant un accessoire attrayant et fonctionnel pour les amateurs d&rsquo;art et de culture.<\/p>\n","protected":false},"featured_media":12162,"template":"","meta":{"_acf_changed":false},"product_brand":[],"product_cat":[674],"product_tag":[],"class_list":{"0":"post-33184","1":"product","2":"type-product","3":"status-publish","4":"has-post-thumbnail","6":"product_cat-etuis-pour-telephones-portables","7":"pa_motivo-resume","9":"first","10":"instock","11":"shipping-taxable","12":"product-type-simple"},"acf":[],"_links":{"self":[{"href":"https:\/\/olemosaic.orbitalia.org\/fr\/wp-json\/wp\/v2\/product\/33184","targetHints":{"allow":["GET"]}}],"collection":[{"href":"https:\/\/olemosaic.orbitalia.org\/fr\/wp-json\/wp\/v2\/product"}],"about":[{"href":"https:\/\/olemosaic.orbitalia.org\/fr\/wp-json\/wp\/v2\/types\/product"}],"wp:featuredmedia":[{"embeddable":true,"href":"https:\/\/olemosaic.orbitalia.org\/fr\/wp-json\/wp\/v2\/media\/12162"}],"wp:attachment":[{"href":"https:\/\/olemosaic.orbitalia.org\/fr\/wp-json\/wp\/v2\/media?parent=33184"}],"wp:term":[{"taxonomy":"product_brand","embeddable":true,"href":"https:\/\/olemosaic.orbitalia.org\/fr\/wp-json\/wp\/v2\/product_brand?post=33184"},{"taxonomy":"product_cat","embeddable":true,"href":"https:\/\/olemosaic.orbitalia.org\/fr\/wp-json\/wp\/v2\/product_cat?post=33184"},{"taxonomy":"product_tag","embeddable":true,"href":"https:\/\/olemosaic.orbitalia.org\/fr\/wp-json\/wp\/v2\/product_tag?post=33184"}],"curies":[{"name":"wp","href":"https:\/\/api.w.org\/{rel}","templated":true}]}}