{"id":33180,"date":"2025-02-20T23:35:01","date_gmt":"2025-02-20T22:35:01","guid":{"rendered":"https:\/\/olemosaic.orbitalia.org\/producto\/funda-de-telefono-para-iphone-11-tpu-abstracto-azul-3\/"},"modified":"2025-07-25T18:45:57","modified_gmt":"2025-07-25T16:45:57","slug":"coque-de-telephone-pour-iphone-11-tpu-abstrait-majorque-bleu","status":"publish","type":"product","link":"https:\/\/olemosaic.orbitalia.org\/fr\/produit\/coque-de-telephone-pour-iphone-11-tpu-abstrait-majorque-bleu\/","title":{"rendered":"Coque de t\u00e9l\u00e9phone pour iPhone 11 (TPU). Abstrait. Majorque. Bleu"},"content":{"rendered":"<p>Coque pour iPhone 11 avec un design abstrait vibrant qui capture l&rsquo;essence de Majorque. Fabriqu\u00e9e en TPU de haute qualit\u00e9, cette coque ne prot\u00e8ge pas seulement efficacement votre appareil, mais devient \u00e9galement une expression de style personnel. Le motif d\u00e9coratif pr\u00e9sente une explosion de couleurs intenses dans des tons de bleu, rouge et jaune, cr\u00e9ant un effet visuel dynamique et artistique qui \u00e9voque les paysages naturels de l&rsquo;\u00eele. Le mot \u00ab\u00a0Mallorca\u00a0\u00bb se d\u00e9tache en grandes lettres, apportant une touche d&rsquo;\u00e9l\u00e9gance et de singularit\u00e9 au design.<\/p>\n<p>Chaque courbe et fluidit\u00e9 des formes sur la coque refl\u00e8te la culture vibrante et l&rsquo;ambiance joyeuse qui caract\u00e9risent Majorque, faisant de cet article un souvenir parfait pour ceux qui souhaitent emporter un morceau de l&rsquo;\u00eele avec eux. Ce souvenir ne prot\u00e8ge pas seulement le t\u00e9l\u00e9phone, mais souligne \u00e9galement le lien culturel avec Majorque, ce qui en fait un excellent cadeau pour les touristes \u00e0 la recherche de souvenirs repr\u00e9sentatifs de leur visite.<\/p>\n<p>Chez Ol\u00e9 Mosaic, nous sommes fiers de proposer des souvenirs authentiques et attrayants, id\u00e9aux pour les magasins de cadeaux touristiques. Cette coque pour iPhone 11 est une option exceptionnelle pour ceux qui recherchent des produits de qualit\u00e9 avec une touche artistique, garantissant que chaque client puisse profiter d&rsquo;un souvenir significatif de son exp\u00e9rience \u00e0 Majorque. En tant que grossistes de coques, nous assurons l&rsquo;authenticit\u00e9 et la pertinence culturelle de chaque pi\u00e8ce que nous distribuons.<\/p>\n","protected":false},"excerpt":{"rendered":"<p>Coque pour iPhone 11 fabriqu\u00e9e en TPU, avec un design abstrait et vibrant dans des tons de bleu, rouge et jaune. Cette coque au fini artistique combine des formes fluides et des couleurs intenses, \u00e9voquant l&rsquo;essence de Majorque. Le design inclut le mot \u00ab\u00a0Mallorca\u00a0\u00bb en lettres saillantes, apportant une touche \u00e9l\u00e9gante et distinctive. Id\u00e9ale pour ceux qui cherchent \u00e0 prot\u00e9ger leur appareil avec style et personnalit\u00e9.<\/p>\n","protected":false},"featured_media":13379,"template":"","meta":{"_acf_changed":false},"product_brand":[],"product_cat":[674],"product_tag":[],"class_list":{"0":"post-33180","1":"product","2":"type-product","3":"status-publish","4":"has-post-thumbnail","6":"product_cat-etuis-pour-telephones-portables","7":"pa_ciudad-mallorca","8":"pa_motivo-resume","9":"pa_pais-espana","11":"first","12":"instock","13":"shipping-taxable","14":"product-type-simple"},"acf":[],"_links":{"self":[{"href":"https:\/\/olemosaic.orbitalia.org\/fr\/wp-json\/wp\/v2\/product\/33180","targetHints":{"allow":["GET"]}}],"collection":[{"href":"https:\/\/olemosaic.orbitalia.org\/fr\/wp-json\/wp\/v2\/product"}],"about":[{"href":"https:\/\/olemosaic.orbitalia.org\/fr\/wp-json\/wp\/v2\/types\/product"}],"wp:featuredmedia":[{"embeddable":true,"href":"https:\/\/olemosaic.orbitalia.org\/fr\/wp-json\/wp\/v2\/media\/13379"}],"wp:attachment":[{"href":"https:\/\/olemosaic.orbitalia.org\/fr\/wp-json\/wp\/v2\/media?parent=33180"}],"wp:term":[{"taxonomy":"product_brand","embeddable":true,"href":"https:\/\/olemosaic.orbitalia.org\/fr\/wp-json\/wp\/v2\/product_brand?post=33180"},{"taxonomy":"product_cat","embeddable":true,"href":"https:\/\/olemosaic.orbitalia.org\/fr\/wp-json\/wp\/v2\/product_cat?post=33180"},{"taxonomy":"product_tag","embeddable":true,"href":"https:\/\/olemosaic.orbitalia.org\/fr\/wp-json\/wp\/v2\/product_tag?post=33180"}],"curies":[{"name":"wp","href":"https:\/\/api.w.org\/{rel}","templated":true}]}}