{"id":33175,"date":"2025-02-20T22:35:00","date_gmt":"2025-02-20T22:35:00","guid":{"rendered":"https:\/\/olemosaic.orbitalia.org\/producto\/funda-de-telefono-para-iphone-11-tpu-mosaico-azul\/"},"modified":"2025-07-25T20:41:45","modified_gmt":"2025-07-25T18:41:45","slug":"coque-de-telephone-pour-iphone-11-tpu-mosaique-bleu","status":"publish","type":"product","link":"https:\/\/olemosaic.orbitalia.org\/fr\/produit\/coque-de-telephone-pour-iphone-11-tpu-mosaique-bleu\/","title":{"rendered":"Coque de t\u00e9l\u00e9phone pour iPhone 11 (TPU). Mosa\u00efque. Bleu"},"content":{"rendered":"<p>Coque pour iPhone 11 avec design de mosa\u00efque bleue. Cette \u00e9l\u00e9gante coque, fabriqu\u00e9e en TPU, se distingue par son motif de mosa\u00efque distinctif qui \u00e9voque la riche tradition de la c\u00e9ramique andalouse, un art qui a perdur\u00e9 des si\u00e8cles et est un symbole du patrimoine culturel espagnol. Son design, qui combine des tons bleus avec un contraste blanc attrayant, capture l&rsquo;essence de l&rsquo;art d\u00e9coratif espagnol, id\u00e9al pour ceux qui appr\u00e9cient un style moderne avec une touche classique.<\/p>\n<p>La coque offre une protection efficace contre les impacts, gr\u00e2ce \u00e0 son mat\u00e9riau flexible et l\u00e9ger qui s&rsquo;adapte parfaitement \u00e0 l&rsquo;iPhone 11. En plus de sa fonctionnalit\u00e9, son esth\u00e9tique vibrante et unique en fait un accessoire de mode indispensable pour tout amateur de design. Chaque fois que l&rsquo;utilisateur prend son t\u00e9l\u00e9phone, il pourra appr\u00e9cier le motif complexe qui rappelle les azulejos typiques ornant les places et les monuments de villes comme S\u00e9ville et Grenade.<\/p>\n<p>Chez Ol\u00e9 Mosaic, nous nous sp\u00e9cialisons dans la distribution de produits authentiques et repr\u00e9sentatifs de la culture espagnole, et cette coque de t\u00e9l\u00e9phone est une excellente option pour les magasins de souvenirs touristiques \u00e0 la recherche de souvenirs de qualit\u00e9. Avec cette coque en mosa\u00efque, nous proposons non seulement un accessoire pratique, mais une pi\u00e8ce qui c\u00e9l\u00e8bre l&rsquo;h\u00e9ritage culturel espagnol, parfaite pour ceux qui recherchent des souvenirs capturant l&rsquo;essence de leur voyage.<\/p>\n","protected":false},"excerpt":{"rendered":"<p>Coque pour iPhone 11 en TPU, orn\u00e9e d&rsquo;un \u00e9l\u00e9gant design de mosa\u00efque dans des tons bleus. Cet article pr\u00e9sente un motif distinctif de carreaux complexes en contraste blanc, \u00e9voquant la riche tradition de la c\u00e9ramique andalouse. Son mat\u00e9riau flexible et l\u00e9ger garantit une protection efficace contre les impacts, tandis que son attrait visuel ajoute une touche de style moderne inspir\u00e9 de l&rsquo;art d\u00e9coratif espagnol, id\u00e9al pour les amateurs de design contemporain.<\/p>\n","protected":false},"featured_media":12148,"template":"","meta":{"_acf_changed":false},"product_brand":[],"product_cat":[674],"product_tag":[],"class_list":{"0":"post-33175","1":"product","2":"type-product","3":"status-publish","4":"has-post-thumbnail","6":"product_cat-etuis-pour-telephones-portables","7":"pa_motivo-mosaique","9":"first","10":"instock","11":"shipping-taxable","12":"product-type-simple"},"acf":[],"_links":{"self":[{"href":"https:\/\/olemosaic.orbitalia.org\/fr\/wp-json\/wp\/v2\/product\/33175","targetHints":{"allow":["GET"]}}],"collection":[{"href":"https:\/\/olemosaic.orbitalia.org\/fr\/wp-json\/wp\/v2\/product"}],"about":[{"href":"https:\/\/olemosaic.orbitalia.org\/fr\/wp-json\/wp\/v2\/types\/product"}],"wp:featuredmedia":[{"embeddable":true,"href":"https:\/\/olemosaic.orbitalia.org\/fr\/wp-json\/wp\/v2\/media\/12148"}],"wp:attachment":[{"href":"https:\/\/olemosaic.orbitalia.org\/fr\/wp-json\/wp\/v2\/media?parent=33175"}],"wp:term":[{"taxonomy":"product_brand","embeddable":true,"href":"https:\/\/olemosaic.orbitalia.org\/fr\/wp-json\/wp\/v2\/product_brand?post=33175"},{"taxonomy":"product_cat","embeddable":true,"href":"https:\/\/olemosaic.orbitalia.org\/fr\/wp-json\/wp\/v2\/product_cat?post=33175"},{"taxonomy":"product_tag","embeddable":true,"href":"https:\/\/olemosaic.orbitalia.org\/fr\/wp-json\/wp\/v2\/product_tag?post=33175"}],"curies":[{"name":"wp","href":"https:\/\/api.w.org\/{rel}","templated":true}]}}