{"id":33144,"date":"2025-02-20T22:34:59","date_gmt":"2025-02-20T22:34:59","guid":{"rendered":"https:\/\/olemosaic.orbitalia.org\/producto\/funda-de-telefono-para-xiaomi-rmnote-12-tpu-motivos-marinos-azul\/"},"modified":"2025-07-25T20:01:56","modified_gmt":"2025-07-25T18:01:56","slug":"coque-de-telephone-pour-xiaomi-rmnote-12-tpu-motifs-marins-bleu","status":"publish","type":"product","link":"https:\/\/olemosaic.orbitalia.org\/fr\/produit\/coque-de-telephone-pour-xiaomi-rmnote-12-tpu-motifs-marins-bleu\/","title":{"rendered":"Coque de t\u00e9l\u00e9phone pour Xiaomi RMNote 12 (TPU). Motifs marins. Bleu"},"content":{"rendered":"<p>Coque pour t\u00e9l\u00e9phone con\u00e7ue pour Xiaomi RMNote 12, fabriqu\u00e9e en TPU, avec des motifs marins vibrants. Cette coque ne prot\u00e8ge pas seulement votre appareil, elle le transforme en un v\u00e9ritable accessoire accrocheur. Avec un fond bleu profond \u00e9voquant la fra\u00eecheur de l&rsquo;oc\u00e9an, la coque pr\u00e9sente une mosa\u00efque color\u00e9e comprenant des dauphins, des tortues et des hippocampes, chacun repr\u00e9sent\u00e9 avec un style artistique moderne et attrayant. Les dauphins, symboles d&rsquo;intelligence et de joie, nagent joyeusement \u00e0 la surface, tandis que les tortues ajoutent une touche de s\u00e9r\u00e9nit\u00e9, symbolisant la long\u00e9vit\u00e9 et la sagesse. Le design inclut \u00e9galement des hippocampes amusants et des \u00e9l\u00e9ments naturels, cr\u00e9ant un paysage marin qui capture l&rsquo;essence vibrante de la vie sous-marine.<\/p>\n<p>Ce produit n&rsquo;est pas seulement pratique, il est aussi une repr\u00e9sentation culturelle de la beaut\u00e9 c\u00f4ti\u00e8re qui caract\u00e9rise de nombreuses r\u00e9gions d&rsquo;Espagne et du Portugal, o\u00f9 la vie marine fait partie int\u00e9grante du patrimoine local. Chez Ol\u00e9 Mosaic, nous nous sp\u00e9cialisons dans la distribution de souvenirs en gros, faisant de cette coque un excellent cadeau pour les boutiques d&rsquo;articles touristiques recherchant des produits repr\u00e9sentatifs et authentiques. Son design attrayant et son lien culturel en font une excellente id\u00e9e pour les touristes souhaitant emporter un fragment de l&rsquo;oc\u00e9an. En tant que grossistes d&rsquo;accessoires, nous garantissons la qualit\u00e9 et l&rsquo;authenticit\u00e9 de chaque produit, assurant que chaque coque ne prot\u00e8ge pas seulement, mais c\u00e9l\u00e8bre \u00e9galement la diversit\u00e9 marine.<\/p>\n","protected":false},"excerpt":{"rendered":"<p>Coque pour t\u00e9l\u00e9phone con\u00e7ue pour le Xiaomi Redmi Note 12, fabriqu\u00e9e en TPU, avec des motifs marins vibrants. La coque pr\u00e9sente un fond bleu fonc\u00e9 d\u00e9cor\u00e9 d&rsquo;une mosa\u00efque color\u00e9e comprenant des dauphins, des tortues et des hippocampes, tous repr\u00e9sent\u00e9s avec un style artistique moderne. Profitez de la fra\u00eecheur de l&rsquo;oc\u00e9an avec cette pi\u00e8ce unique qui non seulement prot\u00e8ge votre appareil, mais en fait \u00e9galement un accessoire remarquable.<\/p>\n","protected":false},"featured_media":12697,"template":"","meta":{"_acf_changed":false},"product_brand":[],"product_cat":[674],"product_tag":[530],"class_list":{"0":"post-33144","1":"product","2":"type-product","3":"status-publish","4":"has-post-thumbnail","6":"product_cat-etuis-pour-telephones-portables","7":"product_tag-animaux","8":"pa_motivo-animaux-marins","10":"first","11":"instock","12":"shipping-taxable","13":"product-type-simple"},"acf":[],"_links":{"self":[{"href":"https:\/\/olemosaic.orbitalia.org\/fr\/wp-json\/wp\/v2\/product\/33144","targetHints":{"allow":["GET"]}}],"collection":[{"href":"https:\/\/olemosaic.orbitalia.org\/fr\/wp-json\/wp\/v2\/product"}],"about":[{"href":"https:\/\/olemosaic.orbitalia.org\/fr\/wp-json\/wp\/v2\/types\/product"}],"wp:featuredmedia":[{"embeddable":true,"href":"https:\/\/olemosaic.orbitalia.org\/fr\/wp-json\/wp\/v2\/media\/12697"}],"wp:attachment":[{"href":"https:\/\/olemosaic.orbitalia.org\/fr\/wp-json\/wp\/v2\/media?parent=33144"}],"wp:term":[{"taxonomy":"product_brand","embeddable":true,"href":"https:\/\/olemosaic.orbitalia.org\/fr\/wp-json\/wp\/v2\/product_brand?post=33144"},{"taxonomy":"product_cat","embeddable":true,"href":"https:\/\/olemosaic.orbitalia.org\/fr\/wp-json\/wp\/v2\/product_cat?post=33144"},{"taxonomy":"product_tag","embeddable":true,"href":"https:\/\/olemosaic.orbitalia.org\/fr\/wp-json\/wp\/v2\/product_tag?post=33144"}],"curies":[{"name":"wp","href":"https:\/\/api.w.org\/{rel}","templated":true}]}}