{"id":33143,"date":"2025-02-20T22:34:59","date_gmt":"2025-02-20T22:34:59","guid":{"rendered":"https:\/\/olemosaic.orbitalia.org\/producto\/funda-de-telefono-para-iphone-11-pro-tpu-mosaico-barcelona-blanco\/"},"modified":"2025-07-25T19:28:02","modified_gmt":"2025-07-25T17:28:02","slug":"coque-de-telephone-pour-iphone-11-pro-tpu-mosaique-barcelone-blanc","status":"publish","type":"product","link":"https:\/\/olemosaic.orbitalia.org\/fr\/produit\/coque-de-telephone-pour-iphone-11-pro-tpu-mosaique-barcelone-blanc\/","title":{"rendered":"Coque de t\u00e9l\u00e9phone pour iPhone 11 Pro (TPU). Mosa\u00efque. Barcelone. Blanc"},"content":{"rendered":"<p>Coque d\u00e9corative pour iPhone 11 Pro inspir\u00e9e des mosa\u00efques vibrantes de Barcelone. Cette coque \u00e9l\u00e9gante, fabriqu\u00e9e en TPU \u2013 un mat\u00e9riau flexible et r\u00e9sistant \u2013, offre une protection optimale pour votre appareil sans renoncer au style. Elle pr\u00e9sente un design color\u00e9 \u00e9voquant la riche tradition de la c\u00e9ramique catalane, avec une combinaison harmonieuse de bleus, rouges, oranges et jaunes formant des motifs g\u00e9om\u00e9triques et floraux, \u00e9l\u00e9ments caract\u00e9ristiques de l&rsquo;architecture moderniste de la ville.<\/p>\n<p>Au centre, le nom \u00ab\u00a0Barcelona\u00a0\u00bb se d\u00e9tache avec \u00e9l\u00e9gance, ajoutant une touche distinctive au design et soulignant son lien culturel avec la r\u00e9gion. Chaque recoin de cette coque refl\u00e8te l&rsquo;esprit cr\u00e9atif et la diversit\u00e9 artistique de Barcelone, ce qui en fait un souvenir repr\u00e9sentatif et fonctionnel pour ceux qui souhaitent emporter un morceau de la ville avec eux.<\/p>\n<p>Cette coque est un choix id\u00e9al pour les touristes \u00e0 la recherche d&rsquo;un souvenir authentique et utile, et elle est \u00e9galement parfaite pour les boutiques de cadeaux touristiques souhaitant proposer des produits de qualit\u00e9 li\u00e9s \u00e0 la culture espagnole. Chez Ol\u00e9 Mosaic, nous nous sp\u00e9cialisons dans la distribution de souvenirs en gros, garantissant que nos clients trouvent une grande vari\u00e9t\u00e9 d&rsquo;articles capturant l&rsquo;essence de l&rsquo;Espagne. Ne manquez pas l&rsquo;occasion d&rsquo;acqu\u00e9rir cette coque de t\u00e9l\u00e9phone, un cadeau id\u00e9al alliant style et signification culturelle.<\/p>\n","protected":false},"excerpt":{"rendered":"<p>Coque pour iPhone 11 Pro fabriqu\u00e9e en TPU, d\u00e9cor\u00e9e d&rsquo;un design vibrant de mosa\u00efques \u00e9voquant la riche tradition c\u00e9ramique de Barcelone. Cet article pr\u00e9sente une combinaison color\u00e9e de bleus, rouges, oranges et jaunes, mettant en avant des motifs g\u00e9om\u00e9triques et floraux typiques de l&rsquo;architecture moderniste de la ville. Le nom \u00ab\u00a0Barcelona\u00a0\u00bb est imprim\u00e9 de mani\u00e8re \u00e9l\u00e9gante, ajoutant une touche distinctive et un attrait visuel qui souligne l&rsquo;essence culturelle de la r\u00e9gion.<\/p>\n","protected":false},"featured_media":12160,"template":"","meta":{"_acf_changed":false},"product_brand":[],"product_cat":[674],"product_tag":[],"class_list":{"0":"post-33143","1":"product","2":"type-product","3":"status-publish","4":"has-post-thumbnail","6":"product_cat-etuis-pour-telephones-portables","7":"pa_ciudad-barcelona","8":"pa_motivo-mosaique","9":"pa_pais-espana","11":"first","12":"instock","13":"shipping-taxable","14":"product-type-simple"},"acf":[],"_links":{"self":[{"href":"https:\/\/olemosaic.orbitalia.org\/fr\/wp-json\/wp\/v2\/product\/33143","targetHints":{"allow":["GET"]}}],"collection":[{"href":"https:\/\/olemosaic.orbitalia.org\/fr\/wp-json\/wp\/v2\/product"}],"about":[{"href":"https:\/\/olemosaic.orbitalia.org\/fr\/wp-json\/wp\/v2\/types\/product"}],"wp:featuredmedia":[{"embeddable":true,"href":"https:\/\/olemosaic.orbitalia.org\/fr\/wp-json\/wp\/v2\/media\/12160"}],"wp:attachment":[{"href":"https:\/\/olemosaic.orbitalia.org\/fr\/wp-json\/wp\/v2\/media?parent=33143"}],"wp:term":[{"taxonomy":"product_brand","embeddable":true,"href":"https:\/\/olemosaic.orbitalia.org\/fr\/wp-json\/wp\/v2\/product_brand?post=33143"},{"taxonomy":"product_cat","embeddable":true,"href":"https:\/\/olemosaic.orbitalia.org\/fr\/wp-json\/wp\/v2\/product_cat?post=33143"},{"taxonomy":"product_tag","embeddable":true,"href":"https:\/\/olemosaic.orbitalia.org\/fr\/wp-json\/wp\/v2\/product_tag?post=33143"}],"curies":[{"name":"wp","href":"https:\/\/api.w.org\/{rel}","templated":true}]}}