{"id":33141,"date":"2025-02-20T22:34:59","date_gmt":"2025-02-20T22:34:59","guid":{"rendered":"https:\/\/olemosaic.orbitalia.org\/producto\/funda-de-telefono-para-iphone-15-tpu-gato-mallorca-blanco\/"},"modified":"2025-07-25T18:54:21","modified_gmt":"2025-07-25T16:54:21","slug":"coque-de-telephone-pour-iphone-15-tpu-chat-majorque-blanc","status":"publish","type":"product","link":"https:\/\/olemosaic.orbitalia.org\/fr\/produit\/coque-de-telephone-pour-iphone-15-tpu-chat-majorque-blanc\/","title":{"rendered":"Coque de t\u00e9l\u00e9phone pour iPhone 15 (TPU). Chat. Majorque. Blanc"},"content":{"rendered":"<p>Coque de t\u00e9l\u00e9phone d\u00e9cor\u00e9e d&rsquo;un chat color\u00e9 de style mosa\u00efque, id\u00e9ale pour iPhone 15, capturant l&rsquo;essence vibrante de Majorque. Ce design exclusif, con\u00e7u en TPU, se distingue par son fond blanc qui rehausse les couleurs intenses du chat, reproduisant la beaut\u00e9 des c\u00e9l\u00e8bres mosa\u00efques de la r\u00e9gion, tandis que les papillons environnants ajoutent une touche de joie et de mouvement. L&rsquo;image du chat, repr\u00e9sent\u00e9e dans une large gamme de teintes, du rouge et jaune au bleu et vert, refl\u00e8te la cr\u00e9ativit\u00e9 artistique de l&rsquo;\u00eele, faisant de cette coque un v\u00e9ritable souvenir de Majorque.<\/p>\n<p>Ce produit offre non seulement une protection fiable pour votre appareil, mais assure \u00e9galement une connexion culturelle et visuelle avec la tradition artistique majorquine. La coque est parfaite pour les touristes souhaitant emporter avec eux un morceau de la culture de l&rsquo;\u00eele, soulignant son authenticit\u00e9 et sa pertinence en tant que souvenir repr\u00e9sentatif. Chez Ol\u00e9 Mosaic, nous nous sp\u00e9cialisons dans la distribution de souvenirs de qualit\u00e9 et cette coque de t\u00e9l\u00e9phone est une excellente option pour les boutiques de cadeaux touristiques cherchant \u00e0 int\u00e9grer des produits authentiques de Majorque dans leur catalogue. En tant que grossistes de coques et d&rsquo;accessoires, nous garantissons le design original et le savoir-faire de chaque pi\u00e8ce.<\/p>\n","protected":false},"excerpt":{"rendered":"<p>Coque pour iPhone 15 fabriqu\u00e9e en TPU, d\u00e9cor\u00e9e d&rsquo;un chat color\u00e9 de style mosa\u00efque. Ce design vibrant, inspir\u00e9 par la beaut\u00e9 de Majorque, inclut des papillons et se d\u00e9tache sur un fond blanc qui fait ressortir les couleurs intenses du chat. Cette coque prot\u00e8ge non seulement votre appareil, mais ajoute \u00e9galement une touche artistique et culturelle. Id\u00e9ale pour ceux qui souhaitent emporter un morceau de la cr\u00e9ativit\u00e9 majorquine au quotidien.<\/p>\n","protected":false},"featured_media":12974,"template":"","meta":{"_acf_changed":false},"product_brand":[],"product_cat":[674],"product_tag":[530],"class_list":{"0":"post-33141","1":"product","2":"type-product","3":"status-publish","4":"has-post-thumbnail","6":"product_cat-etuis-pour-telephones-portables","7":"product_tag-animaux","8":"pa_ciudad-mallorca","9":"pa_motivo-chats","10":"pa_pais-espana","12":"first","13":"instock","14":"shipping-taxable","15":"product-type-simple"},"acf":[],"_links":{"self":[{"href":"https:\/\/olemosaic.orbitalia.org\/fr\/wp-json\/wp\/v2\/product\/33141","targetHints":{"allow":["GET"]}}],"collection":[{"href":"https:\/\/olemosaic.orbitalia.org\/fr\/wp-json\/wp\/v2\/product"}],"about":[{"href":"https:\/\/olemosaic.orbitalia.org\/fr\/wp-json\/wp\/v2\/types\/product"}],"wp:featuredmedia":[{"embeddable":true,"href":"https:\/\/olemosaic.orbitalia.org\/fr\/wp-json\/wp\/v2\/media\/12974"}],"wp:attachment":[{"href":"https:\/\/olemosaic.orbitalia.org\/fr\/wp-json\/wp\/v2\/media?parent=33141"}],"wp:term":[{"taxonomy":"product_brand","embeddable":true,"href":"https:\/\/olemosaic.orbitalia.org\/fr\/wp-json\/wp\/v2\/product_brand?post=33141"},{"taxonomy":"product_cat","embeddable":true,"href":"https:\/\/olemosaic.orbitalia.org\/fr\/wp-json\/wp\/v2\/product_cat?post=33141"},{"taxonomy":"product_tag","embeddable":true,"href":"https:\/\/olemosaic.orbitalia.org\/fr\/wp-json\/wp\/v2\/product_tag?post=33141"}],"curies":[{"name":"wp","href":"https:\/\/api.w.org\/{rel}","templated":true}]}}