{"id":33125,"date":"2025-02-20T22:34:58","date_gmt":"2025-02-20T22:34:58","guid":{"rendered":"https:\/\/olemosaic.orbitalia.org\/producto\/funda-de-telefono-para-iphone-14-promax-tpu-salamandra-negro\/"},"modified":"2025-07-25T20:31:25","modified_gmt":"2025-07-25T18:31:25","slug":"coque-de-telephone-pour-iphone-14-pro-max-tpu-salamandre-noir","status":"publish","type":"product","link":"https:\/\/olemosaic.orbitalia.org\/fr\/produit\/coque-de-telephone-pour-iphone-14-pro-max-tpu-salamandre-noir\/","title":{"rendered":"Coque de t\u00e9l\u00e9phone pour iPhone 14 Pro Max (TPU). Salamandre. Noir"},"content":{"rendered":"<p>Coque pour t\u00e9l\u00e9phone d\u00e9cor\u00e9e de salamandres aux couleurs vibrantes, id\u00e9ale pour iPhone 14 Pro Max. Cette coque, fabriqu\u00e9e en TPU, se distingue par sa r\u00e9sistance et sa flexibilit\u00e9, offrant une protection efficace contre les chocs et les chutes. Le fond noir fait ressortir un splendide design avec des salamandres dans les tons bleus, verts, rouges et jaunes, chacune orn\u00e9e de motifs g\u00e9om\u00e9triques inspir\u00e9s de la c\u00e9ramique traditionnelle espagnole. Ces salamandres, symbole de renouveau et de r\u00e9sistance, sont associ\u00e9es \u00e0 des fleurs color\u00e9es qui \u00e9voquent le riche folklore de l&rsquo;Espagne, cr\u00e9ant une pi\u00e8ce artistique et fonctionnelle.<\/p>\n<p>Cet accessoire ne prot\u00e8ge pas seulement votre t\u00e9l\u00e9phone, il apporte \u00e9galement une touche culturelle et distinctive qui refl\u00e8te l&rsquo;authenticit\u00e9 de l&rsquo;art espagnol. La connexion avec la tradition locale en fait un souvenir exceptionnel pour les touristes qui recherchent plus qu&rsquo;une simple protection pour leur appareil : ils cherchent un morceau d&rsquo;Espagne pour leur quotidien. Chez Ol\u00e9 Mosaic, en tant que distributeurs de souvenirs de qualit\u00e9, nous proposons cette coque comme une option id\u00e9ale pour les magasins de cadeaux touristiques souhaitant pr\u00e9senter des produits fusionnant art et utilit\u00e9. Cette coque se positionne comme un souvenir parfait qui se distingue tant par son design que par sa signification culturelle, devenant une option d&rsquo;achat attrayante.<\/p>\n","protected":false},"excerpt":{"rendered":"<p>Coque pour iPhone 14 Pro Max fabriqu\u00e9e en TPU, d\u00e9cor\u00e9e de salamandres et de fleurs color\u00e9es. La base noire rehausse les tons vibrants de bleu, vert, rouge et jaune des motifs, inspir\u00e9s du folklore espagnol. Chaque salamandre pr\u00e9sente un motif g\u00e9om\u00e9trique \u00e9voquant la c\u00e9ramique traditionnelle, ajoutant une touche artistique et authentique. Id\u00e9al pour ceux qui cherchent \u00e0 prot\u00e9ger leur t\u00e9l\u00e9phone avec un accessoire unique et plein de culture.<\/p>\n","protected":false},"featured_media":13026,"template":"","meta":{"_acf_changed":false},"product_brand":[],"product_cat":[674],"product_tag":[530],"class_list":{"0":"post-33125","1":"product","2":"type-product","3":"status-publish","4":"has-post-thumbnail","6":"product_cat-etuis-pour-telephones-portables","7":"product_tag-animaux","8":"pa_motivo-salamandres","10":"first","11":"instock","12":"shipping-taxable","13":"product-type-simple"},"acf":[],"_links":{"self":[{"href":"https:\/\/olemosaic.orbitalia.org\/fr\/wp-json\/wp\/v2\/product\/33125","targetHints":{"allow":["GET"]}}],"collection":[{"href":"https:\/\/olemosaic.orbitalia.org\/fr\/wp-json\/wp\/v2\/product"}],"about":[{"href":"https:\/\/olemosaic.orbitalia.org\/fr\/wp-json\/wp\/v2\/types\/product"}],"wp:featuredmedia":[{"embeddable":true,"href":"https:\/\/olemosaic.orbitalia.org\/fr\/wp-json\/wp\/v2\/media\/13026"}],"wp:attachment":[{"href":"https:\/\/olemosaic.orbitalia.org\/fr\/wp-json\/wp\/v2\/media?parent=33125"}],"wp:term":[{"taxonomy":"product_brand","embeddable":true,"href":"https:\/\/olemosaic.orbitalia.org\/fr\/wp-json\/wp\/v2\/product_brand?post=33125"},{"taxonomy":"product_cat","embeddable":true,"href":"https:\/\/olemosaic.orbitalia.org\/fr\/wp-json\/wp\/v2\/product_cat?post=33125"},{"taxonomy":"product_tag","embeddable":true,"href":"https:\/\/olemosaic.orbitalia.org\/fr\/wp-json\/wp\/v2\/product_tag?post=33125"}],"curies":[{"name":"wp","href":"https:\/\/api.w.org\/{rel}","templated":true}]}}