{"id":33122,"date":"2025-02-20T22:34:58","date_gmt":"2025-02-20T22:34:58","guid":{"rendered":"https:\/\/olemosaic.orbitalia.org\/producto\/funda-de-telefono-para-xiaomi-11-tpu-abstracto-azul\/"},"modified":"2025-07-25T20:37:52","modified_gmt":"2025-07-25T18:37:52","slug":"coque-de-telephone-pour-xiaomi-11-tpu-abstrait-bleu","status":"publish","type":"product","link":"https:\/\/olemosaic.orbitalia.org\/fr\/produit\/coque-de-telephone-pour-xiaomi-11-tpu-abstrait-bleu\/","title":{"rendered":"Coque de t\u00e9l\u00e9phone pour Xiaomi 11 (TPU). Abstrait. Bleu"},"content":{"rendered":"<p>Coque en TPU pour Xiaomi 11 avec design abstrait dans les tons bleus<\/p>\n<p>D\u00e9couvrez notre coque en TPU pour Xiaomi 11, une option exceptionnelle qui allie style et protection. Ce design abstrait dans des tons bleus vibrants pr\u00e9sente un motif attrayant de losanges multicolores qui \u00e9voque une sensation de dynamisme et de modernit\u00e9. La transition du bleu profond au jaune, et du vert au rouge, cr\u00e9e un effet d\u00e9grad\u00e9 qui non seulement se d\u00e9marque visuellement, mais refl\u00e8te \u00e9galement l&rsquo;\u00e9nergie et la cr\u00e9ativit\u00e9, id\u00e9al pour ceux qui souhaitent personnaliser leur t\u00e9l\u00e9phone avec une touche artistique.<\/p>\n<p>Fabriqu\u00e9e en TPU, cette coque est flexible et r\u00e9sistante, parfaite pour offrir une excellente protection contre les chocs et les rayures. Son design ajust\u00e9 permet un acc\u00e8s facile et pratique \u00e0 tous les boutons et ports de l&rsquo;appareil, garantissant que votre Xiaomi 11 conserve toute sa fonctionnalit\u00e9. De plus, sa l\u00e9g\u00e8ret\u00e9 n&rsquo;ajoute pas de volume suppl\u00e9mentaire, permettant \u00e0 votre appareil de conserver son profil \u00e9l\u00e9gant.<\/p>\n<p>Ce souvenir contemporain est une excellente option pour les touristes \u00e0 la recherche d&rsquo;un souvenir de leur exp\u00e9rience, tout en souhaitant un accessoire pratique et attrayant. Avec Ol\u00e9 Mosaic comme distributeur de produits de qualit\u00e9 en gros, devenez le point de r\u00e9f\u00e9rence pour ceux qui recherchent des coques de t\u00e9l\u00e9phone uniques et \u00e0 valeur culturelle.<\/p>\n","protected":false},"excerpt":{"rendered":"<p>Coque en TPU pour Xiaomi 11 avec un design abstrait dans les tons bleus et un effet d\u00e9grad\u00e9 vibrant. La coque pr\u00e9sente un motif de losanges multicolores \u00e9voquant dynamisme et modernit\u00e9. Fabriqu\u00e9e dans un mat\u00e9riau flexible et r\u00e9sistant, elle offre une excellente protection contre les chocs et les rayures, garantissant que votre appareil conserve son style et sa fonctionnalit\u00e9. Id\u00e9al pour ceux qui cherchent \u00e0 personnaliser leur t\u00e9l\u00e9phone avec une touche artistique.<\/p>\n","protected":false},"featured_media":12644,"template":"","meta":{"_acf_changed":false},"product_brand":[],"product_cat":[674],"product_tag":[],"class_list":{"0":"post-33122","1":"product","2":"type-product","3":"status-publish","4":"has-post-thumbnail","6":"product_cat-etuis-pour-telephones-portables","7":"pa_motivo-resume","9":"first","10":"instock","11":"shipping-taxable","12":"product-type-simple"},"acf":[],"_links":{"self":[{"href":"https:\/\/olemosaic.orbitalia.org\/fr\/wp-json\/wp\/v2\/product\/33122","targetHints":{"allow":["GET"]}}],"collection":[{"href":"https:\/\/olemosaic.orbitalia.org\/fr\/wp-json\/wp\/v2\/product"}],"about":[{"href":"https:\/\/olemosaic.orbitalia.org\/fr\/wp-json\/wp\/v2\/types\/product"}],"wp:featuredmedia":[{"embeddable":true,"href":"https:\/\/olemosaic.orbitalia.org\/fr\/wp-json\/wp\/v2\/media\/12644"}],"wp:attachment":[{"href":"https:\/\/olemosaic.orbitalia.org\/fr\/wp-json\/wp\/v2\/media?parent=33122"}],"wp:term":[{"taxonomy":"product_brand","embeddable":true,"href":"https:\/\/olemosaic.orbitalia.org\/fr\/wp-json\/wp\/v2\/product_brand?post=33122"},{"taxonomy":"product_cat","embeddable":true,"href":"https:\/\/olemosaic.orbitalia.org\/fr\/wp-json\/wp\/v2\/product_cat?post=33122"},{"taxonomy":"product_tag","embeddable":true,"href":"https:\/\/olemosaic.orbitalia.org\/fr\/wp-json\/wp\/v2\/product_tag?post=33122"}],"curies":[{"name":"wp","href":"https:\/\/api.w.org\/{rel}","templated":true}]}}