{"id":33121,"date":"2025-02-20T22:34:58","date_gmt":"2025-02-20T22:34:58","guid":{"rendered":"https:\/\/olemosaic.orbitalia.org\/producto\/funda-de-telefono-para-samsung-a13-tpu-mariposa-barcelona-blanco\/"},"modified":"2025-07-25T20:16:27","modified_gmt":"2025-07-25T18:16:27","slug":"coque-de-telephone-pour-samsung-a13-tpu-papillon-barcelone-blanc","status":"publish","type":"product","link":"https:\/\/olemosaic.orbitalia.org\/fr\/produit\/coque-de-telephone-pour-samsung-a13-tpu-papillon-barcelone-blanc\/","title":{"rendered":"Coque de t\u00e9l\u00e9phone pour Samsung A13 (TPU). Papillon. Barcelone. Blanc"},"content":{"rendered":"<p>Coque en TPU pour Samsung A13 avec un design vibrant de papillons. Cette coque attrayante est d\u00e9cor\u00e9e d&rsquo;un motif color\u00e9 pr\u00e9sentant des papillons dans des tons intenses d&rsquo;orange, de bleu et de rose, apportant une sensation de fra\u00eecheur et de joie \u00e0 n&rsquo;importe quel appareil. La base blanche de la coque est orn\u00e9e d&rsquo;un motif de mosa\u00efque, une r\u00e9f\u00e9rence claire \u00e0 la c\u00e9l\u00e8bre c\u00e9ramique de Barcelone, qui souligne la riche tradition artistique de la ville. En bas, le texte \u00ab\u00a0Barcelona\u00a0\u00bb est pr\u00e9sent\u00e9 avec une typographie moderne, ajoutant une touche contemporaine au produit.<\/p>\n<p>Cette coque ne fournit pas seulement une excellente protection pour le Samsung A13, mais elle agit \u00e9galement comme un rappel de la splendeur culturelle de Barcelone, parfaite pour ceux qui cherchent \u00e0 capturer l&rsquo;essence de la ville tout en gardant leur appareil \u00e9l\u00e9gant. La combinaison d&rsquo;art et de fonctionnalit\u00e9 fait de cette coque de t\u00e9l\u00e9phone un souvenir repr\u00e9sentatif id\u00e9al pour les touristes qui souhaitent emporter avec eux une partie de leur exp\u00e9rience barcelonaise. Chez Ol\u00e9 Mosaic, nous proposons des souvenirs personnalis\u00e9s de haute qualit\u00e9 en gros, garantissant que chaque pi\u00e8ce soit authentique et culturellement pertinente. Cette coque de papillons est une excellente option pour les magasins de cadeaux touristiques \u00e0 la recherche d&rsquo;un produit unique et attrayant.<\/p>\n","protected":false},"excerpt":{"rendered":"<p>Coque en TPU pour Samsung A13, orn\u00e9e d&rsquo;un design vibrant de papillons aux couleurs intenses comme l&rsquo;orange, le bleu et le rose, qui apportent une touche de fra\u00eecheur et de joie. La base blanche pr\u00e9sente un motif de mosa\u00efque \u00e9voquant la c\u00e9l\u00e8bre c\u00e9ramique de Barcelone, tandis que le texte \u00ab\u00a0Barcelona\u00a0\u00bb ressort en bas, ajoutant un charme moderne. Ce produit combine protection et style, id\u00e9al pour les amoureux de la ville.<\/p>\n","protected":false},"featured_media":12505,"template":"","meta":{"_acf_changed":false},"product_brand":[],"product_cat":[674],"product_tag":[530],"class_list":{"0":"post-33121","1":"product","2":"type-product","3":"status-publish","4":"has-post-thumbnail","6":"product_cat-etuis-pour-telephones-portables","7":"product_tag-animaux","8":"pa_ciudad-barcelona","9":"pa_motivo-papillons","10":"pa_pais-espana","12":"first","13":"instock","14":"shipping-taxable","15":"product-type-simple"},"acf":[],"_links":{"self":[{"href":"https:\/\/olemosaic.orbitalia.org\/fr\/wp-json\/wp\/v2\/product\/33121","targetHints":{"allow":["GET"]}}],"collection":[{"href":"https:\/\/olemosaic.orbitalia.org\/fr\/wp-json\/wp\/v2\/product"}],"about":[{"href":"https:\/\/olemosaic.orbitalia.org\/fr\/wp-json\/wp\/v2\/types\/product"}],"wp:featuredmedia":[{"embeddable":true,"href":"https:\/\/olemosaic.orbitalia.org\/fr\/wp-json\/wp\/v2\/media\/12505"}],"wp:attachment":[{"href":"https:\/\/olemosaic.orbitalia.org\/fr\/wp-json\/wp\/v2\/media?parent=33121"}],"wp:term":[{"taxonomy":"product_brand","embeddable":true,"href":"https:\/\/olemosaic.orbitalia.org\/fr\/wp-json\/wp\/v2\/product_brand?post=33121"},{"taxonomy":"product_cat","embeddable":true,"href":"https:\/\/olemosaic.orbitalia.org\/fr\/wp-json\/wp\/v2\/product_cat?post=33121"},{"taxonomy":"product_tag","embeddable":true,"href":"https:\/\/olemosaic.orbitalia.org\/fr\/wp-json\/wp\/v2\/product_tag?post=33121"}],"curies":[{"name":"wp","href":"https:\/\/api.w.org\/{rel}","templated":true}]}}