{"id":33119,"date":"2025-02-20T23:34:57","date_gmt":"2025-02-20T22:34:57","guid":{"rendered":"https:\/\/olemosaic.orbitalia.org\/producto\/dragon-figura-de-resina-de-85-cm-pintada-a-mano\/"},"modified":"2025-07-25T20:18:58","modified_gmt":"2025-07-25T18:18:58","slug":"dragon-figurine-resine-8-5-cm-peinte-a-la-main","status":"publish","type":"product","link":"https:\/\/olemosaic.orbitalia.org\/fr\/produit\/dragon-figurine-resine-8-5-cm-peinte-a-la-main\/","title":{"rendered":"Dragon. Figurine en mosa\u00efque de 8,5 cm."},"content":{"rendered":"<p>Figurine de dragon vibrante en r\u00e9sine<\/p>\n<p>D\u00e9couvrez notre spectaculaire figurine de dragon, fabriqu\u00e9e en r\u00e9sine de haute qualit\u00e9 avec un effet peint \u00e0 la main. D&rsquo;une longueur de 8,5 cm, cette pi\u00e8ce charmante se distingue par son design unique et color\u00e9, incluant une explosion de tons bleus, oranges et verts. Chaque d\u00e9tail a \u00e9t\u00e9 soigneusement cr\u00e9\u00e9, donnant vie \u00e0 un dragon qui semble \u00eatre en mouvement, apportant une touche artistique et ludique \u00e0 n&rsquo;importe quel espace. Ce dragon symbolise la riche tradition folklorique de l&rsquo;Espagne, o\u00f9 les l\u00e9gendes et les mythes s&rsquo;entrem\u00ealent avec la culture.<\/p>\n<p>Son style vibrant et moderne en fait un souvenir attrayant, id\u00e9al aussi bien pour les collectionneurs que pour les amateurs d&rsquo;art. Cet objet d\u00e9coratif ne rehausse pas seulement l&rsquo;esth\u00e9tique de votre maison, mais raconte \u00e9galement une histoire culturelle, constituant un cadeau parfait pour ceux qui cherchent \u00e0 emporter un petit morceau de l&rsquo;essence espagnole. Chez Ol\u00e9 Mosaic, nous nous attachons \u00e0 proposer des souvenirs authentiques et de qualit\u00e9 dans le secteur de la vente en gros. Cette figurine de dragon est une excellente option pour les boutiques de cadeaux touristiques, car elle combine l&rsquo;artisanat traditionnel avec une esth\u00e9tique contemporaine qui ravira les touristes.<\/p>\n","protected":false},"excerpt":{"rendered":"<p>Figurine de dragon fabriqu\u00e9e en r\u00e9sine, avec un design vibrant et une longueur de 8,5 cm. Cette pi\u00e8ce, au design artisanal et peinte \u00e0 la main, pr\u00e9sente une mosa\u00efque de couleurs vives, incluant des tons bleus, oranges et verts, ce qui lui donne une touche artistique et ludique. Id\u00e9ale pour les collectionneurs et les amateurs d&rsquo;art, cette figurine symbolise le folklore et la culture de l&rsquo;Espagne, et constitue un souvenir attrayant ou une d\u00e9coration singuli\u00e8re pour tout espace.<\/p>\n","protected":false},"featured_media":6272,"template":"","meta":{"_acf_changed":false},"product_brand":[],"product_cat":[540],"product_tag":[],"class_list":{"0":"post-33119","1":"product","2":"type-product","3":"status-publish","4":"has-post-thumbnail","6":"product_cat-chiffres","7":"pa_motivo-dragon","9":"first","10":"instock","11":"shipping-taxable","12":"product-type-simple"},"acf":[],"_links":{"self":[{"href":"https:\/\/olemosaic.orbitalia.org\/fr\/wp-json\/wp\/v2\/product\/33119","targetHints":{"allow":["GET"]}}],"collection":[{"href":"https:\/\/olemosaic.orbitalia.org\/fr\/wp-json\/wp\/v2\/product"}],"about":[{"href":"https:\/\/olemosaic.orbitalia.org\/fr\/wp-json\/wp\/v2\/types\/product"}],"wp:featuredmedia":[{"embeddable":true,"href":"https:\/\/olemosaic.orbitalia.org\/fr\/wp-json\/wp\/v2\/media\/6272"}],"wp:attachment":[{"href":"https:\/\/olemosaic.orbitalia.org\/fr\/wp-json\/wp\/v2\/media?parent=33119"}],"wp:term":[{"taxonomy":"product_brand","embeddable":true,"href":"https:\/\/olemosaic.orbitalia.org\/fr\/wp-json\/wp\/v2\/product_brand?post=33119"},{"taxonomy":"product_cat","embeddable":true,"href":"https:\/\/olemosaic.orbitalia.org\/fr\/wp-json\/wp\/v2\/product_cat?post=33119"},{"taxonomy":"product_tag","embeddable":true,"href":"https:\/\/olemosaic.orbitalia.org\/fr\/wp-json\/wp\/v2\/product_tag?post=33119"}],"curies":[{"name":"wp","href":"https:\/\/api.w.org\/{rel}","templated":true}]}}