{"id":33118,"date":"2025-02-20T23:34:57","date_gmt":"2025-02-20T22:34:57","guid":{"rendered":"https:\/\/olemosaic.orbitalia.org\/producto\/toro-figura-de-resina-de-8-cm-pintada-a-mano-2\/"},"modified":"2025-07-25T18:59:10","modified_gmt":"2025-07-25T16:59:10","slug":"taureau-figurine-resine-8-cm-peinte-a-la-main-2","status":"publish","type":"product","link":"https:\/\/olemosaic.orbitalia.org\/fr\/produit\/taureau-figurine-resine-8-cm-peinte-a-la-main-2\/","title":{"rendered":"Taureau. Figurine en mosa\u00efque de 8 cm. Couleurs vari\u00e9es."},"content":{"rendered":"<p>Figurine d\u00e9corative d&rsquo;un taureau en r\u00e9sine effet peint \u00e0 la main. D&rsquo;une hauteur de 8 cm, cette figurine vibrante capture l&rsquo;essence de la tradition espagnole gr\u00e2ce \u00e0 son design color\u00e9 en mosa\u00efque, combinant des tons rouges, bleus, verts, jaunes et roses. Chaque d\u00e9tail de cette pi\u00e8ce est m\u00e9ticuleusement \u00e9labor\u00e9, mettant en valeur le corps robuste du taureau, symbole de force et de courage repr\u00e9sentant le folklore espagnol.<\/p>\n<p>La finition en mosa\u00efque lui conf\u00e8re non seulement un caract\u00e8re artistique unique, mais lui donne \u00e9galement un air festif et joyeux, faisant de cette figurine un excellent souvenir pour les touristes \u00e0 la recherche d&rsquo;un souvenir authentique de leur visite en Espagne. Cet ic\u00f4ne de la culture espagnole est devenu un objet d\u00e9coratif tr\u00e8s appr\u00e9ci\u00e9 dans de nombreux foyers et espaces, ajoutant une touche de couleur et d&rsquo;authenticit\u00e9.<\/p>\n<p>Chez Ol\u00e9 Mosaic, nous nous consacrons \u00e0 la distribution de souvenirs en gros et proposons cette figurine de taureau comme une option id\u00e9ale pour les boutiques de cadeaux touristiques. En choisissant ce souvenir, les acheteurs n&rsquo;acqui\u00e8rent pas seulement une pi\u00e8ce d\u00e9corative, mais aussi un symbole du riche h\u00e9ritage culturel espagnol. La figurine en r\u00e9sine du taureau est parfaite pour ceux qui souhaitent emporter un morceau d&rsquo;Espagne et profiter de sa pertinence culturelle au quotidien.<\/p>\n","protected":false},"excerpt":{"rendered":"<p>Figurine d&rsquo;un taureau, design artisanal, peinte \u00e0 la main, avec un design color\u00e9 et vibrant repr\u00e9sentant la tradition espagnole. D&rsquo;une hauteur de 8 cm, cette pi\u00e8ce d\u00e9corative se distingue par sa finition en mosa\u00efque, combinant des tons rouges, bleus, verts, jaunes et roses qui \u00e9voquent le folklore. Id\u00e9ale comme souvenir ou \u00e9l\u00e9ment d\u00e9coratif, elle refl\u00e8te la figure embl\u00e9matique du taureau dans la culture espagnole, apportant une touche artistique et culturelle \u00e0 tout espace.<\/p>\n","protected":false},"featured_media":8705,"template":"","meta":{"_acf_changed":false},"product_brand":[],"product_cat":[540],"product_tag":[530],"class_list":{"0":"post-33118","1":"product","2":"type-product","3":"status-publish","4":"has-post-thumbnail","6":"product_cat-chiffres","7":"product_tag-animaux","8":"pa_motivo-taureaux","10":"first","11":"instock","12":"shipping-taxable","13":"product-type-simple"},"acf":[],"_links":{"self":[{"href":"https:\/\/olemosaic.orbitalia.org\/fr\/wp-json\/wp\/v2\/product\/33118","targetHints":{"allow":["GET"]}}],"collection":[{"href":"https:\/\/olemosaic.orbitalia.org\/fr\/wp-json\/wp\/v2\/product"}],"about":[{"href":"https:\/\/olemosaic.orbitalia.org\/fr\/wp-json\/wp\/v2\/types\/product"}],"wp:featuredmedia":[{"embeddable":true,"href":"https:\/\/olemosaic.orbitalia.org\/fr\/wp-json\/wp\/v2\/media\/8705"}],"wp:attachment":[{"href":"https:\/\/olemosaic.orbitalia.org\/fr\/wp-json\/wp\/v2\/media?parent=33118"}],"wp:term":[{"taxonomy":"product_brand","embeddable":true,"href":"https:\/\/olemosaic.orbitalia.org\/fr\/wp-json\/wp\/v2\/product_brand?post=33118"},{"taxonomy":"product_cat","embeddable":true,"href":"https:\/\/olemosaic.orbitalia.org\/fr\/wp-json\/wp\/v2\/product_cat?post=33118"},{"taxonomy":"product_tag","embeddable":true,"href":"https:\/\/olemosaic.orbitalia.org\/fr\/wp-json\/wp\/v2\/product_tag?post=33118"}],"curies":[{"name":"wp","href":"https:\/\/api.w.org\/{rel}","templated":true}]}}