{"id":33117,"date":"2025-02-20T23:34:57","date_gmt":"2025-02-20T22:34:57","guid":{"rendered":"https:\/\/olemosaic.orbitalia.org\/producto\/toro-figura-de-resina-de-32-cm-pintada-a-mano-3\/"},"modified":"2025-07-25T19:31:36","modified_gmt":"2025-07-25T17:31:36","slug":"taureau-figurine-resine-32-cm-peinte-a-la-main-3","status":"publish","type":"product","link":"https:\/\/olemosaic.orbitalia.org\/fr\/produit\/taureau-figurine-resine-32-cm-peinte-a-la-main-3\/","title":{"rendered":"Taureau. Figurine en mosa\u00efque de 32 cm. Couleurs vari\u00e9es."},"content":{"rendered":"<p>Figurine de taureau en r\u00e9sine de 32 cm, effet peint \u00e0 la main avec un design color\u00e9 en mosa\u00efque qui capture l&rsquo;essence du folklore espagnol. Cette figurine impressionnante, au-del\u00e0 de sa valeur d\u00e9corative, symbolise la riche tradition taurine qui fait partie int\u00e9grante de la culture espagnole. Elle se distingue par sa palette de couleurs vibrantes, avec des tons intenses de rouge, bleu et jaune, m\u00e9ticuleusement combin\u00e9s pour rehausser les caract\u00e9ristiques distinctives du taureau, ic\u00f4ne de l&rsquo;esprit espagnol.<\/p>\n<p>La finition brillante et les d\u00e9tails expressifs du taureau offrent une repr\u00e9sentation authentique et frappante, parfaite pour tout espace, d&rsquo;une boutique de souvenirs \u00e0 un salon. Cette figurine est un excellent souvenir qui permet aux touristes d&#8217;emporter un morceau de la culture espagnole, rappelant l&rsquo;\u00e9motion et la tradition qui entourent les corridas et les festivit\u00e9s taurines.<\/p>\n<p>Chez Ol\u00e9 Mosaic, nous sommes sp\u00e9cialis\u00e9s dans la distribution de souvenirs en gros et cette figurine de taureau effet peint \u00e0 la main est un choix id\u00e9al pour les entreprises cherchant \u00e0 proposer des produits authentiques et repr\u00e9sentatifs de l&rsquo;Espagne. Nous conseillons les boutiques de cadeaux touristiques avec des articles alliant qualit\u00e9, artisanat et profondeur culturelle. En tant que grossistes de figurines en r\u00e9sine, nous garantissons l&rsquo;authenticit\u00e9 et la beaut\u00e9 de chaque pi\u00e8ce, en faisant un souvenir inoubliable.<\/p>\n","protected":false},"excerpt":{"rendered":"<p>Figurine de taureau en r\u00e9sine de 32 cm, design artisanal, peinte \u00e0 la main, capturant l&rsquo;essence du folklore espagnol. Ce design color\u00e9 en mosa\u00efque pr\u00e9sente une vari\u00e9t\u00e9 de tons vibrants, tels que le rouge, le bleu et le jaune, qui soulignent les caract\u00e9ristiques distinctives du taureau. La figurine, aux d\u00e9tails expressifs et \u00e0 la finition brillante, symbolise la tradition taurine et constitue un souvenir parfait pour \u00e9voquer la riche culture espagnole. Id\u00e9ale pour d\u00e9corer n&rsquo;importe quel espace.<\/p>\n","protected":false},"featured_media":11086,"template":"","meta":{"_acf_changed":false},"product_brand":[],"product_cat":[540],"product_tag":[530],"class_list":{"0":"post-33117","1":"product","2":"type-product","3":"status-publish","4":"has-post-thumbnail","6":"product_cat-chiffres","7":"product_tag-animaux","8":"pa_motivo-taureaux","10":"first","11":"instock","12":"shipping-taxable","13":"product-type-simple"},"acf":[],"_links":{"self":[{"href":"https:\/\/olemosaic.orbitalia.org\/fr\/wp-json\/wp\/v2\/product\/33117","targetHints":{"allow":["GET"]}}],"collection":[{"href":"https:\/\/olemosaic.orbitalia.org\/fr\/wp-json\/wp\/v2\/product"}],"about":[{"href":"https:\/\/olemosaic.orbitalia.org\/fr\/wp-json\/wp\/v2\/types\/product"}],"wp:featuredmedia":[{"embeddable":true,"href":"https:\/\/olemosaic.orbitalia.org\/fr\/wp-json\/wp\/v2\/media\/11086"}],"wp:attachment":[{"href":"https:\/\/olemosaic.orbitalia.org\/fr\/wp-json\/wp\/v2\/media?parent=33117"}],"wp:term":[{"taxonomy":"product_brand","embeddable":true,"href":"https:\/\/olemosaic.orbitalia.org\/fr\/wp-json\/wp\/v2\/product_brand?post=33117"},{"taxonomy":"product_cat","embeddable":true,"href":"https:\/\/olemosaic.orbitalia.org\/fr\/wp-json\/wp\/v2\/product_cat?post=33117"},{"taxonomy":"product_tag","embeddable":true,"href":"https:\/\/olemosaic.orbitalia.org\/fr\/wp-json\/wp\/v2\/product_tag?post=33117"}],"curies":[{"name":"wp","href":"https:\/\/api.w.org\/{rel}","templated":true}]}}