{"id":33109,"date":"2025-02-20T23:34:57","date_gmt":"2025-02-20T22:34:57","guid":{"rendered":"https:\/\/olemosaic.orbitalia.org\/producto\/bailaora-figura-de-resina-de-17-cm-negro-rojo-pintada-a-mano\/"},"modified":"2025-07-25T19:04:14","modified_gmt":"2025-07-25T17:04:14","slug":"danseuse-flamenco-figurine-resine-17-cm-noir-rouge-peinte-a-la-main","status":"publish","type":"product","link":"https:\/\/olemosaic.orbitalia.org\/fr\/produit\/danseuse-flamenco-figurine-resine-17-cm-noir-rouge-peinte-a-la-main\/","title":{"rendered":"Danseuse de flamenco. Figurine en mosa\u00efque de 17 cm. Noir \/ rouge."},"content":{"rendered":"<p>Figurine en r\u00e9sine d&rsquo;une danseuse de flamenco<\/p>\n<p>Cette charmante figurine en r\u00e9sine de 17 cm de hauteur capture l&rsquo;essence de l&rsquo;art flamenco avec son design vibrant et ses d\u00e9tails soign\u00e9s. Elle repr\u00e9sente une danseuse v\u00eatue d&rsquo;une \u00e9l\u00e9gante robe noire orn\u00e9e de pois rouges frappants. La pi\u00e8ce semble \u00eatre peinte \u00e0 la main, ce qui garantit sa singularit\u00e9 et son authenticit\u00e9. Le large volant au bas de la robe, ainsi que les d\u00e9tails des manches, apportent une sensation dynamique de mouvement, refl\u00e9tant la gr\u00e2ce et le rythme caract\u00e9ristiques du flamenco. La danseuse tient un \u00e9ventail d\u00e9coratif, qui accentue encore la sensation de mouvement et la passion, \u00e9voquant les performances vibrantes qui ornent les tablaos d&rsquo;Andalousie.<\/p>\n<p>Ce souvenir est un reflet parfait de la riche culture andalouse, car il symbolise l&rsquo;\u00e9l\u00e9gance et la tradition vibrante de la danse flamenco. Id\u00e9ale comme souvenir d&rsquo;un voyage en Espagne, cette figurine sert non seulement de bel objet d\u00e9coratif, mais aussi de t\u00e9moignage du patrimoine culturel qu&rsquo;elle repr\u00e9sente. Chez Ol\u00e9 Mosaic, nous proposons cette figurine dans le cadre de notre s\u00e9lection de produits en gros, id\u00e9ale pour les boutiques de cadeaux touristiques \u00e0 la recherche d&rsquo;articles authentiques et de qualit\u00e9. Il n&rsquo;y a pas de meilleure fa\u00e7on de ramener un petit morceau d&rsquo;Andalousie qu&rsquo;avec cette exquise figurine de danseuse de flamenco, une pi\u00e8ce qui, sans aucun doute, enchantera les visiteurs.<\/p>\n","protected":false},"excerpt":{"rendered":"<p>Figurine de 17 cm repr\u00e9sentant une danseuse de flamenco, design artisanal, peinte \u00e0 la main, avec une robe noire vibrante orn\u00e9e de pois rouges. Sa tenue \u00e9l\u00e9gante est compl\u00e9t\u00e9e par un large volant au bas et des d\u00e9tails sur les manches. La danseuse tient un \u00e9ventail d\u00e9coratif qui ajoute du mouvement \u00e0 la sc\u00e8ne, capturant l&rsquo;essence du flamenco. Id\u00e9al comme souvenir refl\u00e9tant la riche culture andalouse.<\/p>\n","protected":false},"featured_media":7848,"template":"","meta":{"_acf_changed":false},"product_brand":[],"product_cat":[540],"product_tag":[],"class_list":{"0":"post-33109","1":"product","2":"type-product","3":"status-publish","4":"has-post-thumbnail","6":"product_cat-chiffres","7":"pa_motivo-danseurs","9":"first","10":"instock","11":"shipping-taxable","12":"product-type-simple"},"acf":[],"_links":{"self":[{"href":"https:\/\/olemosaic.orbitalia.org\/fr\/wp-json\/wp\/v2\/product\/33109","targetHints":{"allow":["GET"]}}],"collection":[{"href":"https:\/\/olemosaic.orbitalia.org\/fr\/wp-json\/wp\/v2\/product"}],"about":[{"href":"https:\/\/olemosaic.orbitalia.org\/fr\/wp-json\/wp\/v2\/types\/product"}],"wp:featuredmedia":[{"embeddable":true,"href":"https:\/\/olemosaic.orbitalia.org\/fr\/wp-json\/wp\/v2\/media\/7848"}],"wp:attachment":[{"href":"https:\/\/olemosaic.orbitalia.org\/fr\/wp-json\/wp\/v2\/media?parent=33109"}],"wp:term":[{"taxonomy":"product_brand","embeddable":true,"href":"https:\/\/olemosaic.orbitalia.org\/fr\/wp-json\/wp\/v2\/product_brand?post=33109"},{"taxonomy":"product_cat","embeddable":true,"href":"https:\/\/olemosaic.orbitalia.org\/fr\/wp-json\/wp\/v2\/product_cat?post=33109"},{"taxonomy":"product_tag","embeddable":true,"href":"https:\/\/olemosaic.orbitalia.org\/fr\/wp-json\/wp\/v2\/product_tag?post=33109"}],"curies":[{"name":"wp","href":"https:\/\/api.w.org\/{rel}","templated":true}]}}