{"id":33106,"date":"2025-02-20T23:34:56","date_gmt":"2025-02-20T22:34:56","guid":{"rendered":"https:\/\/olemosaic.orbitalia.org\/producto\/cerdito-figura-de-resina-de-7-cm-pintada-a-mano\/"},"modified":"2025-07-25T19:20:03","modified_gmt":"2025-07-25T17:20:03","slug":"petit-cochon-figurine-resine-7-cm-peinte-a-la-main","status":"publish","type":"product","link":"https:\/\/olemosaic.orbitalia.org\/fr\/produit\/petit-cochon-figurine-resine-7-cm-peinte-a-la-main\/","title":{"rendered":"Petit cochon. Figurine en mosa\u00efque de 7 cm."},"content":{"rendered":"<p>Figurine de petit cochon en r\u00e9sine<\/p>\n<p>D\u00e9couvrez cette charmante figurine de petit cochon en r\u00e9sine, une pi\u00e8ce d&rsquo;art d\u00e9coratif qui capture l&rsquo;essence du folklore espagnol. D&rsquo;une hauteur de 7 cm, ce petit cochon adorable est peint \u00e0 la main avec un design multicolore vibrant combinant une vari\u00e9t\u00e9 de formes g\u00e9om\u00e9triques pleines de vie et de couleur. Chaque d\u00e9tail a \u00e9t\u00e9 soigneusement \u00e9labor\u00e9, soulignant l&rsquo;artisanat et l&rsquo;authenticit\u00e9 de ce magnifique souvenir. Les all\u00e9gories visuelles n&#8217;embellissent pas seulement sa surface, mais \u00e9voquent \u00e9galement la richesse culturelle de l&rsquo;Espagne, faisant de cette figurine un v\u00e9ritable symbole de joie et de tradition.<\/p>\n<p>Le petit cochon, animal embl\u00e9matique dans plusieurs cultures, repr\u00e9sente la prosp\u00e9rit\u00e9 et la bonne fortune, ce qui en fait un cadeau id\u00e9al pour les collectionneurs ou comme attention sp\u00e9ciale pour vos proches. Son design dynamique et moderniste apporte une touche joyeuse \u00e0 n&rsquo;importe quel espace, que ce soit \u00e0 la maison, au bureau ou dans le cadre d&rsquo;une collection de souvenirs. Chez Ol\u00e9 Mosaic, en tant que distributeurs de souvenirs en gros, nous proposons des produits qui refl\u00e8tent le riche h\u00e9ritage culturel de l&rsquo;Espagne. Ce petit cochon peint \u00e0 la main est une excellente option pour les boutiques de cadeaux touristiques \u00e0 la recherche d&rsquo;articles uniques et repr\u00e9sentatifs qui touchent le c\u0153ur des visiteurs.<\/p>\n","protected":false},"excerpt":{"rendered":"<p>Figurine de 7 cm en forme de petit cochon, design artisanal, peinte \u00e0 la main, avec un design multicolore vibrant. Ce charmant souvenir se distingue par ses motifs all\u00e9goriques, remplis de formes g\u00e9om\u00e9triques \u00e9voquant le folklore espagnol. Chaque d\u00e9tail est soigneusement \u00e9labor\u00e9, faisant de cette pi\u00e8ce un attrait d\u00e9coratif id\u00e9al pour apporter une touche joyeuse \u00e0 n&rsquo;importe quel espace. Parfait pour les collectionneurs ou comme cadeau, il capture l&rsquo;essence de la culture espagnole.<\/p>\n","protected":false},"featured_media":9451,"template":"","meta":{"_acf_changed":false},"product_brand":[],"product_cat":[540],"product_tag":[530],"class_list":{"0":"post-33106","1":"product","2":"type-product","3":"status-publish","4":"has-post-thumbnail","6":"product_cat-chiffres","7":"product_tag-animaux","8":"pa_motivo-petits-cochons","10":"first","11":"instock","12":"shipping-taxable","13":"product-type-simple"},"acf":[],"_links":{"self":[{"href":"https:\/\/olemosaic.orbitalia.org\/fr\/wp-json\/wp\/v2\/product\/33106","targetHints":{"allow":["GET"]}}],"collection":[{"href":"https:\/\/olemosaic.orbitalia.org\/fr\/wp-json\/wp\/v2\/product"}],"about":[{"href":"https:\/\/olemosaic.orbitalia.org\/fr\/wp-json\/wp\/v2\/types\/product"}],"wp:featuredmedia":[{"embeddable":true,"href":"https:\/\/olemosaic.orbitalia.org\/fr\/wp-json\/wp\/v2\/media\/9451"}],"wp:attachment":[{"href":"https:\/\/olemosaic.orbitalia.org\/fr\/wp-json\/wp\/v2\/media?parent=33106"}],"wp:term":[{"taxonomy":"product_brand","embeddable":true,"href":"https:\/\/olemosaic.orbitalia.org\/fr\/wp-json\/wp\/v2\/product_brand?post=33106"},{"taxonomy":"product_cat","embeddable":true,"href":"https:\/\/olemosaic.orbitalia.org\/fr\/wp-json\/wp\/v2\/product_cat?post=33106"},{"taxonomy":"product_tag","embeddable":true,"href":"https:\/\/olemosaic.orbitalia.org\/fr\/wp-json\/wp\/v2\/product_tag?post=33106"}],"curies":[{"name":"wp","href":"https:\/\/api.w.org\/{rel}","templated":true}]}}