{"id":33105,"date":"2025-02-20T23:34:56","date_gmt":"2025-02-20T22:34:56","guid":{"rendered":"https:\/\/olemosaic.orbitalia.org\/producto\/bulldog-figura-de-resina-de-11-cm-pintada-a-mano\/"},"modified":"2025-07-25T19:44:29","modified_gmt":"2025-07-25T17:44:29","slug":"bouledogue-figurine-resine-11-cm-peinte-main","status":"publish","type":"product","link":"https:\/\/olemosaic.orbitalia.org\/fr\/produit\/bouledogue-figurine-resine-11-cm-peinte-main\/","title":{"rendered":"Bouledogue. Figurine en mosa\u00efque de 11 cm."},"content":{"rendered":"<p>Figurine en r\u00e9sine de bouledogue fran\u00e7ais<\/p>\n<p>Cette figurine en r\u00e9sine d&rsquo;un bouledogue fran\u00e7ais est un souvenir charmant qui capture l&rsquo;essence de cet animal attachant, id\u00e9al pour les amoureux des chiens et de la culture espagnole. D&rsquo;une hauteur de 11 cm, cette pi\u00e8ce est m\u00e9ticuleusement peinte \u00e0 la main dans un style mosa\u00efque vibrant, utilisant une riche palette de couleurs allant du rouge intense au bleu profond, cr\u00e9ant un effet visuel v\u00e9ritablement captivant. Les tons brillants s&rsquo;entrelacent de mani\u00e8re harmonieuse, mettant en valeur les caract\u00e9ristiques adorables du bouledogue, comme ses oreilles dress\u00e9es et son visage expressif, ce qui en fait une excellente option d\u00e9corative qui apportera une touche joyeuse et color\u00e9e \u00e0 n&rsquo;importe quel espace.<\/p>\n<p>Le design d\u00e9taill\u00e9 refl\u00e8te la singularit\u00e9 du bouledogue fran\u00e7ais, symbole de tendresse et de camaraderie, et \u00e9tablit un lien culturel avec l&rsquo;Espagne, o\u00f9 ces chiens sont appr\u00e9ci\u00e9s pour leur caract\u00e8re amical et leur beaut\u00e9 distinctive. Ce souvenir n&rsquo;est pas seulement un objet d\u00e9coratif, mais aussi une repr\u00e9sentation authentique de la culture canine qui orne les foyers de nombreux Espagnols. Chez Ol\u00e9 Mosaic, nous proposons cette figurine de bouledogue dans le cadre de notre s\u00e9lection de souvenirs de qualit\u00e9, garantissant que chaque client trouve un souvenir repr\u00e9sentatif qui capture la magie de la culture locale et la chaleur de ses habitants. Parfait pour les boutiques de cadeaux touristiques \u00e0 la recherche d&rsquo;une option attrayante et significative pour leurs clients.<\/p>\n","protected":false},"excerpt":{"rendered":"<p>Figurine d&rsquo;un bouledogue de 11 cm, au design artisanal, peinte \u00e0 la main, avec des couleurs vives dans un style mosa\u00efque. Ce charmant souvenir se distingue par son design d\u00e9taill\u00e9, qui refl\u00e8te la beaut\u00e9 et la singularit\u00e9 du bouledogue fran\u00e7ais, avec une vari\u00e9t\u00e9 de tons brillants g\u00e9n\u00e9rant un effet visuel frappant. Parfaite pour les amoureux des chiens et de la culture espagnole, cette figurine est un excellent \u00e9l\u00e9ment d\u00e9coratif qui ajoute une touche joyeuse \u00e0 n&rsquo;importe quel espace.<\/p>\n","protected":false},"featured_media":11046,"template":"","meta":{"_acf_changed":false},"product_brand":[],"product_cat":[540],"product_tag":[],"class_list":{"0":"post-33105","1":"product","2":"type-product","3":"status-publish","4":"has-post-thumbnail","6":"product_cat-chiffres","7":"pa_motivo-bulldogs","9":"first","10":"instock","11":"shipping-taxable","12":"product-type-simple"},"acf":[],"_links":{"self":[{"href":"https:\/\/olemosaic.orbitalia.org\/fr\/wp-json\/wp\/v2\/product\/33105","targetHints":{"allow":["GET"]}}],"collection":[{"href":"https:\/\/olemosaic.orbitalia.org\/fr\/wp-json\/wp\/v2\/product"}],"about":[{"href":"https:\/\/olemosaic.orbitalia.org\/fr\/wp-json\/wp\/v2\/types\/product"}],"wp:featuredmedia":[{"embeddable":true,"href":"https:\/\/olemosaic.orbitalia.org\/fr\/wp-json\/wp\/v2\/media\/11046"}],"wp:attachment":[{"href":"https:\/\/olemosaic.orbitalia.org\/fr\/wp-json\/wp\/v2\/media?parent=33105"}],"wp:term":[{"taxonomy":"product_brand","embeddable":true,"href":"https:\/\/olemosaic.orbitalia.org\/fr\/wp-json\/wp\/v2\/product_brand?post=33105"},{"taxonomy":"product_cat","embeddable":true,"href":"https:\/\/olemosaic.orbitalia.org\/fr\/wp-json\/wp\/v2\/product_cat?post=33105"},{"taxonomy":"product_tag","embeddable":true,"href":"https:\/\/olemosaic.orbitalia.org\/fr\/wp-json\/wp\/v2\/product_tag?post=33105"}],"curies":[{"name":"wp","href":"https:\/\/api.w.org\/{rel}","templated":true}]}}