{"id":33104,"date":"2025-02-20T23:34:56","date_gmt":"2025-02-20T22:34:56","guid":{"rendered":"https:\/\/olemosaic.orbitalia.org\/producto\/bailaora-figura-de-resina-de-12-cm-pintada-a-mano\/"},"modified":"2025-07-25T19:29:35","modified_gmt":"2025-07-25T17:29:35","slug":"danseuse-flamenco-figurine-resine-12-cm-peinte-main","status":"publish","type":"product","link":"https:\/\/olemosaic.orbitalia.org\/fr\/produit\/danseuse-flamenco-figurine-resine-12-cm-peinte-main\/","title":{"rendered":"Danseuse de Flamenco. Figurine en mosa\u00efque de 12 cm."},"content":{"rendered":"<p>Figurine en r\u00e9sine de danseuse de flamenco. Ce charmant souvenir, de 12 cm de hauteur, capture l&rsquo;essence vibrante de la tradition flamenca espagnole. Chaque figurine est m\u00e9ticuleusement peinte \u00e0 la main avec un effet mosa\u00efque et repr\u00e9sente une danseuse v\u00eatue d&rsquo;une robe spectaculaire d\u00e9cor\u00e9e de mosa\u00efques color\u00e9es qui \u00e9voquent le riche h\u00e9ritage culturel de l&rsquo;Espagne. La robe, qui se d\u00e9ploie en une jupe ondulante, est rehauss\u00e9e de d\u00e9tails d\u00e9licats qui ajoutent une touche d&rsquo;\u00e9l\u00e9gance et de mouvement \u00e0 la pi\u00e8ce. La danseuse tient un \u00e9ventail dans une main, symbole du flamenco, tandis que sa coiffure sophistiqu\u00e9e et la fleur qui orne ses cheveux compl\u00e8tent l&rsquo;ensemble, refl\u00e9tant la ferveur du folklore espagnol.<\/p>\n<p>Ce produit n&rsquo;est pas seulement un \u00e9l\u00e9ment d\u00e9coratif attrayant, mais c&rsquo;est aussi un excellent souvenir d&rsquo;Espagne, id\u00e9al pour les touristes qui souhaitent emporter un petit morceau de la culture andalouse. Chez Ol\u00e9 Mosaic, nous proposons des figurines authentiques qui repr\u00e9sentent l&rsquo;art et la tradition espagnole, parfaites pour les boutiques de cadeaux touristiques \u00e0 la recherche d&rsquo;articles uniques et de qualit\u00e9. En acqu\u00e9rant cette figurine de danseuse de flamenco, les commer\u00e7ants garantissent \u00e0 leurs clients un souvenir exceptionnel qui honore l&rsquo;authenticit\u00e9 et la beaut\u00e9 de la culture espagnole, en faisant un ajout pr\u00e9cieux \u00e0 toute collection.<\/p>\n","protected":false},"excerpt":{"rendered":"<p>Figurine de 12 cm repr\u00e9sentant une danseuse de flamenco, au design artisanal, peinte \u00e0 la main, avec une robe vibrante d\u00e9cor\u00e9e de mosa\u00efques color\u00e9es. La danseuse tient un \u00e9ventail dans une main, tandis que sa coiffure \u00e9l\u00e9gante et la fleur qui l&rsquo;orne \u00e9voquent le folklore espagnol. Avec des d\u00e9tails sur la jupe ondulante et une finition brillante, cette figurine capture l&rsquo;essence de la tradition flamenca, parfaite comme souvenir d&rsquo;Espagne ou \u00e9l\u00e9ment d\u00e9coratif.<\/p>\n","protected":false},"featured_media":6124,"template":"","meta":{"_acf_changed":false},"product_brand":[],"product_cat":[540],"product_tag":[],"class_list":{"0":"post-33104","1":"product","2":"type-product","3":"status-publish","4":"has-post-thumbnail","6":"product_cat-chiffres","7":"pa_motivo-danseurs","9":"first","10":"instock","11":"shipping-taxable","12":"product-type-simple"},"acf":[],"_links":{"self":[{"href":"https:\/\/olemosaic.orbitalia.org\/fr\/wp-json\/wp\/v2\/product\/33104","targetHints":{"allow":["GET"]}}],"collection":[{"href":"https:\/\/olemosaic.orbitalia.org\/fr\/wp-json\/wp\/v2\/product"}],"about":[{"href":"https:\/\/olemosaic.orbitalia.org\/fr\/wp-json\/wp\/v2\/types\/product"}],"wp:featuredmedia":[{"embeddable":true,"href":"https:\/\/olemosaic.orbitalia.org\/fr\/wp-json\/wp\/v2\/media\/6124"}],"wp:attachment":[{"href":"https:\/\/olemosaic.orbitalia.org\/fr\/wp-json\/wp\/v2\/media?parent=33104"}],"wp:term":[{"taxonomy":"product_brand","embeddable":true,"href":"https:\/\/olemosaic.orbitalia.org\/fr\/wp-json\/wp\/v2\/product_brand?post=33104"},{"taxonomy":"product_cat","embeddable":true,"href":"https:\/\/olemosaic.orbitalia.org\/fr\/wp-json\/wp\/v2\/product_cat?post=33104"},{"taxonomy":"product_tag","embeddable":true,"href":"https:\/\/olemosaic.orbitalia.org\/fr\/wp-json\/wp\/v2\/product_tag?post=33104"}],"curies":[{"name":"wp","href":"https:\/\/api.w.org\/{rel}","templated":true}]}}